{"id":5312,"date":"2025-10-24T14:27:43","date_gmt":"2025-10-24T11:27:43","guid":{"rendered":"https:\/\/wristbandfactory.eu\/?post_type=product&#038;p=5312"},"modified":"2026-04-01T21:52:35","modified_gmt":"2026-04-01T18:52:35","slug":"eco-friendly-cardboard-lanyards-20mm","status":"publish","type":"product","link":"https:\/\/displayproducts.eu\/fr\/p\/eco-friendly-cardboard-lanyards-20mm\/","title":{"rendered":"Tours de cou en carton recycl\u00e9 (Papier)"},"content":{"rendered":"<p data-path-to-node=\"11\">Affirmez haut et fort les valeurs environnementales de votre organisation gr\u00e2ce \u00e0 notre <b>Lani\u00e8res en carton \u00e9cologiques<\/b>. Solution \u201c anti-plastique \u201d par excellence, ces cordons sont con\u00e7us pour les \u00e9v\u00e9nements z\u00e9ro d\u00e9chet, les conf\u00e9rences \u00e9cologiques et les marques qui souhaitent joindre le geste \u00e0 la parole en mati\u00e8re de d\u00e9veloppement durable.<\/p>\n<p data-path-to-node=\"12\">Fabriqu\u00e9 \u00e0 partir de <b>carton recycl\u00e9 r\u00e9sistant<\/b> Fabriqu\u00e9s en papier renforc\u00e9, ces cordons offrent une alternative durable au polyester et au nylon. Doux et l\u00e9gers au toucher, ils sont con\u00e7us pour r\u00e9sister \u00e0 l&#039;usure d&#039;un salon professionnel ou d&#039;un \u00e9v\u00e9nement d&#039;entreprise. Leur aspect kraft distinctif v\u00e9hicule imm\u00e9diatement un message de protection de l&#039;environnement aupr\u00e8s de tous les participants.<\/p>\n<p data-path-to-node=\"13\">Chaque cordon poss\u00e8de une largeur standard de 20 mm pour un ajustement confortable et est \u00e9quip\u00e9 d&#039;une qualit\u00e9 sup\u00e9rieure. <b>mousqueton pivotant en m\u00e9tal<\/b>. Cela garantit la durabilit\u00e9 et la fiabilit\u00e9 de votre syst\u00e8me de fixation. En choisissant ce produit \u201c\u00a0Nature Line\u00a0\u201d, vous \u00e9liminez totalement les plastiques \u00e0 usage unique de la cha\u00eene d&#039;approvisionnement de votre \u00e9v\u00e9nement.<\/p>\n<p data-path-to-node=\"14\"><b>Caract\u00e9ristiques principales :<\/b><\/p>\n<ul data-path-to-node=\"15\">\n<li>\n<p data-path-to-node=\"15,0,0\"><b>Mat\u00e9riel:<\/b> 100% Carton recycl\u00e9 r\u00e9sistant (\u00e0 base de papier).<\/p>\n<\/li>\n<li>\n<p data-path-to-node=\"15,1,0\"><b>Durabilit\u00e9:<\/b> Une alternative enti\u00e8rement sans plastique pour un marketing \u00e9co-responsable.<\/p>\n<\/li>\n<li>\n<p data-path-to-node=\"15,2,0\"><b>Durabilit\u00e9:<\/b> Con\u00e7u pour maintenir les badges d&#039;identification en toute s\u00e9curit\u00e9 pendant toute la dur\u00e9e des \u00e9v\u00e9nements standards.<\/p>\n<\/li>\n<li>\n<p data-path-to-node=\"15,3,0\"><b>Mat\u00e9riel:<\/b> Comprend un mousqueton pivotant en m\u00e9tal robuste pour une fixation facile.<\/p>\n<\/li>\n<li>\n<p data-path-to-node=\"15,4,0\"><b>Esth\u00e9tique:<\/b> Finition mate naturelle qui souligne son origine \u00e9cologique.<\/p>\n<\/li>\n<\/ul>","protected":false},"excerpt":{"rendered":"<ul>\n<li>\n<p data-path-to-node=\"9,0,0\"><b>Solution z\u00e9ro plastique :<\/b> Une lani\u00e8re enti\u00e8rement sans plastique, fabriqu\u00e9e \u00e0 partir d&#039;un mat\u00e9riau durable \u00e0 base de papier recycl\u00e9.<\/p>\n<\/li>\n<li>\n<p data-path-to-node=\"9,1,0\"><b>Ligne Nature :<\/b> Faisant partie de notre gamme \u00e9cologique exclusive, elle offre une esth\u00e9tique naturelle et distincte (aspect papier kraft).<\/p>\n<\/li>\n<li>\n<p data-path-to-node=\"9,2,0\"><b>\u00c9tonnamment durable :<\/b> Con\u00e7u pour \u00eatre suffisamment r\u00e9sistant pour les \u00e9v\u00e9nements, conf\u00e9rences et r\u00e9unions d&#039;une seule journ\u00e9e.<\/p>\n<\/li>\n<li>\n<p data-path-to-node=\"9,3,0\"><b>Coupe standard :<\/b> Sa largeur de 20 mm assure visibilit\u00e9 et confort, et il est \u00e9quip\u00e9 d&#039;un mousqueton pivotant en m\u00e9tal robuste.<\/p>\n<\/li>\n<\/ul>","protected":false},"featured_media":6697,"comment_status":"closed","ping_status":"closed","template":"","meta":[],"product_brand":[],"product_cat":[107,113],"product_tag":[],"class_list":{"0":"post-5312","1":"product","2":"type-product","3":"status-publish","4":"has-post-thumbnail","6":"product_cat-eco-friendly-lanyards","7":"product_cat-plain-lanyards","9":"first","10":"instock","11":"shipping-taxable","12":"purchasable","13":"product-type-simple"},"_links":{"self":[{"href":"https:\/\/displayproducts.eu\/fr\/wp-json\/wp\/v2\/product\/5312","targetHints":{"allow":["GET"]}}],"collection":[{"href":"https:\/\/displayproducts.eu\/fr\/wp-json\/wp\/v2\/product"}],"about":[{"href":"https:\/\/displayproducts.eu\/fr\/wp-json\/wp\/v2\/types\/product"}],"replies":[{"embeddable":true,"href":"https:\/\/displayproducts.eu\/fr\/wp-json\/wp\/v2\/comments?post=5312"}],"wp:featuredmedia":[{"embeddable":true,"href":"https:\/\/displayproducts.eu\/fr\/wp-json\/wp\/v2\/media\/6697"}],"wp:attachment":[{"href":"https:\/\/displayproducts.eu\/fr\/wp-json\/wp\/v2\/media?parent=5312"}],"wp:term":[{"taxonomy":"product_brand","embeddable":true,"href":"https:\/\/displayproducts.eu\/fr\/wp-json\/wp\/v2\/product_brand?post=5312"},{"taxonomy":"product_cat","embeddable":true,"href":"https:\/\/displayproducts.eu\/fr\/wp-json\/wp\/v2\/product_cat?post=5312"},{"taxonomy":"product_tag","embeddable":true,"href":"https:\/\/displayproducts.eu\/fr\/wp-json\/wp\/v2\/product_tag?post=5312"}],"curies":[{"name":"wp","href":"https:\/\/api.w.org\/{rel}","templated":true}]}}