{"id":5307,"date":"2025-10-24T14:13:39","date_gmt":"2025-10-24T11:13:39","guid":{"rendered":"https:\/\/wristbandfactory.eu\/?post_type=product&#038;p=5307"},"modified":"2026-04-01T21:52:35","modified_gmt":"2026-04-01T18:52:35","slug":"plantable-seed-paper-id-badges","status":"publish","type":"product","link":"https:\/\/displayproducts.eu\/fr\/p\/plantable-seed-paper-id-badges\/","title":{"rendered":"Badges d&#039;identification en papier ensemenc\u00e9 \u00e0 planter"},"content":{"rendered":"<p>L&#039;identification standard d&#039;un \u00e9v\u00e9nement contribue souvent directement \u00e0 la mise en d\u00e9charge de d\u00e9chets. Nos badges d&#039;identification en papier ensemenc\u00e9 transforment ce probl\u00e8me en un message marketing puissant et durable. Cet identifiant \u00e9cologique est non seulement utile lors de votre \u00e9v\u00e9nement, mais constitue \u00e9galement un souvenir m\u00e9morable et z\u00e9ro d\u00e9chet.<\/p>\n<p>Fabriqu\u00e9 en carton recycl\u00e9, chaque badge est accompagn\u00e9 d&#039;une carte sp\u00e9ciale incrust\u00e9e de graines de fleurs sauvages. Apr\u00e8s la conf\u00e9rence ou le salon, les participants pourront planter le badge entier et le transformer en un assortiment de fleurs sauvages. Cet \u00e9l\u00e9ment unique renforce l&#039;engagement de votre marque en faveur du d\u00e9veloppement durable bien apr\u00e8s la fin de l&#039;\u00e9v\u00e9nement.<\/p>\n<p>Chaque badge comprend des instructions de plantation claires et arbore le logo \u201c\u00a0Fabriqu\u00e9 en Europe\u00a0\u201d, gage de qualit\u00e9 et d&#039;une empreinte carbone r\u00e9duite. Il est id\u00e9al pour les \u00e9v\u00e9nements d&#039;entreprise \u00e9co-responsables, les salons professionnels et toute organisation souhaitant s&#039;engager concr\u00e8tement en faveur de l&#039;environnement.<\/p>\n<p><b>Caract\u00e9ristiques principales :<\/b><\/p>\n<ul>\n<li><b>Mat\u00e9riau \u00e9cologique :<\/b> Le support principal est fabriqu\u00e9 \u00e0 partir de carton recycl\u00e9.<\/li>\n<li><b>Papier ensemenc\u00e9 \u00e0 planter :<\/b> Comprend une carte contenant des graines de fleurs sauvages qui poussent une fois plant\u00e9es.<\/li>\n<li><b>Solution z\u00e9ro d\u00e9chet :<\/b> L&#039;ensemble du badge peut \u00eatre plant\u00e9, ne laissant aucun d\u00e9chet derri\u00e8re lui.<\/li>\n<li><b>Fabriqu\u00e9 en Europe :<\/b> Porte l\u2019embl\u00e8me \u201c Made in Europe \u201d, gage de qualit\u00e9 et d\u2019empreinte carbone r\u00e9duite.<\/li>\n<li><b>Comprend les instructions\u00a0:<\/b> Des instructions de plantation claires sont imprim\u00e9es \u00e0 l&#039;int\u00e9rieur.<\/li>\n<li><b>Dimensions:<\/b> 11,3 x 9,3 cm.<\/li>\n<\/ul>","protected":false},"excerpt":{"rendered":"<ul>\n<li>D\u00e9montrez votre engagement envers la durabilit\u00e9 lors d\u2019\u00e9v\u00e9nements.<\/li>\n<li>Fabriqu\u00e9 \u00e0 partir de carton recycl\u00e9 avec une carte en papier de graines de fleurs sauvages incluse.<\/li>\n<li>L&#039;ensemble du badge peut \u00eatre plant\u00e9 apr\u00e8s l&#039;\u00e9v\u00e9nement.<\/li>\n<li>\u201c Made in Europe \u201d garantit qualit\u00e9 et empreinte carbone r\u00e9duite.<\/li>\n<\/ul>","protected":false},"featured_media":5308,"comment_status":"closed","ping_status":"closed","template":"","meta":[],"product_brand":[],"product_cat":[91],"product_tag":[],"class_list":{"0":"post-5307","1":"product","2":"type-product","3":"status-publish","4":"has-post-thumbnail","6":"product_cat-badge-holders","8":"first","9":"instock","10":"shipping-taxable","11":"purchasable","12":"product-type-simple"},"_links":{"self":[{"href":"https:\/\/displayproducts.eu\/fr\/wp-json\/wp\/v2\/product\/5307","targetHints":{"allow":["GET"]}}],"collection":[{"href":"https:\/\/displayproducts.eu\/fr\/wp-json\/wp\/v2\/product"}],"about":[{"href":"https:\/\/displayproducts.eu\/fr\/wp-json\/wp\/v2\/types\/product"}],"replies":[{"embeddable":true,"href":"https:\/\/displayproducts.eu\/fr\/wp-json\/wp\/v2\/comments?post=5307"}],"wp:featuredmedia":[{"embeddable":true,"href":"https:\/\/displayproducts.eu\/fr\/wp-json\/wp\/v2\/media\/5308"}],"wp:attachment":[{"href":"https:\/\/displayproducts.eu\/fr\/wp-json\/wp\/v2\/media?parent=5307"}],"wp:term":[{"taxonomy":"product_brand","embeddable":true,"href":"https:\/\/displayproducts.eu\/fr\/wp-json\/wp\/v2\/product_brand?post=5307"},{"taxonomy":"product_cat","embeddable":true,"href":"https:\/\/displayproducts.eu\/fr\/wp-json\/wp\/v2\/product_cat?post=5307"},{"taxonomy":"product_tag","embeddable":true,"href":"https:\/\/displayproducts.eu\/fr\/wp-json\/wp\/v2\/product_tag?post=5307"}],"curies":[{"name":"wp","href":"https:\/\/api.w.org\/{rel}","templated":true}]}}