{"id":5304,"date":"2025-10-24T13:51:56","date_gmt":"2025-10-24T10:51:56","guid":{"rendered":"https:\/\/wristbandfactory.eu\/?post_type=product&#038;p=5304"},"modified":"2026-04-01T21:52:35","modified_gmt":"2026-04-01T18:52:35","slug":"reusable-event-cups-extra-large-1-2l","status":"publish","type":"product","link":"https:\/\/displayproducts.eu\/fr\/p\/reusable-event-cups-extra-large-1-2l\/","title":{"rendered":"Gobelets r\u00e9utilisables pour \u00e9v\u00e9nements (tr\u00e8s grand format 1,2 L)"},"content":{"rendered":"<p data-path-to-node=\"7\">R\u00e9duisez les files d&#039;attente et optimisez la satisfaction de vos participants lors de vos \u00e9v\u00e9nements d&#039;envergure gr\u00e2ce \u00e0 nos gobelets r\u00e9utilisables extra-larges de 1,2 L en polypropyl\u00e8ne. Ce gobelet grande capacit\u00e9 est la solution id\u00e9ale pour les stades, les grands festivals et les concerts\u00a0: il vous permet de servir des portions plus g\u00e9n\u00e9reuses et de limiter consid\u00e9rablement les recharges.<\/p>\n<p data-path-to-node=\"8\">Fabriqu\u00e9s en PP (polypropyl\u00e8ne) durable mais flexible, ces gobelets sont r\u00e9sistants aux chocs et con\u00e7us pour une utilisation r\u00e9p\u00e9t\u00e9e, offrant une alternative robuste et \u00e9cologique aux plastiques \u00e0 usage unique.<\/p>\n<p data-path-to-node=\"9\">Sa finition translucide offre une surface parfaitement visible pour le logo de votre entreprise ou l&#039;identit\u00e9 visuelle de votre \u00e9v\u00e9nement. Ce gobelet se distingue par sa base sp\u00e9cialement con\u00e7ue pour une stabilit\u00e9 optimale sur les sous-verres.<\/p>\n<p data-path-to-node=\"10\"><b>Caract\u00e9ristiques principales :<\/b><\/p>\n<ul data-path-to-node=\"11\">\n<li>\n<p data-path-to-node=\"11,0,0\"><b>Capacit\u00e9 extra large de 1,2 L :<\/b> Minimise les recharges dans les festivals, stades et concerts \u00e0 fort trafic.<\/p>\n<\/li>\n<li>\n<p data-path-to-node=\"11,1,0\"><b>Mat\u00e9riau PP durable :<\/b> Flexible, r\u00e9sistant \u00e0 la casse et enti\u00e8rement r\u00e9utilisable pour plusieurs \u00e9v\u00e9nements.<\/p>\n<\/li>\n<li>\n<p data-path-to-node=\"11,2,0\"><b>Finition translucide :<\/b> Fournit une surface id\u00e9ale et tr\u00e8s visible pour une marque personnalis\u00e9e.<\/p>\n<\/li>\n<li>\n<p data-path-to-node=\"11,3,0\"><b>Conception de base stable :<\/b> Sp\u00e9cialement con\u00e7u \u00e0 la base pour un placement s\u00fbr sur les sous-verres.<\/p>\n<\/li>\n<li>\n<p data-path-to-node=\"11,4,0\"><b>Grandes dimensions :<\/b> Il mesure 19 cm de hauteur et 10,7 cm de diam\u00e8tre.<\/p>\n<\/li>\n<\/ul>","protected":false},"excerpt":{"rendered":"<ul>\n<li>\n<p data-path-to-node=\"6,0,0\">Sa tr\u00e8s grande capacit\u00e9 de 1,2 litre minimise les remplissages lors d&#039;\u00e9v\u00e9nements de grande envergure.<\/p>\n<\/li>\n<li>\n<p data-path-to-node=\"6,1,0\">Fabriqu\u00e9 en polypropyl\u00e8ne (PP) durable, flexible et r\u00e9sistant aux chocs.<\/p>\n<\/li>\n<li>\n<p data-path-to-node=\"6,2,0\">La finition translucide offre un support \u00e0 haute visibilit\u00e9 pour le marquage de marques.<\/p>\n<\/li>\n<li>\n<p data-path-to-node=\"6,3,0\">Dot\u00e9 d&#039;une base stable et unique, con\u00e7u pour une utilisation avec des sous-verres.<\/p>\n<\/li>\n<li><\/li>\n<\/ul>","protected":false},"featured_media":6622,"comment_status":"closed","ping_status":"closed","template":"","meta":[],"product_brand":[],"product_cat":[111],"product_tag":[],"class_list":{"0":"post-5304","1":"product","2":"type-product","3":"status-publish","4":"has-post-thumbnail","6":"product_cat-reusable-event-cups","8":"first","9":"instock","10":"shipping-taxable","11":"product-type-simple"},"_links":{"self":[{"href":"https:\/\/displayproducts.eu\/fr\/wp-json\/wp\/v2\/product\/5304","targetHints":{"allow":["GET"]}}],"collection":[{"href":"https:\/\/displayproducts.eu\/fr\/wp-json\/wp\/v2\/product"}],"about":[{"href":"https:\/\/displayproducts.eu\/fr\/wp-json\/wp\/v2\/types\/product"}],"replies":[{"embeddable":true,"href":"https:\/\/displayproducts.eu\/fr\/wp-json\/wp\/v2\/comments?post=5304"}],"wp:featuredmedia":[{"embeddable":true,"href":"https:\/\/displayproducts.eu\/fr\/wp-json\/wp\/v2\/media\/6622"}],"wp:attachment":[{"href":"https:\/\/displayproducts.eu\/fr\/wp-json\/wp\/v2\/media?parent=5304"}],"wp:term":[{"taxonomy":"product_brand","embeddable":true,"href":"https:\/\/displayproducts.eu\/fr\/wp-json\/wp\/v2\/product_brand?post=5304"},{"taxonomy":"product_cat","embeddable":true,"href":"https:\/\/displayproducts.eu\/fr\/wp-json\/wp\/v2\/product_cat?post=5304"},{"taxonomy":"product_tag","embeddable":true,"href":"https:\/\/displayproducts.eu\/fr\/wp-json\/wp\/v2\/product_tag?post=5304"}],"curies":[{"name":"wp","href":"https:\/\/api.w.org\/{rel}","templated":true}]}}