{"id":5300,"date":"2025-10-24T12:52:28","date_gmt":"2025-10-24T09:52:28","guid":{"rendered":"https:\/\/wristbandfactory.eu\/?post_type=product&#038;p=5300"},"modified":"2026-04-01T21:52:35","modified_gmt":"2026-04-01T18:52:35","slug":"laser-engravable-rectangular-glass-trophies","status":"publish","type":"product","link":"https:\/\/displayproducts.eu\/fr\/p\/laser-engravable-rectangular-glass-trophies\/","title":{"rendered":"Troph\u00e9es rectangulaires en verre gravables au laser"},"content":{"rendered":"<p>Faites forte impression lors de votre prochaine c\u00e9r\u00e9monie de remise de prix ou gala d&#039;entreprise. Notre grand troph\u00e9e rectangulaire en verre est une r\u00e9compense haut de gamme et imposante, id\u00e9ale pour r\u00e9compenser les meilleurs talents, les clients cl\u00e9s ou les laur\u00e9ats de concours.<\/p>\n<p>Ce troph\u00e9e de 19 cm de haut est fabriqu\u00e9 en verre \u00e9pais de haute qualit\u00e9 et p\u00e8se 690 grammes, ce qui lui conf\u00e8re une qualit\u00e9 exceptionnelle. Son design rectangulaire \u00e9pur\u00e9 offre une grande surface plane, sp\u00e9cialement con\u00e7ue pour une gravure laser de haute pr\u00e9cision. Ainsi, le logo de votre entreprise, le titre du troph\u00e9e et les coordonn\u00e9es du laur\u00e9at sont personnalis\u00e9s avec une nettet\u00e9 exceptionnelle. Id\u00e9al pour les r\u00e9compenses commerciales, les programmes d&#039;employ\u00e9 du mois ou pour remercier des partenaires cl\u00e9s, chaque troph\u00e9e est livr\u00e9 dans un \u00e9tui de protection individuel, garantissant ainsi sa s\u00e9curit\u00e9 pendant le transport et sa pr\u00e9sentation.<\/p>\n<p><b>Caract\u00e9ristiques principales :<\/b><\/p>\n<ul>\n<li><b>Grand design rectangulaire :<\/b> Mesure 19 cm de haut, offrant suffisamment d&#039;espace pour une gravure personnalis\u00e9e.<\/li>\n<li><b>Verre \u00e9pais de qualit\u00e9 sup\u00e9rieure :<\/b> Avec ses 690 g, ce troph\u00e9e offre une sensation substantielle, am\u00e9liorant sa valeur per\u00e7ue.<\/li>\n<li><b>Optimis\u00e9 pour la gravure laser :<\/b> La surface sp\u00e9cialement con\u00e7ue permet une personnalisation imprim\u00e9e au laser nette et d\u00e9taill\u00e9e.<\/li>\n<li><b>Base stable :<\/b> Dispose d&#039;une base en verre r\u00e9sistante de 4,5 cm de profondeur pour un affichage robuste sur n&#039;importe quel bureau ou \u00e9tag\u00e8re.<\/li>\n<li><b>\u00c9tui de protection inclus :<\/b> Chaque troph\u00e9e est pr\u00e9sent\u00e9 dans un \u00e9tui individuel pour un transport et une offre en toute s\u00e9curit\u00e9.<\/li>\n<\/ul>\n<p>&nbsp;<\/p>","protected":false},"excerpt":{"rendered":"<ul>\n<li>R\u00e9compense rectangulaire en verre de qualit\u00e9 sup\u00e9rieure de 19 cm de haut.<\/li>\n<li>Poids substantiel de 690 g pour une sensation de grande valeur.<\/li>\n<li>Surface optimis\u00e9e pour une gravure laser pr\u00e9cise de votre logo.<\/li>\n<li>Comprend un \u00e9tui de protection individuel pour une pr\u00e9sentation en toute s\u00e9curit\u00e9.<\/li>\n<\/ul>","protected":false},"featured_media":6540,"comment_status":"closed","ping_status":"closed","template":"","meta":[],"product_brand":[],"product_cat":[79],"product_tag":[],"class_list":{"0":"post-5300","1":"product","2":"type-product","3":"status-publish","4":"has-post-thumbnail","6":"product_cat-awards","8":"first","9":"instock","10":"shipping-taxable","11":"purchasable","12":"product-type-simple"},"_links":{"self":[{"href":"https:\/\/displayproducts.eu\/fr\/wp-json\/wp\/v2\/product\/5300","targetHints":{"allow":["GET"]}}],"collection":[{"href":"https:\/\/displayproducts.eu\/fr\/wp-json\/wp\/v2\/product"}],"about":[{"href":"https:\/\/displayproducts.eu\/fr\/wp-json\/wp\/v2\/types\/product"}],"replies":[{"embeddable":true,"href":"https:\/\/displayproducts.eu\/fr\/wp-json\/wp\/v2\/comments?post=5300"}],"wp:featuredmedia":[{"embeddable":true,"href":"https:\/\/displayproducts.eu\/fr\/wp-json\/wp\/v2\/media\/6540"}],"wp:attachment":[{"href":"https:\/\/displayproducts.eu\/fr\/wp-json\/wp\/v2\/media?parent=5300"}],"wp:term":[{"taxonomy":"product_brand","embeddable":true,"href":"https:\/\/displayproducts.eu\/fr\/wp-json\/wp\/v2\/product_brand?post=5300"},{"taxonomy":"product_cat","embeddable":true,"href":"https:\/\/displayproducts.eu\/fr\/wp-json\/wp\/v2\/product_cat?post=5300"},{"taxonomy":"product_tag","embeddable":true,"href":"https:\/\/displayproducts.eu\/fr\/wp-json\/wp\/v2\/product_tag?post=5300"}],"curies":[{"name":"wp","href":"https:\/\/api.w.org\/{rel}","templated":true}]}}