{"id":5296,"date":"2025-10-24T12:46:54","date_gmt":"2025-10-24T09:46:54","guid":{"rendered":"https:\/\/wristbandfactory.eu\/?post_type=product&#038;p=5296"},"modified":"2026-04-01T21:52:35","modified_gmt":"2026-04-01T18:52:35","slug":"laser-engravable-circular-glass-trophies","status":"publish","type":"product","link":"https:\/\/displayproducts.eu\/fr\/p\/laser-engravable-circular-glass-trophies\/","title":{"rendered":"Troph\u00e9es circulaires en verre gravables au laser"},"content":{"rendered":"<p>R\u00e9compensez les performances et les r\u00e9ussites exceptionnelles avec une r\u00e9compense haut de gamme. Notre troph\u00e9e circulaire en verre offre une solution moderne et \u00e9l\u00e9gante pour la reconnaissance de votre entreprise, les lancements de ventes et les r\u00e9ussites d&#039;\u00e9quipe.<\/p>\n<p>Fabriqu\u00e9 en verre \u00e9pais de haute qualit\u00e9, ce troph\u00e9e arbore une plaque circulaire intemporelle pos\u00e9e sur un socle carr\u00e9 stable. Son poids de 400 grammes lui conf\u00e8re une valeur s\u00fbre, id\u00e9ale pour une pr\u00e9sentation soign\u00e9e. Sp\u00e9cialement con\u00e7u pour l&#039;impression laser (gravure), il permet une personnalisation pr\u00e9cise et nette de votre logo, texte et d\u00e9tails de votre r\u00e9compense. Chaque troph\u00e9e est pr\u00e9sent\u00e9 dans son \u00e9tui de protection individuel, garantissant un transport s\u00e9curis\u00e9 et pr\u00eat \u00e0 \u00eatre pr\u00e9sent\u00e9.<\/p>\n<p><b>Caract\u00e9ristiques principales :<\/b><\/p>\n<ul>\n<li><b>Construction en verre de qualit\u00e9 sup\u00e9rieure :<\/b> Verre \u00e9pais et lourd (400 gr) pour un rapport qualit\u00e9\/prix \u00e9lev\u00e9.<\/li>\n<li><b>Optimis\u00e9 pour la gravure laser :<\/b> Surface sp\u00e9cialement con\u00e7ue pour des logos et des textes imprim\u00e9s au laser nets et d\u00e9taill\u00e9s.<\/li>\n<li><b>Design circulaire \u00e9l\u00e9gant :<\/b> Une plaque ronde moderne (10 cm) sur une base carr\u00e9e solide (6 cm).<\/li>\n<li><b>Pr\u00eat pour la pr\u00e9sentation :<\/b> Chaque r\u00e9compense est fournie dans un \u00e9tui de protection individuel pour une manipulation et une pr\u00e9sentation en toute s\u00e9curit\u00e9.<\/li>\n<\/ul>","protected":false},"excerpt":{"rendered":"<ul>\n<li>Troph\u00e9e circulaire en verre de qualit\u00e9 sup\u00e9rieure sur une base carr\u00e9e solide.<\/li>\n<li>Sp\u00e9cialement con\u00e7u pour la gravure laser de haute pr\u00e9cision.<\/li>\n<li>Id\u00e9al pour la reconnaissance d\u2019entreprise, les r\u00e9compenses de vente et les \u00e9v\u00e9nements.<\/li>\n<li>Livr\u00e9 dans un \u00e9tui de protection individuel pour un transport en toute s\u00e9curit\u00e9.<\/li>\n<\/ul>","protected":false},"featured_media":6535,"comment_status":"closed","ping_status":"closed","template":"","meta":[],"product_brand":[],"product_cat":[79],"product_tag":[],"class_list":{"0":"post-5296","1":"product","2":"type-product","3":"status-publish","4":"has-post-thumbnail","6":"product_cat-awards","8":"first","9":"instock","10":"shipping-taxable","11":"purchasable","12":"product-type-simple"},"_links":{"self":[{"href":"https:\/\/displayproducts.eu\/fr\/wp-json\/wp\/v2\/product\/5296","targetHints":{"allow":["GET"]}}],"collection":[{"href":"https:\/\/displayproducts.eu\/fr\/wp-json\/wp\/v2\/product"}],"about":[{"href":"https:\/\/displayproducts.eu\/fr\/wp-json\/wp\/v2\/types\/product"}],"replies":[{"embeddable":true,"href":"https:\/\/displayproducts.eu\/fr\/wp-json\/wp\/v2\/comments?post=5296"}],"wp:featuredmedia":[{"embeddable":true,"href":"https:\/\/displayproducts.eu\/fr\/wp-json\/wp\/v2\/media\/6535"}],"wp:attachment":[{"href":"https:\/\/displayproducts.eu\/fr\/wp-json\/wp\/v2\/media?parent=5296"}],"wp:term":[{"taxonomy":"product_brand","embeddable":true,"href":"https:\/\/displayproducts.eu\/fr\/wp-json\/wp\/v2\/product_brand?post=5296"},{"taxonomy":"product_cat","embeddable":true,"href":"https:\/\/displayproducts.eu\/fr\/wp-json\/wp\/v2\/product_cat?post=5296"},{"taxonomy":"product_tag","embeddable":true,"href":"https:\/\/displayproducts.eu\/fr\/wp-json\/wp\/v2\/product_tag?post=5296"}],"curies":[{"name":"wp","href":"https:\/\/api.w.org\/{rel}","templated":true}]}}