{"id":5292,"date":"2025-10-24T12:42:32","date_gmt":"2025-10-24T09:42:32","guid":{"rendered":"https:\/\/wristbandfactory.eu\/?post_type=product&#038;p=5292"},"modified":"2026-04-01T21:52:35","modified_gmt":"2026-04-01T18:52:35","slug":"window-name-badges-with-clip-and-pin","status":"publish","type":"product","link":"https:\/\/displayproducts.eu\/fr\/p\/window-name-badges-with-clip-and-pin\/","title":{"rendered":"Badges nominatifs pour fen\u00eatre avec clip et \u00e9pingle"},"content":{"rendered":"<p>Identifiez clairement et professionnellement votre \u00e9quipe, les participants \u00e0 votre conf\u00e9rence ou le personnel de votre \u00e9v\u00e9nement gr\u00e2ce \u00e0 ces badges nominatifs r\u00e9utilisables. Leur design \u00e9pur\u00e9 et moderne, avec leur finition brillante, leur conf\u00e8re une allure soign\u00e9e et s&#039;int\u00e8gre parfaitement \u00e0 tout environnement professionnel.<\/p>\n<p>La fente de la fen\u00eatre avant permet un changement rapide des badges imprim\u00e9s, ce qui en fait une solution \u00e9conomique et flexible pour la gestion des visiteurs, le personnel temporaire ou les \u00e9v\u00e9nements r\u00e9currents. L&#039;arri\u00e8re du badge est \u00e9quip\u00e9 d&#039;un syst\u00e8me de double fixation robuste. Ce double syst\u00e8me, compos\u00e9 d&#039;un clip m\u00e9tallique et d&#039;une \u00e9pingle de s\u00fbret\u00e9, assure un ajustement s\u00fbr et stable sur tout type de v\u00eatement, des vestes de costume aux uniformes.<\/p>\n<p><b>Caract\u00e9ristiques principales :<\/b><\/p>\n<ul>\n<li><b>Conception de fen\u00eatre r\u00e9utilisable :<\/b> Permet un remplacement rapide et facile des inserts de nom.<\/li>\n<li><b>Syst\u00e8me de fixation double :<\/b> \u00c9quip\u00e9 d&#039;un clip m\u00e9tallique et d&#039;une \u00e9pingle de s\u00fbret\u00e9 pour une fixation s\u00fbre et polyvalente.<\/li>\n<li><b>Finition brillante professionnelle :<\/b> Offre un look moderne et raffin\u00e9 adapt\u00e9 aux environnements d&#039;entreprise.<\/li>\n<li><b>Dimensions compactes :<\/b> Mesure 6,8 x 3,4 cm pour une visibilit\u00e9 claire sans \u00eatre encombrant.<\/li>\n<\/ul>","protected":false},"excerpt":{"rendered":"<ul>\n<li>Finition brillante professionnelle pour un look d&#039;entreprise moderne.<\/li>\n<li>Double fixation polyvalente : comporte \u00e0 la fois un clip m\u00e9tallique et une \u00e9pingle de s\u00fbret\u00e9.<\/li>\n<li>Conception de fen\u00eatre r\u00e9utilisable pour ins\u00e9rer facilement des cartes de visite.<\/li>\n<li>Id\u00e9al pour les achats en gros pour les \u00e9v\u00e9nements, le personnel et les salons professionnels.<\/li>\n<\/ul>","protected":false},"featured_media":5293,"comment_status":"closed","ping_status":"closed","template":"","meta":[],"product_brand":[],"product_cat":[91],"product_tag":[],"class_list":{"0":"post-5292","1":"product","2":"type-product","3":"status-publish","4":"has-post-thumbnail","6":"product_cat-badge-holders","8":"first","9":"instock","10":"shipping-taxable","11":"purchasable","12":"product-type-simple"},"_links":{"self":[{"href":"https:\/\/displayproducts.eu\/fr\/wp-json\/wp\/v2\/product\/5292","targetHints":{"allow":["GET"]}}],"collection":[{"href":"https:\/\/displayproducts.eu\/fr\/wp-json\/wp\/v2\/product"}],"about":[{"href":"https:\/\/displayproducts.eu\/fr\/wp-json\/wp\/v2\/types\/product"}],"replies":[{"embeddable":true,"href":"https:\/\/displayproducts.eu\/fr\/wp-json\/wp\/v2\/comments?post=5292"}],"wp:featuredmedia":[{"embeddable":true,"href":"https:\/\/displayproducts.eu\/fr\/wp-json\/wp\/v2\/media\/5293"}],"wp:attachment":[{"href":"https:\/\/displayproducts.eu\/fr\/wp-json\/wp\/v2\/media?parent=5292"}],"wp:term":[{"taxonomy":"product_brand","embeddable":true,"href":"https:\/\/displayproducts.eu\/fr\/wp-json\/wp\/v2\/product_brand?post=5292"},{"taxonomy":"product_cat","embeddable":true,"href":"https:\/\/displayproducts.eu\/fr\/wp-json\/wp\/v2\/product_cat?post=5292"},{"taxonomy":"product_tag","embeddable":true,"href":"https:\/\/displayproducts.eu\/fr\/wp-json\/wp\/v2\/product_tag?post=5292"}],"curies":[{"name":"wp","href":"https:\/\/api.w.org\/{rel}","templated":true}]}}