{"id":5288,"date":"2025-10-24T12:36:41","date_gmt":"2025-10-24T09:36:41","guid":{"rendered":"https:\/\/wristbandfactory.eu\/?post_type=product&#038;p=5288"},"modified":"2026-04-01T21:52:35","modified_gmt":"2026-04-01T18:52:35","slug":"aluminium-name-badges-with-clip-and-pin","status":"publish","type":"product","link":"https:\/\/displayproducts.eu\/fr\/p\/aluminium-name-badges-with-clip-and-pin\/","title":{"rendered":"Badges nominatifs en aluminium avec clip et \u00e9pingle"},"content":{"rendered":"<p>Assurez une identification professionnelle et coh\u00e9rente de vos employ\u00e9s lors d&#039;\u00e9v\u00e9nements d&#039;entreprise, de salons professionnels et au bureau gr\u00e2ce \u00e0 ces badges nominatifs r\u00e9utilisables en aluminium. Leur \u00e9l\u00e9gant cadre en aluminium anodis\u00e9 offre une finition durable et haut de gamme qui valorise l&#039;image de votre entreprise.<\/p>\n<p>Con\u00e7us pour \u00eatre flexibles, ces badges nominatifs permettent un remplacement rapide et facile des inserts papier, ce qui les rend parfaits pour le personnel temporaire, les participants \u00e0 des conf\u00e9rences ou les entreprises \u00e0 forte rotation du personnel. L&#039;arri\u00e8re est dot\u00e9 d&#039;une attache robuste \u00e0 double usage, avec clip et \u00e9pingle, permettant aux utilisateurs de choisir le mode de fixation solide du badge sur n&#039;importe quel v\u00eatement. Cette solution polyvalente et \u00e9conomique est disponible en vrac pour tous vos besoins d&#039;identification.<\/p>\n<p><b>Caract\u00e9ristiques principales :<\/b><\/p>\n<ul>\n<li><b>Cadre en aluminium durable :<\/b> Pr\u00e9sente une finition anodis\u00e9e de haute qualit\u00e9 pour une apparence professionnelle et durable.<\/li>\n<li><b>Syst\u00e8me de fixation double :<\/b> Comprend \u00e0 la fois un clip et une \u00e9pingle \u00e0 l&#039;arri\u00e8re pour une fixation polyvalente et s\u00e9curis\u00e9e sur n&#039;importe quel v\u00eatement.<\/li>\n<li><b>R\u00e9utilisable et rentable :<\/b> Con\u00e7u pour contenir des inserts papier standard (non inclus), permettant des mises \u00e0 jour faciles pour le nouveau personnel ou les \u00e9v\u00e9nements.<\/li>\n<li><b>Dimensions \u00e9l\u00e9gantes :<\/b> Mesure 70 x 25 mm, offrant un affichage clair et visible du nom sans \u00eatre g\u00eanant.<\/li>\n<\/ul>","protected":false},"excerpt":{"rendered":"<ul>\n<li>Cadre professionnel en aluminium anodis\u00e9 pour un look haut de gamme.<\/li>\n<li>Fixation polyvalente \u00e0 double clip et goupille pour une fixation s\u00e9curis\u00e9e.<\/li>\n<li>Conception r\u00e9utilisable : imprimez et ins\u00e9rez sans impressionment de nouvelles cartes de visite.<\/li>\n<li>Id\u00e9al pour les commandes group\u00e9es pour le personnel d&#039;entreprise, les \u00e9v\u00e9nements et les salons professionnels.<\/li>\n<\/ul>","protected":false},"featured_media":5289,"comment_status":"closed","ping_status":"closed","template":"","meta":[],"product_brand":[],"product_cat":[91],"product_tag":[],"class_list":{"0":"post-5288","1":"product","2":"type-product","3":"status-publish","4":"has-post-thumbnail","6":"product_cat-badge-holders","8":"first","9":"instock","10":"shipping-taxable","11":"purchasable","12":"product-type-simple"},"_links":{"self":[{"href":"https:\/\/displayproducts.eu\/fr\/wp-json\/wp\/v2\/product\/5288","targetHints":{"allow":["GET"]}}],"collection":[{"href":"https:\/\/displayproducts.eu\/fr\/wp-json\/wp\/v2\/product"}],"about":[{"href":"https:\/\/displayproducts.eu\/fr\/wp-json\/wp\/v2\/types\/product"}],"replies":[{"embeddable":true,"href":"https:\/\/displayproducts.eu\/fr\/wp-json\/wp\/v2\/comments?post=5288"}],"wp:featuredmedia":[{"embeddable":true,"href":"https:\/\/displayproducts.eu\/fr\/wp-json\/wp\/v2\/media\/5289"}],"wp:attachment":[{"href":"https:\/\/displayproducts.eu\/fr\/wp-json\/wp\/v2\/media?parent=5288"}],"wp:term":[{"taxonomy":"product_brand","embeddable":true,"href":"https:\/\/displayproducts.eu\/fr\/wp-json\/wp\/v2\/product_brand?post=5288"},{"taxonomy":"product_cat","embeddable":true,"href":"https:\/\/displayproducts.eu\/fr\/wp-json\/wp\/v2\/product_cat?post=5288"},{"taxonomy":"product_tag","embeddable":true,"href":"https:\/\/displayproducts.eu\/fr\/wp-json\/wp\/v2\/product_tag?post=5288"}],"curies":[{"name":"wp","href":"https:\/\/api.w.org\/{rel}","templated":true}]}}