{"id":5279,"date":"2025-10-23T23:25:16","date_gmt":"2025-10-23T20:25:16","guid":{"rendered":"https:\/\/wristbandfactory.eu\/?post_type=product&#038;p=5279"},"modified":"2026-04-01T21:52:35","modified_gmt":"2026-04-01T18:52:35","slug":"extendable-id-holder-with-carabiner","status":"publish","type":"product","link":"https:\/\/displayproducts.eu\/fr\/p\/extendable-id-holder-with-carabiner\/","title":{"rendered":"Porte-carte d&#039;identit\u00e9 extensible avec mousqueton"},"content":{"rendered":"<p>Simplifiez le contr\u00f4le d&#039;acc\u00e8s et renforcez la s\u00e9curit\u00e9 sur votre lieu de travail, lors de vos conf\u00e9rences ou salons professionnels. Notre porte-badge extensible garantit que vos identifiants sont toujours \u00e0 port\u00e9e de main, sans encombre, offrant ainsi une solution professionnelle \u00e0 vos employ\u00e9s et participants.<\/p>\n<p>Cet \u00e9tui au design sobre et fonctionnel est dot\u00e9 d&#039;un mousqueton m\u00e9tallique robuste qui s&#039;attache solidement aux passants de ceinture, aux cordons ou aux sacs. Son m\u00e9canisme extensible de 75 cm permet une r\u00e9traction en douceur, facilitant ainsi la lecture des cartes d&#039;identit\u00e9 aux points d&#039;acc\u00e8s.<\/p>\n<p>Un bouton de fermeture s\u00e9curise le porte-carte ou badge. Dot\u00e9 d&#039;une g\u00e9n\u00e9reuse surface d&#039;impression de 20 x 20 mm, ce porte-badge est id\u00e9al pour la personnalisation du logo de votre entreprise par tampographie (jusqu&#039;\u00e0 4 couleurs), renfor\u00e7ant ainsi l&#039;identit\u00e9 de votre marque lors de tous vos \u00e9v\u00e9nements d&#039;entreprise.<\/p>\n<p><b>Caract\u00e9ristiques principales :<\/b><\/p>\n<ul>\n<li>M\u00e9canisme extensible jusqu&#039;\u00e0 75 cm<\/li>\n<li>Mousqueton en m\u00e9tal durable<\/li>\n<li>Fermeture \u00e0 bouton s\u00e9curis\u00e9e pour la fixation d&#039;une pi\u00e8ce d&#039;identit\u00e9<\/li>\n<li>Large zone d&#039;impression (20 x 20 mm)<\/li>\n<li>Id\u00e9al pour la tampographie (jusqu&#039;\u00e0 4 couleurs)<\/li>\n<\/ul>","protected":false},"excerpt":{"rendered":"<ul>\n<li>Garde les cartes d\u2019identit\u00e9 du personnel en s\u00e9curit\u00e9 et facilement accessibles.<\/li>\n<li>Dispose d&#039;un mousqueton en m\u00e9tal durable pour une fixation facile aux ceintures ou aux sacs.<\/li>\n<li>M\u00e9canisme de cordon extensible de 75 cm pour une num\u00e9risation rapide des badges.<\/li>\n<li>Large zone de 20\u00d720 mm pour tampographier votre logo.<\/li>\n<\/ul>","protected":false},"featured_media":5280,"comment_status":"closed","ping_status":"closed","template":"","meta":[],"product_brand":[],"product_cat":[91],"product_tag":[],"class_list":{"0":"post-5279","1":"product","2":"type-product","3":"status-publish","4":"has-post-thumbnail","6":"product_cat-badge-holders","8":"first","9":"instock","10":"shipping-taxable","11":"purchasable","12":"product-type-simple"},"_links":{"self":[{"href":"https:\/\/displayproducts.eu\/fr\/wp-json\/wp\/v2\/product\/5279","targetHints":{"allow":["GET"]}}],"collection":[{"href":"https:\/\/displayproducts.eu\/fr\/wp-json\/wp\/v2\/product"}],"about":[{"href":"https:\/\/displayproducts.eu\/fr\/wp-json\/wp\/v2\/types\/product"}],"replies":[{"embeddable":true,"href":"https:\/\/displayproducts.eu\/fr\/wp-json\/wp\/v2\/comments?post=5279"}],"wp:featuredmedia":[{"embeddable":true,"href":"https:\/\/displayproducts.eu\/fr\/wp-json\/wp\/v2\/media\/5280"}],"wp:attachment":[{"href":"https:\/\/displayproducts.eu\/fr\/wp-json\/wp\/v2\/media?parent=5279"}],"wp:term":[{"taxonomy":"product_brand","embeddable":true,"href":"https:\/\/displayproducts.eu\/fr\/wp-json\/wp\/v2\/product_brand?post=5279"},{"taxonomy":"product_cat","embeddable":true,"href":"https:\/\/displayproducts.eu\/fr\/wp-json\/wp\/v2\/product_cat?post=5279"},{"taxonomy":"product_tag","embeddable":true,"href":"https:\/\/displayproducts.eu\/fr\/wp-json\/wp\/v2\/product_tag?post=5279"}],"curies":[{"name":"wp","href":"https:\/\/api.w.org\/{rel}","templated":true}]}}