{"id":5272,"date":"2025-10-23T23:21:35","date_gmt":"2025-10-23T20:21:35","guid":{"rendered":"https:\/\/wristbandfactory.eu\/?post_type=product&#038;p=5272"},"modified":"2026-04-01T21:52:03","modified_gmt":"2026-04-01T18:52:03","slug":"promotional-hand-clappers","status":"publish","type":"product","link":"https:\/\/displayproducts.eu\/fr\/p\/promotional-hand-clappers\/","title":{"rendered":"Claquettes promotionnelles"},"content":{"rendered":"<p>Assurez-vous que votre marque se d\u00e9marque dans tous les stades et \u00e9v\u00e9nements d&#039;entreprise gr\u00e2ce \u00e0 nos applaudisseurs promotionnels. Ce design \u201c\u00a0Maracan\u00e1\u00a0\u201d est con\u00e7u pour cr\u00e9er un engagement sonore et visuel, r\u00e9solvant ainsi le probl\u00e8me des cadeaux publicitaires passifs.<\/p>\n<p>Ce claquette en forme de main est une fa\u00e7on amusante et interactive pour les participants de montrer leur soutien et de faire du bruit. Disponible dans une vari\u00e9t\u00e9 de tons vifs, il est l\u00e9ger (20 g) et parfaitement dimensionn\u00e9 (8,5 x 18,5 x 2 cm) pour une manipulation ais\u00e9e par un large public. C&#039;est un excellent choix \u00e9conomique pour une distribution en vrac lors de festivals, salons professionnels ou comp\u00e9titions sportives, afin de maximiser l&#039;impact de votre marque.<\/p>\n<p><b>Caract\u00e9ristiques principales :<\/b><\/p>\n<ul>\n<li>Claquette en forme de main pour un engagement sonore de la foule<\/li>\n<li>\u201cDesign \u201d Maracan\u00e1 \u00bb pour th\u00e8mes sportifs et \u00e9v\u00e9nementiels<\/li>\n<li>Disponible dans diff\u00e9rentes tonalit\u00e9s vives et tr\u00e8s visibles<\/li>\n<li>L\u00e9ger et compact : 8,5 x 18,5 x 2 cm, 20 gr<\/li>\n<li>Id\u00e9al pour les cadeaux promotionnels en gros<\/li>\n<\/ul>","protected":false},"excerpt":{"rendered":"<ul>\n<li>G\u00e9n\u00e9rez du bruit aupr\u00e8s de la foule et de la visibilit\u00e9 de la marque lors d&#039;\u00e9v\u00e9nements sportifs ou de rassemblements.<\/li>\n<li>Pr\u00e9sente un motif de main \u201c Maracan\u00e1 \u201d amusant et aux tons vifs.<\/li>\n<li>L\u00e9ger (20 gr) et compact (18,5 cm) pour une r\u00e9partition ais\u00e9e de la masse.<\/li>\n<li>Un article promotionnel id\u00e9al \u00e0 faible co\u00fbt et \u00e0 fort impact pour les commandes en gros.<\/li>\n<\/ul>","protected":false},"featured_media":6584,"comment_status":"closed","ping_status":"closed","template":"","meta":[],"product_brand":[],"product_cat":[123],"product_tag":[],"class_list":{"0":"post-5272","1":"product","2":"type-product","3":"status-publish","4":"has-post-thumbnail","6":"product_cat-fan-cheering-items","8":"first","9":"instock","10":"shipping-taxable","11":"purchasable","12":"product-type-simple"},"_links":{"self":[{"href":"https:\/\/displayproducts.eu\/fr\/wp-json\/wp\/v2\/product\/5272","targetHints":{"allow":["GET"]}}],"collection":[{"href":"https:\/\/displayproducts.eu\/fr\/wp-json\/wp\/v2\/product"}],"about":[{"href":"https:\/\/displayproducts.eu\/fr\/wp-json\/wp\/v2\/types\/product"}],"replies":[{"embeddable":true,"href":"https:\/\/displayproducts.eu\/fr\/wp-json\/wp\/v2\/comments?post=5272"}],"wp:featuredmedia":[{"embeddable":true,"href":"https:\/\/displayproducts.eu\/fr\/wp-json\/wp\/v2\/media\/6584"}],"wp:attachment":[{"href":"https:\/\/displayproducts.eu\/fr\/wp-json\/wp\/v2\/media?parent=5272"}],"wp:term":[{"taxonomy":"product_brand","embeddable":true,"href":"https:\/\/displayproducts.eu\/fr\/wp-json\/wp\/v2\/product_brand?post=5272"},{"taxonomy":"product_cat","embeddable":true,"href":"https:\/\/displayproducts.eu\/fr\/wp-json\/wp\/v2\/product_cat?post=5272"},{"taxonomy":"product_tag","embeddable":true,"href":"https:\/\/displayproducts.eu\/fr\/wp-json\/wp\/v2\/product_tag?post=5272"}],"curies":[{"name":"wp","href":"https:\/\/api.w.org\/{rel}","templated":true}]}}