{"id":5265,"date":"2025-10-23T23:14:21","date_gmt":"2025-10-23T20:14:21","guid":{"rendered":"https:\/\/wristbandfactory.eu\/?post_type=product&#038;p=5265"},"modified":"2026-04-01T21:52:04","modified_gmt":"2026-04-01T18:52:04","slug":"inflatable-victory-hand-reusable","status":"publish","type":"product","link":"https:\/\/displayproducts.eu\/fr\/p\/inflatable-victory-hand-reusable\/","title":{"rendered":"Main de victoire gonflable (r\u00e9utilisable)"},"content":{"rendered":"<p>Faites conna\u00eetre votre marque et votre message gr\u00e2ce \u00e0 notre Main de la Victoire gonflable. Cet outil promotionnel attrayant est id\u00e9al pour dynamiser les foules lors d&#039;\u00e9v\u00e9nements sportifs, de r\u00e9unions d&#039;entreprise ou de salons professionnels de grande envergure. Placez votre marque au c\u0153ur de la c\u00e9l\u00e9bration.<\/p>\n<p>Fabriqu\u00e9e en PEBD r\u00e9sistant et color\u00e9, cette main d&#039;encouragement est con\u00e7ue pour durer, quel que soit l&#039;\u00e9v\u00e9nement. Contrairement aux articles \u00e0 usage unique, elle est enti\u00e8rement r\u00e9utilisable et dot\u00e9e d&#039;une valve de gonflage pratique, offrant une visibilit\u00e9 durable \u00e0 la marque. L\u00e9ger et tr\u00e8s visible, ce produit est id\u00e9al pour une distribution en vrac et une mobilisation optimale du public.<\/p>\n<p><b>Caract\u00e9ristiques principales :<\/b><\/p>\n<ul>\n<li>Mat\u00e9riau LDPE durable et color\u00e9<\/li>\n<li>Forme de main embl\u00e9matique \u201c Victoire \u201d<\/li>\n<li>Enti\u00e8rement r\u00e9utilisable pour une promotion durable<\/li>\n<li>Comprend une valve de gonflage pratique<\/li>\n<\/ul>","protected":false},"excerpt":{"rendered":"<ul>\n<li>Amplifiez votre marque lors d\u2019\u00e9v\u00e9nements sportifs, de salons professionnels et de rassemblements.<\/li>\n<li>Fabriqu\u00e9 \u00e0 partir d&#039;un mat\u00e9riau LDPE durable et r\u00e9utilisable.<\/li>\n<li>Dispose d&#039;une valve de gonflage sans impression \u00e0 utiliser.<\/li>\n<li>Id\u00e9al pour les commandes en gros afin de maximiser la participation du public et la visibilit\u00e9 de la marque.<\/li>\n<\/ul>\n<p>&nbsp;<\/p>","protected":false},"featured_media":6529,"comment_status":"closed","ping_status":"closed","template":"","meta":[],"product_brand":[],"product_cat":[123],"product_tag":[],"class_list":{"0":"post-5265","1":"product","2":"type-product","3":"status-publish","4":"has-post-thumbnail","6":"product_cat-fan-cheering-items","8":"first","9":"instock","10":"shipping-taxable","11":"purchasable","12":"product-type-simple"},"_links":{"self":[{"href":"https:\/\/displayproducts.eu\/fr\/wp-json\/wp\/v2\/product\/5265","targetHints":{"allow":["GET"]}}],"collection":[{"href":"https:\/\/displayproducts.eu\/fr\/wp-json\/wp\/v2\/product"}],"about":[{"href":"https:\/\/displayproducts.eu\/fr\/wp-json\/wp\/v2\/types\/product"}],"replies":[{"embeddable":true,"href":"https:\/\/displayproducts.eu\/fr\/wp-json\/wp\/v2\/comments?post=5265"}],"wp:featuredmedia":[{"embeddable":true,"href":"https:\/\/displayproducts.eu\/fr\/wp-json\/wp\/v2\/media\/6529"}],"wp:attachment":[{"href":"https:\/\/displayproducts.eu\/fr\/wp-json\/wp\/v2\/media?parent=5265"}],"wp:term":[{"taxonomy":"product_brand","embeddable":true,"href":"https:\/\/displayproducts.eu\/fr\/wp-json\/wp\/v2\/product_brand?post=5265"},{"taxonomy":"product_cat","embeddable":true,"href":"https:\/\/displayproducts.eu\/fr\/wp-json\/wp\/v2\/product_cat?post=5265"},{"taxonomy":"product_tag","embeddable":true,"href":"https:\/\/displayproducts.eu\/fr\/wp-json\/wp\/v2\/product_tag?post=5265"}],"curies":[{"name":"wp","href":"https:\/\/api.w.org\/{rel}","templated":true}]}}