{"id":5260,"date":"2025-10-23T23:07:40","date_gmt":"2025-10-23T20:07:40","guid":{"rendered":"https:\/\/wristbandfactory.eu\/?post_type=product&#038;p=5260"},"modified":"2026-04-01T21:52:04","modified_gmt":"2026-04-01T18:52:04","slug":"promotional-hawaiian-necklaces-polyester","status":"publish","type":"product","link":"https:\/\/displayproducts.eu\/fr\/p\/promotional-hawaiian-necklaces-polyester\/","title":{"rendered":"Colliers hawa\u00efens promotionnels (polyester)"},"content":{"rendered":"<p>Allez au-del\u00e0 des accessoires \u00e9v\u00e9nementiels classiques avec nos colliers hawa\u00efens promotionnels. Ces colliers en polyester sont la solution id\u00e9ale et \u00e9conomique pour valoriser votre marque avec un th\u00e8me vibrant lors de vos promotions estivales, festivals ou \u00e9v\u00e9nements d&#039;entreprise \u00e0 th\u00e8me tropical, garantissant ainsi un \u00e9v\u00e9nement m\u00e9morable.<\/p>\n<p>Con\u00e7u pour offrir confort et visibilit\u00e9, chaque collier est confectionn\u00e9 en polyester doux et l\u00e9ger. Son motif arc-en-ciel multicolore et r\u00e9sistant lui conf\u00e8re un look festif qui n&#039;alourdira pas les invit\u00e9s. C&#039;est le choix id\u00e9al pour les organisateurs d&#039;\u00e9v\u00e9nements n\u00e9cessitant de grandes quantit\u00e9s d&#039;accessoires th\u00e9matiques pour des f\u00eates sur la plage, des salons professionnels ou des c\u00e9l\u00e9brations de grande envergure.<\/p>\n<p><b>Caract\u00e9ristiques principales :<\/b><\/p>\n<ul>\n<li>Fabriqu\u00e9 \u00e0 partir d&#039;un mat\u00e9riau en polyester doux et l\u00e9ger<\/li>\n<li>Motif de fleurs arc-en-ciel vibrant et multicolore<\/li>\n<li>Confortable \u00e0 porter toute la journ\u00e9e lors d&#039;\u00e9v\u00e9nements<\/li>\n<li>Id\u00e9al pour les f\u00eates \u00e0 th\u00e8me, les festivals et les promotions<\/li>\n<li>Livr\u00e9 en vrac pour les grosses commandes<\/li>\n<\/ul>\n<p>&nbsp;<\/p>","protected":false},"excerpt":{"rendered":"<ul>\n<li>Illuminez instantan\u00e9ment vos f\u00eates d\u2019entreprise, vos salons professionnels ou vos festivals.<\/li>\n<li>Pr\u00e9sente un motif de fleurs en polyester arc-en-ciel multicolore et vibrant.<\/li>\n<li>L\u00e9ger et confortable pour \u00eatre port\u00e9 toute la journ\u00e9e par les participants.<\/li>\n<li>Disponible en grandes quantit\u00e9s pour les grands \u00e9v\u00e9nements.<\/li>\n<li style=\"list-style-type: none;\"><\/li>\n<\/ul>","protected":false},"featured_media":6663,"comment_status":"closed","ping_status":"closed","template":"","meta":[],"product_brand":[],"product_cat":[129,120],"product_tag":[],"class_list":{"0":"post-5260","1":"product","2":"type-product","3":"status-publish","4":"has-post-thumbnail","6":"product_cat-leisure-lifestyle","7":"product_cat-themed-necklaces","9":"first","10":"instock","11":"shipping-taxable","12":"purchasable","13":"product-type-simple"},"_links":{"self":[{"href":"https:\/\/displayproducts.eu\/fr\/wp-json\/wp\/v2\/product\/5260","targetHints":{"allow":["GET"]}}],"collection":[{"href":"https:\/\/displayproducts.eu\/fr\/wp-json\/wp\/v2\/product"}],"about":[{"href":"https:\/\/displayproducts.eu\/fr\/wp-json\/wp\/v2\/types\/product"}],"replies":[{"embeddable":true,"href":"https:\/\/displayproducts.eu\/fr\/wp-json\/wp\/v2\/comments?post=5260"}],"wp:featuredmedia":[{"embeddable":true,"href":"https:\/\/displayproducts.eu\/fr\/wp-json\/wp\/v2\/media\/6663"}],"wp:attachment":[{"href":"https:\/\/displayproducts.eu\/fr\/wp-json\/wp\/v2\/media?parent=5260"}],"wp:term":[{"taxonomy":"product_brand","embeddable":true,"href":"https:\/\/displayproducts.eu\/fr\/wp-json\/wp\/v2\/product_brand?post=5260"},{"taxonomy":"product_cat","embeddable":true,"href":"https:\/\/displayproducts.eu\/fr\/wp-json\/wp\/v2\/product_cat?post=5260"},{"taxonomy":"product_tag","embeddable":true,"href":"https:\/\/displayproducts.eu\/fr\/wp-json\/wp\/v2\/product_tag?post=5260"}],"curies":[{"name":"wp","href":"https:\/\/api.w.org\/{rel}","templated":true}]}}