{"id":5254,"date":"2025-10-23T16:34:48","date_gmt":"2025-10-23T13:34:48","guid":{"rendered":"https:\/\/wristbandfactory.eu\/?post_type=product&#038;p=5254"},"modified":"2026-04-01T21:52:04","modified_gmt":"2026-04-01T18:52:04","slug":"promotional-led-event-cups-340ml","status":"publish","type":"product","link":"https:\/\/displayproducts.eu\/fr\/p\/promotional-led-event-cups-340ml\/","title":{"rendered":"Gobelets promotionnels \u00e0 LED pour \u00e9v\u00e9nements (340 ml)"},"content":{"rendered":"<p>Faites de votre prochain \u00e9v\u00e9nement d&#039;entreprise, festival ou lancement de produit un \u00e9v\u00e9nement inoubliable. Nos gobelets LED sont un outil de branding dynamique con\u00e7u pour capter l&#039;attention et illuminer votre logo, pla\u00e7ant votre marque au c\u0153ur de la c\u00e9l\u00e9bration.<\/p>\n<p>Ces gobelets de 340 ml, fabriqu\u00e9s en PS r\u00e9sistant, sont \u00e9quip\u00e9s de LED multicolores int\u00e9gr\u00e9es, activ\u00e9es par un sans impression bouton \u00e0 la base. Choisissez entre un mode lumi\u00e8re fixe ou clignotant pour s&#039;adapter \u00e0 l&#039;ambiance de votre \u00e9v\u00e9nement. Ils constituent l&#039;objet promotionnel id\u00e9al pour les concerts, les discoth\u00e8ques, les salons professionnels et les soir\u00e9es priv\u00e9es, offrant une fa\u00e7on unique de servir des boissons et de mettre en avant votre marque. Chaque gobelet est fourni avec des piles et emball\u00e9 individuellement dans une bo\u00eete kraft, pr\u00eate \u00e0 \u00eatre distribu\u00e9e.<\/p>\n<p><b>Caract\u00e9ristiques principales :<\/b><\/p>\n<ul>\n<li>Capacit\u00e9 : 340 ml<\/li>\n<li>Mat\u00e9riau : plastique PS<\/li>\n<li>\u00c9clairage : LED multicolores avec 2 modes (Fixe &amp; Clignotant)<\/li>\n<li>Activation : Bouton sur la base<\/li>\n<li>Alimentation : Piles bouton incluses<\/li>\n<li>Emballage : Emball\u00e9 individuellement dans une bo\u00eete design kraft<\/li>\n<\/ul>\n<p>&nbsp;<\/p>","protected":false},"excerpt":{"rendered":"<ul>\n<li>Illuminez votre marque lors d\u2019\u00e9v\u00e9nements d\u2019entreprise et de festivals.<\/li>\n<li>Comprend des modes LED multicolores fixes et clignotants.<\/li>\n<li>Mat\u00e9riau PS durable (340 ml) ; piles incluses.<\/li>\n<li>Livr\u00e9 dans des bo\u00eetes kraft individuelles pr\u00eates \u00e0 l&#039;emploi.<\/li>\n<\/ul>","protected":false},"featured_media":6590,"comment_status":"closed","ping_status":"closed","template":"","meta":[],"product_brand":[],"product_cat":[111],"product_tag":[],"class_list":{"0":"post-5254","1":"product","2":"type-product","3":"status-publish","4":"has-post-thumbnail","6":"product_cat-reusable-event-cups","8":"first","9":"instock","10":"shipping-taxable","11":"product-type-simple"},"_links":{"self":[{"href":"https:\/\/displayproducts.eu\/fr\/wp-json\/wp\/v2\/product\/5254","targetHints":{"allow":["GET"]}}],"collection":[{"href":"https:\/\/displayproducts.eu\/fr\/wp-json\/wp\/v2\/product"}],"about":[{"href":"https:\/\/displayproducts.eu\/fr\/wp-json\/wp\/v2\/types\/product"}],"replies":[{"embeddable":true,"href":"https:\/\/displayproducts.eu\/fr\/wp-json\/wp\/v2\/comments?post=5254"}],"wp:featuredmedia":[{"embeddable":true,"href":"https:\/\/displayproducts.eu\/fr\/wp-json\/wp\/v2\/media\/6590"}],"wp:attachment":[{"href":"https:\/\/displayproducts.eu\/fr\/wp-json\/wp\/v2\/media?parent=5254"}],"wp:term":[{"taxonomy":"product_brand","embeddable":true,"href":"https:\/\/displayproducts.eu\/fr\/wp-json\/wp\/v2\/product_brand?post=5254"},{"taxonomy":"product_cat","embeddable":true,"href":"https:\/\/displayproducts.eu\/fr\/wp-json\/wp\/v2\/product_cat?post=5254"},{"taxonomy":"product_tag","embeddable":true,"href":"https:\/\/displayproducts.eu\/fr\/wp-json\/wp\/v2\/product_tag?post=5254"}],"curies":[{"name":"wp","href":"https:\/\/api.w.org\/{rel}","templated":true}]}}