{"id":5252,"date":"2025-10-23T15:50:34","date_gmt":"2025-10-23T12:50:34","guid":{"rendered":"https:\/\/wristbandfactory.eu\/?post_type=product&#038;p=5252"},"modified":"2026-04-01T21:52:35","modified_gmt":"2026-04-01T18:52:35","slug":"vertical-pvc-id-holder","status":"publish","type":"product","link":"https:\/\/displayproducts.eu\/fr\/p\/vertical-pvc-id-holder\/","title":{"rendered":"Porte-carte d&#039;identit\u00e9 vertical en PVC"},"content":{"rendered":"<p>Assurez-vous que chaque participant, membre du personnel et invit\u00e9 soit clairement identifi\u00e9 gr\u00e2ce \u00e0 notre porte-badge vertical en PVC. Con\u00e7u pour une utilisation professionnelle lors de conf\u00e9rences, de salons professionnels et en entreprise, ce porte-badge offre une solution durable et pratique pour afficher vos cartes d&#039;acc\u00e8s et vos pi\u00e8ces d&#039;identit\u00e9.<\/p>\n<p>Fabriqu\u00e9 en PVC transparent et r\u00e9sistant, ce porte-badge prot\u00e8ge vos cartes d&#039;identit\u00e9 de l&#039;usure et les rend visibles. Son dessus renforc\u00e9 r\u00e9siste \u00e0 un usage quotidien et pr\u00e9vient les d\u00e9chirures et les dommages au point d&#039;attache du cordon. Sa conception astucieuse, dot\u00e9e de multiples perforations, offre des options de fixation flexibles pour les attaches centrales et lat\u00e9rales, ainsi que pour les enrouleurs de badge.<\/p>\n<p>En tant qu&#039;article en stock en vrac, le porte-badge \u201c Skoll \u201d (r\u00e9f. : 20639) est le choix id\u00e9al pour les gestionnaires d&#039;\u00e9v\u00e9nements et les responsables des achats qui ont besoin d&#039;une solution fiable, rentable et rapidement d\u00e9ployable pour les besoins de badges \u00e0 grande \u00e9chelle.<\/p>\n<p><b>Caract\u00e9ristiques principales :<\/b><\/p>\n<ul>\n<li><b>Orientation:<\/b> Verticale<\/li>\n<li><b>Mat\u00e9riel:<\/b> PVC transparent et durable<\/li>\n<li><b>Conception:<\/b> Dessus renforc\u00e9 pour une durabilit\u00e9 accrue<\/li>\n<li><b>Compatibilit\u00e9:<\/b> Multi-perfor\u00e9 pour attaches de longes centrales et lat\u00e9rales<\/li>\n<li><b>Utiliser:<\/b> Id\u00e9al pour les cartes d&#039;identit\u00e9 d&#039;entreprise, les laissez-passer d&#039;\u00e9v\u00e9nements et les cartes d&#039;acc\u00e8s<\/li>\n<\/ul>","protected":false},"excerpt":{"rendered":"<ul>\n<li>Construction en PVC transparent durable pour les \u00e9v\u00e9nements \u00e0 fort trafic.<\/li>\n<li>Le bord sup\u00e9rieur renforc\u00e9 emp\u00eache la d\u00e9chirure et la perte du badge.<\/li>\n<li>Les fentes polyvalentes s&#039;adaptent \u00e0 tous les clips de cordon et bobines de badge standard.<\/li>\n<li>Une solution \u00e9conomique pour l&#039;identification d&#039;entreprise et d&#039;\u00e9v\u00e9nements \u00e0 grande \u00e9chelle.<\/li>\n<\/ul>","protected":false},"featured_media":5253,"comment_status":"closed","ping_status":"closed","template":"","meta":[],"product_brand":[],"product_cat":[91],"product_tag":[],"class_list":{"0":"post-5252","1":"product","2":"type-product","3":"status-publish","4":"has-post-thumbnail","6":"product_cat-badge-holders","8":"first","9":"instock","10":"shipping-taxable","11":"purchasable","12":"product-type-simple"},"_links":{"self":[{"href":"https:\/\/displayproducts.eu\/fr\/wp-json\/wp\/v2\/product\/5252","targetHints":{"allow":["GET"]}}],"collection":[{"href":"https:\/\/displayproducts.eu\/fr\/wp-json\/wp\/v2\/product"}],"about":[{"href":"https:\/\/displayproducts.eu\/fr\/wp-json\/wp\/v2\/types\/product"}],"replies":[{"embeddable":true,"href":"https:\/\/displayproducts.eu\/fr\/wp-json\/wp\/v2\/comments?post=5252"}],"wp:featuredmedia":[{"embeddable":true,"href":"https:\/\/displayproducts.eu\/fr\/wp-json\/wp\/v2\/media\/5253"}],"wp:attachment":[{"href":"https:\/\/displayproducts.eu\/fr\/wp-json\/wp\/v2\/media?parent=5252"}],"wp:term":[{"taxonomy":"product_brand","embeddable":true,"href":"https:\/\/displayproducts.eu\/fr\/wp-json\/wp\/v2\/product_brand?post=5252"},{"taxonomy":"product_cat","embeddable":true,"href":"https:\/\/displayproducts.eu\/fr\/wp-json\/wp\/v2\/product_cat?post=5252"},{"taxonomy":"product_tag","embeddable":true,"href":"https:\/\/displayproducts.eu\/fr\/wp-json\/wp\/v2\/product_tag?post=5252"}],"curies":[{"name":"wp","href":"https:\/\/api.w.org\/{rel}","templated":true}]}}