{"id":5247,"date":"2025-10-22T14:14:30","date_gmt":"2025-10-22T11:14:30","guid":{"rendered":"https:\/\/wristbandfactory.eu\/?post_type=product&#038;p=5247"},"modified":"2026-04-01T21:52:35","modified_gmt":"2026-04-01T18:52:35","slug":"elastic-fabric-wristbands","status":"publish","type":"product","link":"https:\/\/displayproducts.eu\/fr\/p\/elastic-fabric-wristbands\/","title":{"rendered":"Bracelets en tissu \u00e9lastique"},"content":{"rendered":"<p data-path-to-node=\"8\">Offrez \u00e0 vos participants un confort optimal gr\u00e2ce \u00e0 nos bracelets \u00e9lastiques en tissu. Fabriqu\u00e9s dans une mati\u00e8re douce et extensible de haute qualit\u00e9, ils s&#039;enfilent facilement sur la main et le poignet, \u00e9liminant ainsi tout besoin de fermoir ou d&#039;attache en plastique.<\/p>\n<p data-path-to-node=\"9\">Ce mod\u00e8le \u201c taille unique \u201d simplifie votre processus de commande et de distribution, ce qui en fait la solution id\u00e9ale et sans tracas pour les promotions d&#039;entreprise, les produits d\u00e9riv\u00e9s et les \u00e9v\u00e9nements de plusieurs jours o\u00f9 le confort est primordial.<\/p>\n<h3>Image de marque personnalis\u00e9e en couleur<\/h3>\n<p data-path-to-node=\"11\">L&#039;ensemble du bracelet est une toile vierge. Nous utilisons une impression par sublimation haute d\u00e9finition bord \u00e0 bord pour garantir que votre logo soit \u00e9clatant, d\u00e9taill\u00e9 et parfaitement int\u00e9gr\u00e9 au tissu doux.<\/p>\n<h3>\u00c9tiquette intelligente optionnelle (QR et NFC)<\/h3>\n<p data-path-to-node=\"13\">Pour plus de fonctionnalit\u00e9s, ces bracelets \u00e9lastiques peuvent \u00eatre personnalis\u00e9s avec une \u00e9tiquette imprim\u00e9e. Cette \u00e9tiquette est id\u00e9ale pour y ajouter un code QR ou un code-barres unique permettant l&#039;acc\u00e8s, ou m\u00eame pour int\u00e9grer une puce NFC. Ainsi, un bracelet confortable se transforme en un outil intelligent et performant pour les paiements sans esp\u00e8ces ou les interactions num\u00e9riques.<\/p>\n<h3 data-path-to-node=\"14\">Caract\u00e9ristiques principales :<\/h3>\n<ul data-path-to-node=\"15\">\n<li>\n<p data-path-to-node=\"15,0,0\"><b>Mat\u00e9riel:<\/b> Tissu extensible \u00e9lastique doux de haute qualit\u00e9.<\/p>\n<\/li>\n<li>\n<p data-path-to-node=\"15,1,0\"><b>Ajuster:<\/b> Taille unique, extensible pour s&#039;adapter.<\/p>\n<\/li>\n<li>\n<p data-path-to-node=\"15,2,0\"><b>Fermeture:<\/b> Pas besoin de fermeture ; mod\u00e8le facile \u00e0 enfiler.<\/p>\n<\/li>\n<li>\n<p data-path-to-node=\"15,3,0\"><b>Impression:<\/b> Sublimation en couleur haute d\u00e9finition (bord \u00e0 bord).<\/p>\n<\/li>\n<li>\n<p data-path-to-node=\"15,4,0\"><b>Option technologique intelligente\u00a0:<\/b> Peut \u00eatre \u00e9quip\u00e9 d&#039;une \u00e9tiquette personnalis\u00e9e pour les codes QR ou les \u00e9tiquettes NFC.<\/p>\n<\/li>\n<li>\n<p data-path-to-node=\"15,5,0\"><b>Id\u00e9al pour :<\/b> Promotions, marchandises, festivals et utilisation confortable sur plusieurs jours.<\/p>\n<\/li>\n<\/ul>","protected":false},"excerpt":{"rendered":"<ul>\n<li>\n<p data-path-to-node=\"7,0,0\"><b>Confort ultime :<\/b> Fabriqu\u00e9 dans un tissu doux et extensible, de taille unique.<\/p>\n<\/li>\n<li>\n<p data-path-to-node=\"7,1,0\"><b>Pas besoin de cadenas\u00a0:<\/b> S&#039;enfile facilement, \u00e9liminant ainsi tout syst\u00e8me de fermeture en plastique.<\/p>\n<\/li>\n<li>\n<p data-path-to-node=\"7,2,0\"><b>Image de marque dynamique :<\/b> Enti\u00e8rement personnalisable gr\u00e2ce \u00e0 l&#039;impression par sublimation couleur bord \u00e0 bord.<\/p>\n<\/li>\n<li>\n<p data-path-to-node=\"7,3,0\"><b>Option intelligente\u00a0:<\/b> Peut \u00eatre \u00e9quip\u00e9 d&#039;une \u00e9tiquette personnalis\u00e9e pour les codes QR, les codes-barres ou les \u00e9tiquettes NFC.<\/p>\n<\/li>\n<\/ul>","protected":false},"featured_media":6382,"comment_status":"closed","ping_status":"closed","template":"","meta":[],"product_brand":[],"product_cat":[47],"product_tag":[],"class_list":{"0":"post-5247","1":"product","2":"type-product","3":"status-publish","4":"has-post-thumbnail","6":"product_cat-fabric-wristbands","8":"first","9":"instock","10":"shipping-taxable","11":"purchasable","12":"product-type-simple"},"_links":{"self":[{"href":"https:\/\/displayproducts.eu\/fr\/wp-json\/wp\/v2\/product\/5247","targetHints":{"allow":["GET"]}}],"collection":[{"href":"https:\/\/displayproducts.eu\/fr\/wp-json\/wp\/v2\/product"}],"about":[{"href":"https:\/\/displayproducts.eu\/fr\/wp-json\/wp\/v2\/types\/product"}],"replies":[{"embeddable":true,"href":"https:\/\/displayproducts.eu\/fr\/wp-json\/wp\/v2\/comments?post=5247"}],"wp:featuredmedia":[{"embeddable":true,"href":"https:\/\/displayproducts.eu\/fr\/wp-json\/wp\/v2\/media\/6382"}],"wp:attachment":[{"href":"https:\/\/displayproducts.eu\/fr\/wp-json\/wp\/v2\/media?parent=5247"}],"wp:term":[{"taxonomy":"product_brand","embeddable":true,"href":"https:\/\/displayproducts.eu\/fr\/wp-json\/wp\/v2\/product_brand?post=5247"},{"taxonomy":"product_cat","embeddable":true,"href":"https:\/\/displayproducts.eu\/fr\/wp-json\/wp\/v2\/product_cat?post=5247"},{"taxonomy":"product_tag","embeddable":true,"href":"https:\/\/displayproducts.eu\/fr\/wp-json\/wp\/v2\/product_tag?post=5247"}],"curies":[{"name":"wp","href":"https:\/\/api.w.org\/{rel}","templated":true}]}}