{"id":5242,"date":"2025-10-22T14:03:08","date_gmt":"2025-10-22T11:03:08","guid":{"rendered":"https:\/\/wristbandfactory.eu\/?post_type=product&#038;p=5242"},"modified":"2026-04-01T21:52:35","modified_gmt":"2026-04-01T18:52:35","slug":"pu-leather-wristbands","status":"publish","type":"product","link":"https:\/\/displayproducts.eu\/fr\/p\/pu-leather-wristbands\/","title":{"rendered":"Bracelets en cuir artificiel"},"content":{"rendered":"<p>Offrez \u00e0 vos invit\u00e9s une exp\u00e9rience haut de gamme. Nos bracelets en cuir PU offrent l&#039;aspect et le toucher raffin\u00e9s du cuir v\u00e9ritable, inscrivant une qualit\u00e9 irr\u00e9prochable pour votre \u00e9v\u00e9nement, votre espace VIP ou votre lancement de produit. Ils sont le choix id\u00e9al pour les clients souhaitant allier \u00e9l\u00e9gance et contr\u00f4le d&#039;acc\u00e8s s\u00e9curis\u00e9.<\/p>\n<p>Fabriqu\u00e9s en cuir polyur\u00e9thane (PU) de haute qualit\u00e9, ces bracelets constituent une alternative \u00e9l\u00e9gante et respectueuse des animaux (v\u00e9gan) au cuir traditionnel. Confortables \u00e0 porter, ils sont suffisamment r\u00e9sistants pour durer tout au long de l&#039;\u00e9v\u00e9nement. Leur surface lisse est un excellent support pour votre marque, et vous pouvez les imprimer ou les graver pour une finition subtile et \u00e9l\u00e9gante. Ces bracelets sont g\u00e9n\u00e9ralement dot\u00e9s d&#039;une fermeture s\u00e9curis\u00e9e \u00e0 usage unique, garantissant une s\u00e9curit\u00e9 optimale et une gestion optimale des acc\u00e8s.<\/p>\n<p><b>Caract\u00e9ristiques principales :<\/b><\/p>\n<ul>\n<li><b>Mat\u00e9riel:<\/b> Cuir PU de haute qualit\u00e9 (adapt\u00e9 aux v\u00e9g\u00e9taliens)<\/li>\n<li><b>Apparence:<\/b> \u00c9l\u00e9gant, professionnel et haut de gamme<\/li>\n<li><b>Personnalisation:<\/b> Id\u00e9al pour l&#039;impression de logo ou le gaufrage<\/li>\n<li><b>Fermeture:<\/b> Fermeture s\u00e9curis\u00e9e \u00e0 usage unique pour le contr\u00f4le des \u00e9v\u00e9nements<\/li>\n<li><b>Id\u00e9al pour :<\/b> Espaces VIP, \u00e9v\u00e9nements d&#039;entreprise, lancements de produits et hospitalit\u00e9<\/li>\n<\/ul>\n<p>&nbsp;<\/p>","protected":false},"excerpt":{"rendered":"<ul>\n<li>Offre l&#039;aspect et la sensation sophistiqu\u00e9s du cuir v\u00e9ritable.<\/li>\n<li>Durable, r\u00e9sistant \u00e0 l&#039;eau et confortable pour un port prolong\u00e9.<\/li>\n<li>Id\u00e9al pour l&#039;acc\u00e8s VIP, les f\u00eates d&#039;entreprise et l&#039;image de marque haut de gamme.<\/li>\n<\/ul>\n<p>&nbsp;<\/p>","protected":false},"featured_media":6428,"comment_status":"closed","ping_status":"closed","template":"","meta":[],"product_brand":[],"product_cat":[117],"product_tag":[],"class_list":{"0":"post-5242","1":"product","2":"type-product","3":"status-publish","4":"has-post-thumbnail","6":"product_cat-leather-wristbands","8":"first","9":"instock","10":"shipping-taxable","11":"purchasable","12":"product-type-simple"},"_links":{"self":[{"href":"https:\/\/displayproducts.eu\/fr\/wp-json\/wp\/v2\/product\/5242","targetHints":{"allow":["GET"]}}],"collection":[{"href":"https:\/\/displayproducts.eu\/fr\/wp-json\/wp\/v2\/product"}],"about":[{"href":"https:\/\/displayproducts.eu\/fr\/wp-json\/wp\/v2\/types\/product"}],"replies":[{"embeddable":true,"href":"https:\/\/displayproducts.eu\/fr\/wp-json\/wp\/v2\/comments?post=5242"}],"wp:featuredmedia":[{"embeddable":true,"href":"https:\/\/displayproducts.eu\/fr\/wp-json\/wp\/v2\/media\/6428"}],"wp:attachment":[{"href":"https:\/\/displayproducts.eu\/fr\/wp-json\/wp\/v2\/media?parent=5242"}],"wp:term":[{"taxonomy":"product_brand","embeddable":true,"href":"https:\/\/displayproducts.eu\/fr\/wp-json\/wp\/v2\/product_brand?post=5242"},{"taxonomy":"product_cat","embeddable":true,"href":"https:\/\/displayproducts.eu\/fr\/wp-json\/wp\/v2\/product_cat?post=5242"},{"taxonomy":"product_tag","embeddable":true,"href":"https:\/\/displayproducts.eu\/fr\/wp-json\/wp\/v2\/product_tag?post=5242"}],"curies":[{"name":"wp","href":"https:\/\/api.w.org\/{rel}","templated":true}]}}