{"id":5234,"date":"2025-10-22T13:43:36","date_gmt":"2025-10-22T10:43:36","guid":{"rendered":"https:\/\/wristbandfactory.eu\/?post_type=product&#038;p=5234"},"modified":"2026-04-01T21:52:04","modified_gmt":"2026-04-01T18:52:04","slug":"custom-charm-wristbands","status":"publish","type":"product","link":"https:\/\/displayproducts.eu\/fr\/p\/custom-charm-wristbands\/","title":{"rendered":"Bracelets \u00e0 breloques personnalis\u00e9s"},"content":{"rendered":"<p>Sublimez votre marque ou comm\u00e9morez un \u00e9v\u00e9nement sp\u00e9cial avec nos bracelets \u00e0 breloques enti\u00e8rement personnalisables. Ces bracelets sont la solution B2B id\u00e9ale pour cr\u00e9er des produits de haute qualit\u00e9 et attrayants pour les boutiques de souvenirs, les compagnies de croisi\u00e8res, les \u00e9v\u00e9nements d&#039;entreprise ou les cadeaux promotionnels uniques.<\/p>\n<p>Nous donnons vie \u00e0 votre vision. Cr\u00e9ez un charm unique en m\u00e9tal ou en \u00e9mail, inspir\u00e9 du logo de votre entreprise, de votre mascotte ou du th\u00e8me de votre campagne. Choisissez la couleur et le style du cordon (du sans impression cordon au n\u0153ud complexe) et ajoutez des perles d\u00e9coratives comme des coquillages, des lettres ou des \u00e9l\u00e9ments m\u00e9talliques pour refl\u00e9ter l&#039;esth\u00e9tique de votre marque.<\/p>\n<p>Cette polyvalence les rend parfaits pour tous les publics. Nous pouvons m\u00eame cr\u00e9er des coffrets \u201c\u00a0Meilleurs amis\u00a0\u201d ou des coffrets assortis, parfaits pour les attractions touristiques ou les produits d\u00e9riv\u00e9s. Chaque coffret est livr\u00e9 sur une carte de support personnalis\u00e9e, enti\u00e8rement personnalis\u00e9e et pr\u00eate \u00e0 \u00eatre pr\u00e9sent\u00e9e en magasin.<\/p>\n<p><b>Caract\u00e9ristiques principales :<\/b><\/p>\n<ul>\n<li><b>Breloques avec logo personnalis\u00e9\u00a0:<\/b> Nous cr\u00e9ons des breloques en \u00e9mail ou en m\u00e9tal de haute qualit\u00e9 selon votre design.<\/li>\n<li><b>Personnalisation compl\u00e8te :<\/b> Choisissez les couleurs de vos cordes, le style de votre bracelet et vos perles d\u00e9coratives (par exemple, coquillages, m\u00e9talliques).<\/li>\n<li><b>Emballage pr\u00eat \u00e0 vendre au d\u00e9tail :<\/b> Les bracelets sont livr\u00e9s sur une carte de support con\u00e7ue sur mesure, pr\u00eats \u00e0 \u00eatre expos\u00e9s.<\/li>\n<li><b>Marchandise polyvalente :<\/b> Id\u00e9al pour les boutiques de cadeaux, les attractions touristiques, les collaborations de marque et les \u00e9v\u00e9nements.<\/li>\n<li><b>Ensembles assortis :<\/b> Possibilit\u00e9 de cr\u00e9er des \u201c Meilleurs amis \u201d ou des ensembles assortis sur une seule carte.<\/li>\n<li><b>Ajustement r\u00e9glable :<\/b> Con\u00e7u avec des n\u0153uds r\u00e9glables pour s&#039;adapter \u00e0 une large gamme de clients.<\/li>\n<\/ul>","protected":false},"excerpt":{"rendered":"<ul>\n<li>Concevez des bracelets uniques avec vos propres breloques de logo personnalis\u00e9es.<\/li>\n<li>Choisissez parmi une vari\u00e9t\u00e9 de couleurs de cordes, de perles et de styles.<\/li>\n<li>Id\u00e9al pour les produits de marque, les boutiques de souvenirs ou les \u00e9v\u00e9nements sp\u00e9ciaux.<\/li>\n<li>Livr\u00e9 sur des cartes de support imprim\u00e9es sur mesure pour une finition pr\u00eate \u00e0 \u00eatre vendue au d\u00e9tail.<\/li>\n<\/ul>","protected":false},"featured_media":6680,"comment_status":"closed","ping_status":"closed","template":"","meta":[],"product_brand":[],"product_cat":[122],"product_tag":[],"class_list":{"0":"post-5234","1":"product","2":"type-product","3":"status-publish","4":"has-post-thumbnail","6":"product_cat-promotional-accessories","8":"first","9":"instock","10":"shipping-taxable","11":"product-type-simple"},"_links":{"self":[{"href":"https:\/\/displayproducts.eu\/fr\/wp-json\/wp\/v2\/product\/5234","targetHints":{"allow":["GET"]}}],"collection":[{"href":"https:\/\/displayproducts.eu\/fr\/wp-json\/wp\/v2\/product"}],"about":[{"href":"https:\/\/displayproducts.eu\/fr\/wp-json\/wp\/v2\/types\/product"}],"replies":[{"embeddable":true,"href":"https:\/\/displayproducts.eu\/fr\/wp-json\/wp\/v2\/comments?post=5234"}],"wp:featuredmedia":[{"embeddable":true,"href":"https:\/\/displayproducts.eu\/fr\/wp-json\/wp\/v2\/media\/6680"}],"wp:attachment":[{"href":"https:\/\/displayproducts.eu\/fr\/wp-json\/wp\/v2\/media?parent=5234"}],"wp:term":[{"taxonomy":"product_brand","embeddable":true,"href":"https:\/\/displayproducts.eu\/fr\/wp-json\/wp\/v2\/product_brand?post=5234"},{"taxonomy":"product_cat","embeddable":true,"href":"https:\/\/displayproducts.eu\/fr\/wp-json\/wp\/v2\/product_cat?post=5234"},{"taxonomy":"product_tag","embeddable":true,"href":"https:\/\/displayproducts.eu\/fr\/wp-json\/wp\/v2\/product_tag?post=5234"}],"curies":[{"name":"wp","href":"https:\/\/api.w.org\/{rel}","templated":true}]}}