{"id":5224,"date":"2025-10-21T12:20:54","date_gmt":"2025-10-21T09:20:54","guid":{"rendered":"https:\/\/wristbandfactory.eu\/?post_type=product&#038;p=5224"},"modified":"2026-04-01T21:52:35","modified_gmt":"2026-04-01T18:52:35","slug":"tricolor-silicone-wristbands","status":"publish","type":"product","link":"https:\/\/displayproducts.eu\/fr\/p\/tricolor-silicone-wristbands\/","title":{"rendered":"Bracelets en silicone tricolores"},"content":{"rendered":"<p>Optimisez la visibilit\u00e9 de votre marque gr\u00e2ce \u00e0 nos bracelets en silicone tricolores personnalis\u00e9s. Compos\u00e9s de trois segments de couleurs distinctes moul\u00e9s ensemble en un seul bracelet sans couture, ces bracelets offrent un style audacieux et contrast\u00e9, incomparable \u00e0 celui des bracelets monochromes.<\/p>\n<p>Ces bracelets segment\u00e9s sont un outil puissant pour les organisateurs d&#039;\u00e9v\u00e9nements, les responsables marketing et les organisations. Utilisez-les pour repr\u00e9senter les couleurs de votre marque, soutenir une cause ou s&#039;harmoniser avec le th\u00e8me d&#039;un \u00e9v\u00e9nement. Chaque bracelet est fabriqu\u00e9 en silicone 100% de haute qualit\u00e9, hypoallerg\u00e9nique, pour un confort et une durabilit\u00e9 durables.<\/p>\n<p>Votre logo ou message est grav\u00e9 en creux avec pr\u00e9cision dans le bracelet, puis rempli d&#039;une couleur Pantone unique et contrastante. Cette m\u00e9thode d&#039;incrustation prot\u00e8ge votre design de l&#039;usure et garantit une visibilit\u00e9 durable de votre marque. Nous pouvons produire ces bracelets dans toutes les tailles, y compris les tailles standard adulte (202 mm), enfant ou enfant, pour s&#039;adapter parfaitement \u00e0 votre public.<\/p>\n<blockquote><p><b>Note de production :<\/b> Ces bracelets sont fabriqu\u00e9s en assemblant des sections de silicone de diff\u00e9rentes couleurs. Ce proc\u00e9d\u00e9 de moulage ne permet pas d&#039;obtenir une ligne parfaitement droite entre les couleurs, ce qui peut entra\u00eener un m\u00e9lange naturel des couleurs.<\/p><\/blockquote>\n<p><b>Caract\u00e9ristiques principales :<\/b><\/p>\n<ul>\n<li><b>Design tricolore \u00e0 fort impact :<\/b> Comporte trois segments de couleurs distinctes moul\u00e9s ensemble pour une affirmation de marque audacieuse.<\/li>\n<li><b>Logo incrust\u00e9 durable\u00a0:<\/b> Votre motif est en relief (en creux) et rempli d&#039;une incrustation monochrome, ce qui garantit qu&#039;il ne se d\u00e9colorera pas et ne s&#039;effacera pas.<\/li>\n<li><b>Correspondance Pantone compl\u00e8te\u00a0:<\/b> Personnalisez les trois segments et le logo avec les couleurs Pantone exactes de votre marque.<\/li>\n<li><b>Silicone de qualit\u00e9 100%\u00a0:<\/b> Fabriqu\u00e9 en silicone durable, flexible et non allerg\u00e8ne (<span class=\"math-inline\" data-math=\"100\\\\%\">$100\\\\%$<\/span> silicone souple et durable) pour un confort longue dur\u00e9e.<\/li>\n<li><b>Tailles polyvalentes :<\/b> Disponible en taille adulte standard (202 *12) <span class=\"math-inline\" data-math=\"\\times\">*<\/span>\u00a02 mm), pour jeunes et tailles enfant personnalis\u00e9es.<\/li>\n<\/ul>","protected":false},"excerpt":{"rendered":"<ul>\n<li>Comporte trois segments de couleurs distincts et \u00e0 fort impact pour un look audacieux.<\/li>\n<li>Logo durable en creux (en creux) avec un remplissage monochrome qui ne s&#039;effacera pas.<\/li>\n<li>Enti\u00e8rement personnalisable avec les couleurs Pantone de votre organisation.<\/li>\n<li>Disponible en tailles adulte, jeune et enfant pour convenir \u00e0 tous les publics.<\/li>\n<li><\/li>\n<\/ul>","protected":false},"featured_media":5974,"comment_status":"closed","ping_status":"closed","template":"","meta":[],"product_brand":[],"product_cat":[49],"product_tag":[],"class_list":{"0":"post-5224","1":"product","2":"type-product","3":"status-publish","4":"has-post-thumbnail","6":"product_cat-silicone","8":"first","9":"instock","10":"shipping-taxable","11":"purchasable","12":"product-type-simple"},"_links":{"self":[{"href":"https:\/\/displayproducts.eu\/fr\/wp-json\/wp\/v2\/product\/5224","targetHints":{"allow":["GET"]}}],"collection":[{"href":"https:\/\/displayproducts.eu\/fr\/wp-json\/wp\/v2\/product"}],"about":[{"href":"https:\/\/displayproducts.eu\/fr\/wp-json\/wp\/v2\/types\/product"}],"replies":[{"embeddable":true,"href":"https:\/\/displayproducts.eu\/fr\/wp-json\/wp\/v2\/comments?post=5224"}],"wp:featuredmedia":[{"embeddable":true,"href":"https:\/\/displayproducts.eu\/fr\/wp-json\/wp\/v2\/media\/5974"}],"wp:attachment":[{"href":"https:\/\/displayproducts.eu\/fr\/wp-json\/wp\/v2\/media?parent=5224"}],"wp:term":[{"taxonomy":"product_brand","embeddable":true,"href":"https:\/\/displayproducts.eu\/fr\/wp-json\/wp\/v2\/product_brand?post=5224"},{"taxonomy":"product_cat","embeddable":true,"href":"https:\/\/displayproducts.eu\/fr\/wp-json\/wp\/v2\/product_cat?post=5224"},{"taxonomy":"product_tag","embeddable":true,"href":"https:\/\/displayproducts.eu\/fr\/wp-json\/wp\/v2\/product_tag?post=5224"}],"curies":[{"name":"wp","href":"https:\/\/api.w.org\/{rel}","templated":true}]}}