{"id":5218,"date":"2025-10-21T11:56:09","date_gmt":"2025-10-21T08:56:09","guid":{"rendered":"https:\/\/wristbandfactory.eu\/?post_type=product&#038;p=5218"},"modified":"2026-04-01T21:52:35","modified_gmt":"2026-04-01T18:52:35","slug":"remote-control-led-wristbands","status":"publish","type":"product","link":"https:\/\/displayproducts.eu\/fr\/p\/remote-control-led-wristbands\/","title":{"rendered":"Bracelets LED personnalis\u00e9s t\u00e9l\u00e9command\u00e9s (RF et DMX)"},"content":{"rendered":"<p data-path-to-node=\"9\">Transformez votre concert, festival ou \u00e9v\u00e9nement d&#039;entreprise en un spectacle de lumi\u00e8re inoubliable. Nos bracelets LED t\u00e9l\u00e9command\u00e9s vous permettent de synchroniser chaque invit\u00e9 avec votre musique et votre programmation, cr\u00e9ant ainsi une exp\u00e9rience visuelle unique et grandiose qui stimule l&#039;engagement du public.<\/p>\n<p data-path-to-node=\"10\">Vous trouverez ici tous nos mod\u00e8les de bracelets en silicone et en plastique t\u00e9l\u00e9command\u00e9s. Nous avons regroup\u00e9 nos diff\u00e9rents mod\u00e8les pour vous aider \u00e0 choisir la solution id\u00e9ale, adapt\u00e9e aux besoins techniques et au budget de votre \u00e9v\u00e9nement.<\/p>\n<p data-path-to-node=\"11\">Tous les mod\u00e8les sont compatibles avec un centre <strong><a href=\"https:\/\/displayproducts.eu\/fr\/p\/remote-dmx-controllers-for-led-wristbands\/\">Contr\u00f4leur \u00e0 distance et DMX<\/a><\/strong> qui est vendu s\u00e9par\u00e9ment dans notre <strong><a href=\"https:\/\/displayproducts.eu\/fr\/c\/event-supplies\/\">Fournitures pour \u00e9v\u00e9nements<\/a><\/strong> cat\u00e9gorie. Ce contr\u00f4leur permet \u00e0 un seul op\u00e9rateur de modifier simultan\u00e9ment les couleurs et les motifs de clignotement des LED pour tous les bracelets de l&#039;\u00e9tablissement.<\/p>\n<h3>Choisissez votre mod\u00e8le t\u00e9l\u00e9command\u00e9<\/h3>\n<p data-path-to-node=\"13\">S\u00e9lectionnez le mod\u00e8le sp\u00e9cifique en fonction des exigences de votre \u00e9v\u00e9nement en mati\u00e8re de luminosit\u00e9, d&#039;autonomie de la batterie, de design ou de durabilit\u00e9\u00a0:<\/p>\n<h4>1. Le \u201c Bright \u201d (11 LED \/ Alimentation par piles AAA)<\/h4>\n<p><img fetchpriority=\"high\" decoding=\"async\" class=\"alignnone wp-image-5543\" src=\"https:\/\/displayproducts.eu\/wp-content\/uploads\/2025\/10\/the-bright.jpg\" alt=\"\" width=\"300\" height=\"300\" srcset=\"https:\/\/displayproducts.eu\/wp-content\/uploads\/2025\/10\/the-bright.jpg 1080w, https:\/\/displayproducts.eu\/wp-content\/uploads\/2025\/10\/the-bright-768x768.jpg 768w, https:\/\/displayproducts.eu\/wp-content\/uploads\/2025\/10\/the-bright-12x12.jpg 12w, https:\/\/displayproducts.eu\/wp-content\/uploads\/2025\/10\/the-bright-300x300.jpg 300w, https:\/\/displayproducts.eu\/wp-content\/uploads\/2025\/10\/the-bright-600x600.jpg 600w, https:\/\/displayproducts.eu\/wp-content\/uploads\/2025\/10\/the-bright-100x100.jpg 100w, https:\/\/displayproducts.eu\/wp-content\/uploads\/2025\/10\/the-bright-64x64.jpg 64w\" sizes=\"(max-width: 300px) 100vw, 300px\" \/><\/p>\n<p data-path-to-node=\"17\">Notre solution la plus performante, ce mod\u00e8le est dot\u00e9 de 11 LED individuelles pour un impact visuel maximal dans les stades. Il fonctionne avec deux piles AAA standard rempla\u00e7ables et offre une autonomie de 12 heures.<\/p>\n<ul data-path-to-node=\"18\">\n<li>\n<p data-path-to-node=\"18,0,0\"><b data-path-to-node=\"18,0,0\" data-index-in-node=\"0\">Id\u00e9al pour :<\/b> Tourn\u00e9es de stades \u00e0 grande \u00e9chelle et festivals en plein air.<\/p>\n<\/li>\n<\/ul>\n<h4>2. La norme \u201c\u00a0\u00e9cologique\u00a0\u201d<\/h4>\n<p><img decoding=\"async\" class=\"alignnone wp-image-5544\" src=\"https:\/\/displayproducts.eu\/wp-content\/uploads\/2025\/10\/eco-friendly.jpg\" alt=\"\" width=\"300\" height=\"300\" \/><\/p>\n<p data-path-to-node=\"19\"><span data-path-to-node=\"20,2\"><span class=\"citation-377\">Ce mod\u00e8le est notre solution la plus populaire et la plus polyvalente, fabriqu\u00e9e en ABS et silicone confortables. <\/span><\/span><span data-path-to-node=\"20,4\"> Elle dispose d&#039;une autonomie robuste de 12 heures (pile CR2032) et de 15 options de couleur.<\/span><\/p>\n<ul data-path-to-node=\"20\">\n<li>\n<p data-path-to-node=\"20,0,0\"><b>Id\u00e9al pour :<\/b> Marques et \u00e9v\u00e9nements ax\u00e9s sur la durabilit\u00e9 et la fiabilit\u00e9.<\/p>\n<\/li>\n<\/ul>\n<h4>3. Le \u201c Sculpt\u00e9 \u201d (Conception 3D)<\/h4>\n<p><img decoding=\"async\" class=\"alignnone wp-image-5545\" src=\"https:\/\/displayproducts.eu\/wp-content\/uploads\/2025\/10\/sculpted-1.jpg\" alt=\"\" width=\"300\" height=\"300\" srcset=\"https:\/\/displayproducts.eu\/wp-content\/uploads\/2025\/10\/sculpted-1.jpg 500w, https:\/\/displayproducts.eu\/wp-content\/uploads\/2025\/10\/sculpted-1-12x12.jpg 12w, https:\/\/displayproducts.eu\/wp-content\/uploads\/2025\/10\/sculpted-1-300x300.jpg 300w, https:\/\/displayproducts.eu\/wp-content\/uploads\/2025\/10\/sculpted-1-100x100.jpg 100w, https:\/\/displayproducts.eu\/wp-content\/uploads\/2025\/10\/sculpted-1-64x64.jpg 64w\" sizes=\"(max-width: 300px) 100vw, 300px\" \/><\/p>\n<p data-path-to-node=\"21\">Affirmez votre style avec audace. Ce mod\u00e8le pr\u00e9sente un design unique, <b>dessus sculpt\u00e9 g\u00e9om\u00e9trique en 3D<\/b> (Disponible avec 2 ou 4 LED). C&#039;est un accessoire haut de gamme \u00e0 porter qui se distingue.<\/p>\n<ul data-path-to-node=\"22\">\n<li>\n<p data-path-to-node=\"22,0,0\"><b>Id\u00e9al pour :<\/b> Espaces VIP, lancements de produits et \u00e9v\u00e9nements de haute couture.<\/p>\n<\/li>\n<\/ul>\n<h4>4. Le \u201c l\u00e9ger \u201d (20 g)<\/h4>\n<p><img loading=\"lazy\" decoding=\"async\" class=\"alignnone wp-image-5546\" src=\"https:\/\/displayproducts.eu\/wp-content\/uploads\/2025\/10\/lightweight.jpg\" alt=\"\" width=\"300\" height=\"300\" srcset=\"https:\/\/displayproducts.eu\/wp-content\/uploads\/2025\/10\/lightweight.jpg 500w, https:\/\/displayproducts.eu\/wp-content\/uploads\/2025\/10\/lightweight-12x12.jpg 12w, https:\/\/displayproducts.eu\/wp-content\/uploads\/2025\/10\/lightweight-300x300.jpg 300w, https:\/\/displayproducts.eu\/wp-content\/uploads\/2025\/10\/lightweight-100x100.jpg 100w, https:\/\/displayproducts.eu\/wp-content\/uploads\/2025\/10\/lightweight-64x64.jpg 64w\" sizes=\"(max-width: 300px) 100vw, 300px\" \/><\/p>\n<p data-path-to-node=\"24\">Con\u00e7u pour un confort maximal, ce mod\u00e8le p\u00e8se <b>seulement 20 grammes<\/b>, permettant aux participants de la porter toute la nuit. Elle propose 15 coloris et une autonomie de 12 heures (piles CR2032).<\/p>\n<ul data-path-to-node=\"25\">\n<li>\n<p data-path-to-node=\"25,0,0\"><b>Id\u00e9al pour :<\/b> Conf\u00e9rences, soir\u00e9es d&#039;entreprise et \u00e9v\u00e9nements o\u00f9 le confort est primordial.<\/p>\n<\/li>\n<\/ul>\n<h4>5. La \u201c montre \u201d (veille \u00e9v\u00e9nementielle)<\/h4>\n<p><img loading=\"lazy\" decoding=\"async\" class=\"alignnone wp-image-5548 size-full\" src=\"https:\/\/displayproducts.eu\/wp-content\/uploads\/2025\/10\/watch-e1763320779944.jpg\" alt=\"\" width=\"480\" height=\"288\" srcset=\"https:\/\/displayproducts.eu\/wp-content\/uploads\/2025\/10\/watch-e1763320779944.jpg 480w, https:\/\/displayproducts.eu\/wp-content\/uploads\/2025\/10\/watch-e1763320779944-18x12.jpg 18w, https:\/\/displayproducts.eu\/wp-content\/uploads\/2025\/10\/watch-e1763320779944-64x38.jpg 64w\" sizes=\"(max-width: 480px) 100vw, 480px\" \/><\/p>\n<p data-path-to-node=\"27\">Ce mod\u00e8le est dot\u00e9 d&#039;un <b>style montre<\/b> Un design avec une grande face plate, offrant une surface excellente et tr\u00e8s visible pour votre logo personnalis\u00e9.<\/p>\n<ul data-path-to-node=\"28\">\n<li>\n<p data-path-to-node=\"28,0,0\"><b>Id\u00e9al pour :<\/b> \u00c9v\u00e9nements d&#039;entreprise et image de marque des sponsors.<\/p>\n<\/li>\n<\/ul>\n<h2 data-path-to-node=\"31\">Caract\u00e9ristiques<\/h2>\n<ul data-path-to-node=\"32\">\n<li>\n<p data-path-to-node=\"32,0,1\"><span data-path-to-node=\"32,0,1,0\"><b data-path-to-node=\"32,0,1,0\" data-index-in-node=\"0\"><span class=\"citation-374\">Technologie de contr\u00f4le :<\/span><\/b><span class=\"citation-374\"> RF (radiofr\u00e9quence) et DMX512. <\/span><\/span><\/p>\n<\/li>\n<li>\n<p data-path-to-node=\"32,1,1\"><span data-path-to-node=\"32,1,1,0\"><b data-path-to-node=\"32,1,1,0\" data-index-in-node=\"0\"><span class=\"citation-373\">Mat\u00e9riels:<\/span><\/b><span class=\"citation-373\"> Silicone, ABS, PVC. <\/span><\/span><\/p>\n<\/li>\n<li>\n<p data-path-to-node=\"32,2,0\"><b data-path-to-node=\"32,2,0\" data-index-in-node=\"0\">Autonomie de la batterie :<\/b> De 6 \u00e0 12 heures selon le mod\u00e8le.<\/p>\n<\/li>\n<li>\n<p data-path-to-node=\"32,3,1\"><span data-path-to-node=\"32,3,1,0\"><b data-path-to-node=\"32,3,1,0\" data-index-in-node=\"0\"><span class=\"citation-372\">Image de marque :<\/span><\/b><span class=\"citation-372\"> Impression de logo personnalis\u00e9e en 1 ou plusieurs couleurs. <\/span><\/span><\/p>\n<\/li>\n<li>\n<p data-path-to-node=\"32,4,0\"><b data-path-to-node=\"32,4,0\" data-index-in-node=\"0\">Quantit\u00e9 minimale de commande\u00a0:<\/b> 100 unit\u00e9s.<\/p>\n<\/li>\n<\/ul>\n<h3><strong><a href=\"https:\/\/displayproducts.eu\/fr\/p\/remote-dmx-controllers-for-led-wristbands\/\">Contr\u00f4leur \u00e0 distance et DMX<\/a><\/strong><\/h3>\n<p><img loading=\"lazy\" decoding=\"async\" class=\"\" src=\"https:\/\/displayproducts.eu\/wp-content\/uploads\/2025\/10\/controller-2-scaled.jpeg\" width=\"365\" height=\"365\" \/><\/p>","protected":false},"excerpt":{"rendered":"<ul>\n<li>\n<p data-path-to-node=\"9,0,0\"><b data-path-to-node=\"9,0,0\" data-index-in-node=\"0\">Synchronisation centralis\u00e9e\u00a0:<\/b> Enti\u00e8rement compatible avec les contr\u00f4leurs RF et DMX pour des spectacles de lumi\u00e8re immersifs \u00e0 l&#039;\u00e9chelle de la salle.<\/p>\n<\/li>\n<li>\n<p data-path-to-node=\"9,1,0\"><b data-path-to-node=\"9,1,0\" data-index-in-node=\"0\">Gamme de mod\u00e8les diversifi\u00e9e\u00a0:<\/b> Choisissez parmi 11 mod\u00e8les distincts, dont des mod\u00e8les ultra-l\u00e9gers, \u00e0 haute luminosit\u00e9 AAA et sculpt\u00e9s en 3D.<\/p>\n<\/li>\n<li>\n<p data-path-to-node=\"9,2,1\"><span data-path-to-node=\"9,2,1,0\"><b data-path-to-node=\"9,2,1,0\" data-index-in-node=\"0\"><span class=\"citation-351\">Image de marque B2B\u00a0:<\/span><\/b><span class=\"citation-351\"> Impression de logo personnalis\u00e9e de haute qualit\u00e9 disponible sur tous les mod\u00e8les pour une visibilit\u00e9 maximale des sponsors. <\/span><\/span><\/p>\n<\/li>\n<li>\n<p data-path-to-node=\"9,3,0\"><b data-path-to-node=\"9,3,0\" data-index-in-node=\"0\">Contr\u00f4le \u00e0 longue port\u00e9e\u00a0:<\/b> Couverture du signal fiable jusqu&#039;\u00e0 300-500 m\u00e8tres pour les \u00e9v\u00e9nements \u00e0 l&#039;\u00e9chelle d&#039;un stade.<\/p>\n<\/li>\n<\/ul>","protected":false},"featured_media":5031,"comment_status":"closed","ping_status":"closed","template":"","meta":[],"product_brand":[],"product_cat":[80],"product_tag":[],"class_list":{"0":"post-5218","1":"product","2":"type-product","3":"status-publish","4":"has-post-thumbnail","6":"product_cat-led-wristbands","8":"first","9":"instock","10":"shipping-taxable","11":"purchasable","12":"product-type-simple"},"_links":{"self":[{"href":"https:\/\/displayproducts.eu\/fr\/wp-json\/wp\/v2\/product\/5218","targetHints":{"allow":["GET"]}}],"collection":[{"href":"https:\/\/displayproducts.eu\/fr\/wp-json\/wp\/v2\/product"}],"about":[{"href":"https:\/\/displayproducts.eu\/fr\/wp-json\/wp\/v2\/types\/product"}],"replies":[{"embeddable":true,"href":"https:\/\/displayproducts.eu\/fr\/wp-json\/wp\/v2\/comments?post=5218"}],"wp:featuredmedia":[{"embeddable":true,"href":"https:\/\/displayproducts.eu\/fr\/wp-json\/wp\/v2\/media\/5031"}],"wp:attachment":[{"href":"https:\/\/displayproducts.eu\/fr\/wp-json\/wp\/v2\/media?parent=5218"}],"wp:term":[{"taxonomy":"product_brand","embeddable":true,"href":"https:\/\/displayproducts.eu\/fr\/wp-json\/wp\/v2\/product_brand?post=5218"},{"taxonomy":"product_cat","embeddable":true,"href":"https:\/\/displayproducts.eu\/fr\/wp-json\/wp\/v2\/product_cat?post=5218"},{"taxonomy":"product_tag","embeddable":true,"href":"https:\/\/displayproducts.eu\/fr\/wp-json\/wp\/v2\/product_tag?post=5218"}],"curies":[{"name":"wp","href":"https:\/\/api.w.org\/{rel}","templated":true}]}}