{"id":5209,"date":"2025-10-20T23:33:45","date_gmt":"2025-10-20T20:33:45","guid":{"rendered":"https:\/\/wristbandfactory.eu\/?post_type=product&#038;p=5209"},"modified":"2026-04-01T21:52:35","modified_gmt":"2026-04-01T18:52:35","slug":"printed-cup-holder-clip","status":"publish","type":"product","link":"https:\/\/displayproducts.eu\/fr\/p\/printed-cup-holder-clip\/","title":{"rendered":"Clip porte-gobelet imprim\u00e9"},"content":{"rendered":"<p data-path-to-node=\"12\">Am\u00e9liorez l&#039;exp\u00e9rience des participants \u00e0 votre prochain festival ou conf\u00e9rence gr\u00e2ce \u00e0 nos conseils pratiques. <b data-path-to-node=\"12\" data-index-in-node=\"112\">Clip porte-gobelet imprim\u00e9<\/b>. Cet accessoire astucieux r\u00e9sout un probl\u00e8me courant lors des \u00e9v\u00e9nements\u00a0: tenir sa tasse r\u00e9utilisable toute la journ\u00e9e. En permettant aux invit\u00e9s d\u2019attacher leur gobelet vide \u00e0 une lani\u00e8re ou \u00e0 une ceinture, vous leur lib\u00e9rez les mains pour discuter, danser ou encourager l\u2019\u00e9quipe.<\/p>\n<p data-path-to-node=\"13\"><span data-path-to-node=\"13,1\"><span class=\"citation-56\">Con\u00e7u pour fonctionner parfaitement avec notre <\/span><b data-path-to-node=\"13,1\" data-index-in-node=\"37\"><span class=\"citation-56\">Cordons<\/span><\/b> <\/span><span data-path-to-node=\"13,4\"><span class=\"citation-55\">et <\/span><b data-path-to-node=\"13,4\" data-index-in-node=\"4\"><span class=\"citation-55\">Es gobelets personnalis\u00e9s et ecocups<\/span><\/b><\/span><span data-path-to-node=\"13,6\">, Cette pince est un accessoire indispensable \u00e0 toute strat\u00e9gie \u00e9v\u00e9nementielle \u00e9coresponsable. Elle encourage la r\u00e9utilisation des gobelets en facilitant leur transport et en r\u00e9duisant ainsi le risque de gaspillage ou de perte.<\/span><\/p>\n<h2 data-path-to-node=\"14\">Caract\u00e9ristiques principales<\/h2>\n<ul data-path-to-node=\"15\">\n<li>\n<p data-path-to-node=\"15,0,0\"><b data-path-to-node=\"15,0,0\" data-index-in-node=\"0\">Prise en main s\u00fbre\u00a0:<\/b> Le m\u00e9canisme de fixation s&#039;accroche fermement au bord des gobelets et des tasses en plastique r\u00e9utilisables standard (PP), assurant ainsi que le gobelet reste en place pendant la marche.<\/p>\n<\/li>\n<li>\n<p data-path-to-node=\"15,1,0\"><b data-path-to-node=\"15,1,0\" data-index-in-node=\"0\">Image de marque \u00e0 haute visibilit\u00e9 :<\/b> Malgr\u00e9 sa taille compacte, le clip comporte une large surface plane sp\u00e9cialement con\u00e7ue pour l&#039;impression de votre logo, mettant ainsi votre marque en valeur \u00e0 chaque gorg\u00e9e.<\/p>\n<\/li>\n<li>\n<p data-path-to-node=\"15,2,0\"><b data-path-to-node=\"15,2,0\" data-index-in-node=\"0\">Coordination des couleurs :<\/b> Fabriqu\u00e9 en plastique ABS durable, disponible dans une large gamme de couleurs pour s&#039;harmoniser avec votre identit\u00e9 de marque ou le th\u00e8me de votre \u00e9v\u00e9nement.<\/p>\n<\/li>\n<li>\n<p data-path-to-node=\"15,3,0\"><b data-path-to-node=\"15,3,0\" data-index-in-node=\"0\">Conception l\u00e9g\u00e8re :<\/b> Pesant seulement 3 grammes, il n&#039;ajoute absolument aucun volume au cordon du participant.<\/p>\n<\/li>\n<\/ul>\n<h2 data-path-to-node=\"16\">Caract\u00e9ristiques<\/h2>\n<ul data-path-to-node=\"17\">\n<li>\n<p data-path-to-node=\"17,0,0\"><b data-path-to-node=\"17,0,0\" data-index-in-node=\"0\">Mat\u00e9riel:<\/b> Plastique ABS r\u00e9sistant.<\/p>\n<\/li>\n<li>\n<p data-path-to-node=\"17,1,0\"><b data-path-to-node=\"17,1,0\" data-index-in-node=\"0\">Dimensions:<\/b> 1,6 x 2,2 x 2,2 cm.<\/p>\n<\/li>\n<li>\n<p data-path-to-node=\"17,2,0\"><b data-path-to-node=\"17,2,0\" data-index-in-node=\"0\">Poids:<\/b> 3g.<\/p>\n<\/li>\n<li>\n<p data-path-to-node=\"17,3,0\"><b data-path-to-node=\"17,3,0\" data-index-in-node=\"0\">Compatibilit\u00e9:<\/b> Convient aux gobelets et tasses r\u00e9utilisables standard des festivals.<\/p>\n<\/li>\n<li>\n<p data-path-to-node=\"17,4,0\"><b data-path-to-node=\"17,4,0\" data-index-in-node=\"0\">Pi\u00e8ce jointe:<\/b> Anneau de fixation pour cordons ou mousquetons.<\/p>\n<\/li>\n<li>\n<p data-path-to-node=\"17,5,0\"><b data-path-to-node=\"17,5,0\" data-index-in-node=\"0\">Personnalisation:<\/b> Impression par tampographie sur surface plane.<\/p>\n<\/li>\n<\/ul>\n<h2 data-path-to-node=\"18\">Cas d&#039;utilisation<\/h2>\n<ul data-path-to-node=\"19\">\n<li>\n<p data-path-to-node=\"19,0,0\"><b data-path-to-node=\"19,0,0\" data-index-in-node=\"0\">Festivals de musique :<\/b> Permet aux supporters de danser sans tenir un gobelet vide.<\/p>\n<\/li>\n<li>\n<p data-path-to-node=\"19,1,0\"><b data-path-to-node=\"19,1,0\" data-index-in-node=\"0\">\u00c9v\u00e9nements de d\u00e9gustation de bi\u00e8res et de vins\u00a0:<\/b> Permet de garder le verre de d\u00e9gustation \u00e0 port\u00e9e de main entre les postes de travail.<\/p>\n<\/li>\n<li>\n<p data-path-to-node=\"19,2,0\"><b data-path-to-node=\"19,2,0\" data-index-in-node=\"0\">Salons professionnels :<\/b> Permet de garder les mains libres pour \u00e9changer des cartes de visite tout en tenant une tasse de caf\u00e9.<\/p>\n<\/li>\n<li>\n<p data-path-to-node=\"19,3,0\"><b data-path-to-node=\"19,3,0\" data-index-in-node=\"0\">\u00c9v\u00e9nements en plein air :<\/b> Emp\u00eache la perte des gobelets ou leur oubli par terre.<\/p>\n<\/li>\n<\/ul>","protected":false},"excerpt":{"rendered":"<ul>\n<li>\n<p data-path-to-node=\"11,0,0\"><b data-path-to-node=\"11,0,0\" data-index-in-node=\"0\">Confort mains libres\u00a0:<\/b> Permet aux participants d&#039;accrocher leur gobelet r\u00e9utilisable \u00e0 une lani\u00e8re ou \u00e0 une boucle de ceinture.<\/p>\n<\/li>\n<li>\n<p data-path-to-node=\"11,1,0\"><b data-path-to-node=\"11,1,0\" data-index-in-node=\"0\">Ajustement universel :<\/b> Se fixe solidement au bord de la plupart des gobelets de festival en plastique standard.<\/p>\n<\/li>\n<li>\n<p data-path-to-node=\"11,2,0\"><b data-path-to-node=\"11,2,0\" data-index-in-node=\"0\">Personnalisation de la marque\u00a0:<\/b> Dispose d&#039;une surface plane d\u00e9di\u00e9e pour l&#039;impression de logo haute visibilit\u00e9.<\/p>\n<\/li>\n<li>\n<p data-path-to-node=\"11,3,0\"><b data-path-to-node=\"11,3,0\" data-index-in-node=\"0\">L\u00e9ger et durable :<\/b> Fabriqu\u00e9 en plastique ABS r\u00e9sistant (3 g), disponible en diff\u00e9rentes couleurs.<\/p>\n<\/li>\n<\/ul>","protected":false},"featured_media":6476,"comment_status":"closed","ping_status":"closed","template":"","meta":[],"product_brand":[],"product_cat":[119],"product_tag":[],"class_list":{"0":"post-5209","1":"product","2":"type-product","3":"status-publish","4":"has-post-thumbnail","6":"product_cat-drinkware-accessories","8":"first","9":"instock","10":"shipping-taxable","11":"purchasable","12":"product-type-simple"},"_links":{"self":[{"href":"https:\/\/displayproducts.eu\/fr\/wp-json\/wp\/v2\/product\/5209","targetHints":{"allow":["GET"]}}],"collection":[{"href":"https:\/\/displayproducts.eu\/fr\/wp-json\/wp\/v2\/product"}],"about":[{"href":"https:\/\/displayproducts.eu\/fr\/wp-json\/wp\/v2\/types\/product"}],"replies":[{"embeddable":true,"href":"https:\/\/displayproducts.eu\/fr\/wp-json\/wp\/v2\/comments?post=5209"}],"wp:featuredmedia":[{"embeddable":true,"href":"https:\/\/displayproducts.eu\/fr\/wp-json\/wp\/v2\/media\/6476"}],"wp:attachment":[{"href":"https:\/\/displayproducts.eu\/fr\/wp-json\/wp\/v2\/media?parent=5209"}],"wp:term":[{"taxonomy":"product_brand","embeddable":true,"href":"https:\/\/displayproducts.eu\/fr\/wp-json\/wp\/v2\/product_brand?post=5209"},{"taxonomy":"product_cat","embeddable":true,"href":"https:\/\/displayproducts.eu\/fr\/wp-json\/wp\/v2\/product_cat?post=5209"},{"taxonomy":"product_tag","embeddable":true,"href":"https:\/\/displayproducts.eu\/fr\/wp-json\/wp\/v2\/product_tag?post=5209"}],"curies":[{"name":"wp","href":"https:\/\/api.w.org\/{rel}","templated":true}]}}