{"id":5203,"date":"2025-10-20T23:28:16","date_gmt":"2025-10-20T20:28:16","guid":{"rendered":"https:\/\/wristbandfactory.eu\/?post_type=product&#038;p=5203"},"modified":"2026-04-01T21:52:35","modified_gmt":"2026-04-01T18:52:35","slug":"led-party-glasses","status":"publish","type":"product","link":"https:\/\/displayproducts.eu\/fr\/p\/led-party-glasses\/","title":{"rendered":"Lunettes de f\u00eate LED multicolores"},"content":{"rendered":"<p data-path-to-node=\"10\">Cr\u00e9ez une ambiance inoubliable lors de votre prochaine soir\u00e9e d&#039;entreprise, festival de musique ou sortie en discoth\u00e8que gr\u00e2ce \u00e0 nos lunettes LED multicolores. Con\u00e7ues pour briser la glace, ces lunettes offrent une solution \u00e9conomique pour captiver vos invit\u00e9s et leur permettre de prendre des photos m\u00e9morables \u00e0 partager sur les r\u00e9seaux sociaux.<\/p>\n<p data-path-to-node=\"11\">Contrairement aux lunettes lumineuses classiques, celles-ci se distinguent par leur design unique\u00a0: montures transparentes et verres en forme de filet qui diffusent la lumi\u00e8re de fa\u00e7on cr\u00e9ative. \u00c9quip\u00e9es de 6 LED multicolores intenses, elles permettent \u00e0 celui ou celle qui les porte de se faire remarquer. Un sans impression bouton marche\/arr\u00eat permet de choisir entre un \u00e9clairage fixe pour une ambiance relaxante et un mode clignotant pour des moments plus dynamiques.<\/p>\n<h2 data-path-to-node=\"12\">Caract\u00e9ristiques principales<\/h2>\n<ul data-path-to-node=\"13\">\n<li>\n<p data-path-to-node=\"13,0,0\"><b data-path-to-node=\"13,0,0\" data-index-in-node=\"0\">Pop visuel :<\/b> L&#039;association de cadres transparents et de LED multicolores cr\u00e9e un spectacle lumineux \u00e9clatant.<\/p>\n<\/li>\n<li>\n<p data-path-to-node=\"13,1,0\"><b data-path-to-node=\"13,1,0\" data-index-in-node=\"0\">Contr\u00f4le utilisateur\u00a0:<\/b> Bouton facile \u00e0 utiliser pour faire d\u00e9filer les modes d&#039;\u00e9clairage (Fixe\/Clignotant\/\u00c9teint).<\/p>\n<\/li>\n<li>\n<p data-path-to-node=\"13,2,0\"><b data-path-to-node=\"13,2,0\" data-index-in-node=\"0\">Pr\u00eat pour l&#039;\u00e9v\u00e9nement :<\/b> Id\u00e9al pour les tables de produits d\u00e9riv\u00e9s, les sacs cadeaux VIP ou comme cadeau promotionnel \u00e0 distribuer en masse sur la piste de danse.<\/p>\n<\/li>\n<li>\n<p data-path-to-node=\"13,3,0\"><b data-path-to-node=\"13,3,0\" data-index-in-node=\"0\">Commodit\u00e9:<\/b> Livr\u00e9s avec des piles boutons d\u00e9j\u00e0 install\u00e9es, ils fonctionnent donc imm\u00e9diatement.<\/p>\n<\/li>\n<\/ul>\n<h2 data-path-to-node=\"14\">Caract\u00e9ristiques<\/h2>\n<ul data-path-to-node=\"15\">\n<li>\n<p data-path-to-node=\"15,0,0\"><b data-path-to-node=\"15,0,0\" data-index-in-node=\"0\">Type de produit :<\/b> Lunettes lumineuses LED.<\/p>\n<\/li>\n<li>\n<p data-path-to-node=\"15,1,0\"><b data-path-to-node=\"15,1,0\" data-index-in-node=\"0\">Style de cadre :<\/b> Plastique transparent avec lentilles en filet\/grille.<\/p>\n<\/li>\n<li>\n<p data-path-to-node=\"15,2,0\"><b data-path-to-node=\"15,2,0\" data-index-in-node=\"0\">Source lumineuse :<\/b> 6 LED multicolores.<\/p>\n<\/li>\n<li>\n<p data-path-to-node=\"15,3,0\"><b data-path-to-node=\"15,3,0\" data-index-in-node=\"0\">Modes :<\/b> 2 r\u00e9glages (allum\u00e9 en continu, clignotant).<\/p>\n<\/li>\n<li>\n<p data-path-to-node=\"15,4,0\"><b data-path-to-node=\"15,4,0\" data-index-in-node=\"0\">Pouvoir:<\/b> Piles boutons (incluses et rempla\u00e7ables).<\/p>\n<\/li>\n<li>\n<p data-path-to-node=\"15,5,0\"><b data-path-to-node=\"15,5,0\" data-index-in-node=\"0\">MOQ\u00a0:<\/b> 100 pi\u00e8ces<\/p>\n<\/li>\n<\/ul>\n<h2 data-path-to-node=\"16\">Cas d&#039;utilisation<\/h2>\n<ul data-path-to-node=\"17\">\n<li>\n<p data-path-to-node=\"17,0,0\"><b data-path-to-node=\"17,0,0\" data-index-in-node=\"0\">F\u00eates d&#039;entreprise :<\/b> Accessoires amusants pour les cabines photo et les pistes de danse.<\/p>\n<\/li>\n<li>\n<p data-path-to-node=\"17,1,0\"><b data-path-to-node=\"17,1,0\" data-index-in-node=\"0\">Festivals et concerts :<\/b> Produits \u00e0 forte marge ou accessoires VIP.<\/p>\n<\/li>\n<li>\n<p data-path-to-node=\"17,2,0\"><b data-path-to-node=\"17,2,0\" data-index-in-node=\"0\">Bo\u00eetes de nuit :<\/b> Vendez-les au bar ou offrez-les pour am\u00e9liorer l&#039;\u00e9clairage du club.<\/p>\n<\/li>\n<li>\n<p data-path-to-node=\"17,3,0\"><b data-path-to-node=\"17,3,0\" data-index-in-node=\"0\">Mariages :<\/b> Un service exceptionnel pour l&#039;after-party.<\/p>\n<\/li>\n<\/ul>","protected":false},"excerpt":{"rendered":"<ul>\n<li>\n<p data-path-to-node=\"9,0,0\"><b data-path-to-node=\"9,0,0\" data-index-in-node=\"0\">Impact \u00e9lev\u00e9\u00a0:<\/b> 6 LED multicolores lumineuses par paire.<\/p>\n<\/li>\n<li>\n<p data-path-to-node=\"9,1,0\"><b data-path-to-node=\"9,1,0\" data-index-in-node=\"0\">Modes doubles\u00a0:<\/b> Basculer entre l&#039;\u00e9clairage fixe et le clignotement.<\/p>\n<\/li>\n<li>\n<p data-path-to-node=\"9,2,0\"><b data-path-to-node=\"9,2,0\" data-index-in-node=\"0\">Design unique :<\/b> Monture transparente avec verres de type \u201c filet \u201d.<\/p>\n<\/li>\n<li>\n<p data-path-to-node=\"9,3,0\"><b data-path-to-node=\"9,3,0\" data-index-in-node=\"0\">Pr\u00eat \u00e0 l&#039;emploi :<\/b> Piles incluses et pr\u00e9install\u00e9es.<\/p>\n<\/li>\n<\/ul>","protected":false},"featured_media":6552,"comment_status":"closed","ping_status":"closed","template":"","meta":[],"product_brand":[],"product_cat":[76],"product_tag":[],"class_list":{"0":"post-5203","1":"product","2":"type-product","3":"status-publish","4":"has-post-thumbnail","6":"product_cat-glow-led-products","8":"first","9":"instock","10":"shipping-taxable","11":"product-type-simple"},"_links":{"self":[{"href":"https:\/\/displayproducts.eu\/fr\/wp-json\/wp\/v2\/product\/5203","targetHints":{"allow":["GET"]}}],"collection":[{"href":"https:\/\/displayproducts.eu\/fr\/wp-json\/wp\/v2\/product"}],"about":[{"href":"https:\/\/displayproducts.eu\/fr\/wp-json\/wp\/v2\/types\/product"}],"replies":[{"embeddable":true,"href":"https:\/\/displayproducts.eu\/fr\/wp-json\/wp\/v2\/comments?post=5203"}],"wp:featuredmedia":[{"embeddable":true,"href":"https:\/\/displayproducts.eu\/fr\/wp-json\/wp\/v2\/media\/6552"}],"wp:attachment":[{"href":"https:\/\/displayproducts.eu\/fr\/wp-json\/wp\/v2\/media?parent=5203"}],"wp:term":[{"taxonomy":"product_brand","embeddable":true,"href":"https:\/\/displayproducts.eu\/fr\/wp-json\/wp\/v2\/product_brand?post=5203"},{"taxonomy":"product_cat","embeddable":true,"href":"https:\/\/displayproducts.eu\/fr\/wp-json\/wp\/v2\/product_cat?post=5203"},{"taxonomy":"product_tag","embeddable":true,"href":"https:\/\/displayproducts.eu\/fr\/wp-json\/wp\/v2\/product_tag?post=5203"}],"curies":[{"name":"wp","href":"https:\/\/api.w.org\/{rel}","templated":true}]}}