{"id":5200,"date":"2025-10-20T23:22:10","date_gmt":"2025-10-20T20:22:10","guid":{"rendered":"https:\/\/wristbandfactory.eu\/?post_type=product&#038;p=5200"},"modified":"2026-04-01T21:52:35","modified_gmt":"2026-04-01T18:52:35","slug":"led-safety-whistle-with-cord","status":"publish","type":"product","link":"https:\/\/displayproducts.eu\/fr\/p\/led-safety-whistle-with-cord\/","title":{"rendered":"Sifflet LED avec cordon"},"content":{"rendered":"<p data-path-to-node=\"10\">Assurez-vous que votre personnel, vos \u00e9quipes de s\u00e9curit\u00e9 et les participants soient vus et entendus gr\u00e2ce \u00e0 notre sifflet de s\u00e9curit\u00e9 LED. Cet outil \u00e0 double usage est indispensable pour g\u00e9rer les foules en faible luminosit\u00e9, coordonner le personnel ou tout sans impressionment ajouter une touche festive et dynamique aux festivals et raves nocturnes.<\/p>\n<p data-path-to-node=\"11\">Son bo\u00eetier en plastique r\u00e9sistant abrite des LED multicolores lumineuses visibles de loin, tandis que son sifflet \u00e9met un son clair et puissant pour attirer imm\u00e9diatement l&#039;attention. Un sans impression bouton marche\/arr\u00eat permet de basculer facilement entre trois modes d&#039;\u00e9clairage (clignotement rapide, moyen et lent). <span class=\"citation-28 citation-end-28\">Chaque sifflet est livr\u00e9 avec un cordon assorti, ce qui permet de l&#039;avoir toujours \u00e0 port\u00e9e de main sans encombrer les mains.<\/span><\/p>\n<h2 data-path-to-node=\"12\">Caract\u00e9ristiques principales<\/h2>\n<ul data-path-to-node=\"13\">\n<li>\n<p data-path-to-node=\"13,0,0\"><b data-path-to-node=\"13,0,0\" data-index-in-node=\"0\">Haute visibilit\u00e9 :<\/b> Des LED multicolores transforment un outil de s\u00e9curit\u00e9 standard en un phare lumineux.<\/p>\n<\/li>\n<li>\n<p data-path-to-node=\"13,1,0\"><b data-path-to-node=\"13,1,0\" data-index-in-node=\"0\">Modes polyvalents\u00a0:<\/b> Trois vitesses de clignotement distinctes pour s&#039;adapter \u00e0 l&#039;urgence ou \u00e0 l&#039;ambiance festive.<\/p>\n<\/li>\n<li>\n<p data-path-to-node=\"13,2,0\"><b data-path-to-node=\"13,2,0\" data-index-in-node=\"0\">D\u00e9ploiement instantan\u00e9\u00a0:<\/b> Livr\u00e9 avec 3 piles bouton incluses, pr\u00eat \u00e0 l&#039;emploi d\u00e8s la sortie de la bo\u00eete.<\/p>\n<\/li>\n<li>\n<p data-path-to-node=\"13,3,0\"><b data-path-to-node=\"13,3,0\" data-index-in-node=\"0\">Gestion des foules :<\/b> Un outil efficace et peu co\u00fbteux pour les guides, les accompagnateurs et le personnel de s\u00e9curit\u00e9.<\/p>\n<\/li>\n<\/ul>\n<h2 data-path-to-node=\"14\">Caract\u00e9ristiques<\/h2>\n<ul data-path-to-node=\"15\">\n<li>\n<p data-path-to-node=\"15,0,0\"><b data-path-to-node=\"15,0,0\" data-index-in-node=\"0\">Produit:<\/b> Sifflet lumineux \u00e0 LED.<\/p>\n<\/li>\n<li>\n<p data-path-to-node=\"15,1,0\"><b data-path-to-node=\"15,1,0\" data-index-in-node=\"0\">Couleur claire :<\/b> Multicolore (RVB).<\/p>\n<\/li>\n<li>\n<p data-path-to-node=\"15,2,0\"><b data-path-to-node=\"15,2,0\" data-index-in-node=\"0\">Modes :<\/b> 3 r\u00e9glages (flash rapide, moyen, lent).<\/p>\n<\/li>\n<li>\n<p data-path-to-node=\"15,3,0\"><b data-path-to-node=\"15,3,0\" data-index-in-node=\"0\">Pouvoir:<\/b> 3 piles bouton (incluses).<\/p>\n<\/li>\n<li>\n<p data-path-to-node=\"15,4,0\"><b data-path-to-node=\"15,4,0\" data-index-in-node=\"0\">Pi\u00e8ce jointe:<\/b><span class=\"citation-27 citation-end-27\"> Cordon tour de cou\/lani\u00e8re inclus.<\/span><\/p>\n<\/li>\n<li>\n<p data-path-to-node=\"15,5,0\"><b data-path-to-node=\"15,5,0\" data-index-in-node=\"0\">MOQ\u00a0:<\/b> 100 pi\u00e8ces<\/p>\n<\/li>\n<\/ul>\n<h2 data-path-to-node=\"16\">Cas d&#039;utilisation<\/h2>\n<ul data-path-to-node=\"17\">\n<li>\n<p data-path-to-node=\"17,0,0\"><b data-path-to-node=\"17,0,0\" data-index-in-node=\"0\">S\u00e9curit\u00e9 de l&#039;\u00e9v\u00e9nement :<\/b> Permet au personnel de se coordonner dans des lieux sombres ou devant de grandes foules.<\/p>\n<\/li>\n<li>\n<p data-path-to-node=\"17,1,0\"><b data-path-to-node=\"17,1,0\" data-index-in-node=\"0\">Courses nocturnes et sports :<\/b> Ajoute de la visibilit\u00e9 et une m\u00e9thode de signalisation pour les participants.<\/p>\n<\/li>\n<li>\n<p data-path-to-node=\"17,2,0\"><b data-path-to-node=\"17,2,0\" data-index-in-node=\"0\">Raves et festivals :<\/b> Un article promotionnel populaire et peu co\u00fbteux qui contribue au spectacle de lumi\u00e8re.<\/p>\n<\/li>\n<li>\n<p data-path-to-node=\"17,3,0\"><b data-path-to-node=\"17,3,0\" data-index-in-node=\"0\">Kits d&#039;urgence :<\/b> Un dispositif de s\u00e9curit\u00e9 compact pour les excursions en plein air ou les voyages scolaires.<\/p>\n<\/li>\n<\/ul>","protected":false},"excerpt":{"rendered":"<ul>\n<li>\n<p data-path-to-node=\"9,0,0\"><b data-path-to-node=\"9,0,0\" data-index-in-node=\"0\">S\u00e9curit\u00e9 audiovisuelle :<\/b> Un son puissant combin\u00e9 \u00e0 des LED multicolores \u00e9clatantes.<\/p>\n<\/li>\n<li>\n<p data-path-to-node=\"9,1,0\"><b data-path-to-node=\"9,1,0\" data-index-in-node=\"0\">3 modes d&#039;\u00e9clairage\u00a0:<\/b> Choisissez entre un clignotement lent, moyen ou rapide.<\/p>\n<\/li>\n<li>\n<p data-path-to-node=\"9,2,0\"><b data-path-to-node=\"9,2,0\" data-index-in-node=\"0\">Pr\u00eat \u00e0 l&#039;emploi :<\/b> Piles incluses et pr\u00e9install\u00e9es.<\/p>\n<\/li>\n<li>\n<p data-path-to-node=\"9,3,0\"><b data-path-to-node=\"9,3,0\" data-index-in-node=\"0\">Mains libres :<\/b><span class=\"citation-29 citation-end-29\"> Comprend un cordon de cou pratique.<\/span><\/p>\n<\/li>\n<\/ul>","protected":false},"featured_media":6546,"comment_status":"closed","ping_status":"closed","template":"","meta":[],"product_brand":[],"product_cat":[76],"product_tag":[],"class_list":{"0":"post-5200","1":"product","2":"type-product","3":"status-publish","4":"has-post-thumbnail","6":"product_cat-glow-led-products","8":"first","9":"instock","10":"shipping-taxable","11":"purchasable","12":"product-type-simple"},"_links":{"self":[{"href":"https:\/\/displayproducts.eu\/fr\/wp-json\/wp\/v2\/product\/5200","targetHints":{"allow":["GET"]}}],"collection":[{"href":"https:\/\/displayproducts.eu\/fr\/wp-json\/wp\/v2\/product"}],"about":[{"href":"https:\/\/displayproducts.eu\/fr\/wp-json\/wp\/v2\/types\/product"}],"replies":[{"embeddable":true,"href":"https:\/\/displayproducts.eu\/fr\/wp-json\/wp\/v2\/comments?post=5200"}],"wp:featuredmedia":[{"embeddable":true,"href":"https:\/\/displayproducts.eu\/fr\/wp-json\/wp\/v2\/media\/6546"}],"wp:attachment":[{"href":"https:\/\/displayproducts.eu\/fr\/wp-json\/wp\/v2\/media?parent=5200"}],"wp:term":[{"taxonomy":"product_brand","embeddable":true,"href":"https:\/\/displayproducts.eu\/fr\/wp-json\/wp\/v2\/product_brand?post=5200"},{"taxonomy":"product_cat","embeddable":true,"href":"https:\/\/displayproducts.eu\/fr\/wp-json\/wp\/v2\/product_cat?post=5200"},{"taxonomy":"product_tag","embeddable":true,"href":"https:\/\/displayproducts.eu\/fr\/wp-json\/wp\/v2\/product_tag?post=5200"}],"curies":[{"name":"wp","href":"https:\/\/api.w.org\/{rel}","templated":true}]}}