{"id":5195,"date":"2025-10-20T22:09:07","date_gmt":"2025-10-20T19:09:07","guid":{"rendered":"https:\/\/wristbandfactory.eu\/?post_type=product&#038;p=5195"},"modified":"2026-04-01T21:52:04","modified_gmt":"2026-04-01T18:52:04","slug":"promotional-recycled-aluminium-cups","status":"publish","type":"product","link":"https:\/\/displayproducts.eu\/fr\/p\/promotional-recycled-aluminium-cups\/","title":{"rendered":"Gobelets r\u00e9utilisables en aluminium imprim\u00e9s"},"content":{"rendered":"<p>Affichez haut et fort l&#039;engagement de votre marque en faveur du d\u00e9veloppement durable. Ces gobelets r\u00e9utilisables de 500 ml sont fabriqu\u00e9s en aluminium recycl\u00e9 certifi\u00e9 GRS, offrant une alternative haut de gamme et \u00e9cologique au plastique pour votre prochaine conf\u00e9rence, festival ou \u00e9v\u00e9nement d&#039;entreprise. Leur finition argent\u00e9e brillante et \u00e9l\u00e9gante offre un support id\u00e9al et de grande valeur pour votre logo.<\/p>\n<p>Plus qu&#039;une sans impression tasse, c&#039;est un message. L&#039;aluminium recycl\u00e9 est \u00e0 la fois l\u00e9ger et r\u00e9sistant, et certifi\u00e9 GRS (Global Recycled Standard). Cette certification garantit l&#039;origine recycl\u00e9e du mat\u00e9riau, offrant ainsi une transparence totale pour votre communication durable. <span class=\"citation-5 citation-end-5\">Contrairement \u00e0 d\u2019autres mat\u00e9riaux, l\u2019aluminium peut \u00eatre recycl\u00e9 presque \u00e0 l\u2019infini sans perdre ses propri\u00e9t\u00e9s d\u2019origine, un processus qui consomme beaucoup moins d\u2019\u00e9nergie que la nouvelle production.<\/span> Choisir ce produit d\u00e9montre les valeurs de votre marque.<\/p>\n<p><b>Caract\u00e9ristiques principales :<\/b><\/p>\n<ul>\n<li><b>Capacit\u00e9:<\/b> 500 ml<\/li>\n<li><b>Mat\u00e9riel:<\/b> Aluminium recycl\u00e9 certifi\u00e9 GRS<\/li>\n<li><b>Finition:<\/b> Argent brillant<\/li>\n<li><b>\u00c9cologique:<\/b> R\u00e9utilisable et recyclable \u00e0 l&#039;infini<\/li>\n<li><b>L\u00e9ger:<\/b> Facile \u00e0 transporter pour les invit\u00e9s<\/li>\n<li><b>Agr\u00e9\u00e9:<\/b><span class=\"citation-4 citation-end-4\"> GRS (Global Recycled Standard) garantit le contenu recycl\u00e9<\/span><\/li>\n<li><b>Image de marque :<\/b> Id\u00e9al pour la gravure laser ou l&#039;impression de votre logo<\/li>\n<\/ul>","protected":false},"excerpt":{"rendered":"<ul>\n<li>Pr\u00e9sentez votre marque sur un gobelet en aluminium recycl\u00e9 de qualit\u00e9 sup\u00e9rieure de 500 ml.<\/li>\n<li>L\u00e9ger, durable et dot\u00e9 d&#039;une finition argent\u00e9e \u00e9l\u00e9gante et brillante.<\/li>\n<li>Certifi\u00e9 GRS pour garantir des mat\u00e9riaux durables et recycl\u00e9s.<\/li>\n<li>Id\u00e9al pour les \u00e9v\u00e9nements respectueux de l&#039;environnement, les cadeaux d&#039;entreprise et les festivals.<\/li>\n<\/ul>","protected":false},"featured_media":6593,"comment_status":"closed","ping_status":"closed","template":"","meta":[],"product_brand":[],"product_cat":[111],"product_tag":[],"class_list":{"0":"post-5195","1":"product","2":"type-product","3":"status-publish","4":"has-post-thumbnail","6":"product_cat-reusable-event-cups","8":"first","9":"instock","10":"shipping-taxable","11":"purchasable","12":"product-type-simple"},"_links":{"self":[{"href":"https:\/\/displayproducts.eu\/fr\/wp-json\/wp\/v2\/product\/5195","targetHints":{"allow":["GET"]}}],"collection":[{"href":"https:\/\/displayproducts.eu\/fr\/wp-json\/wp\/v2\/product"}],"about":[{"href":"https:\/\/displayproducts.eu\/fr\/wp-json\/wp\/v2\/types\/product"}],"replies":[{"embeddable":true,"href":"https:\/\/displayproducts.eu\/fr\/wp-json\/wp\/v2\/comments?post=5195"}],"wp:featuredmedia":[{"embeddable":true,"href":"https:\/\/displayproducts.eu\/fr\/wp-json\/wp\/v2\/media\/6593"}],"wp:attachment":[{"href":"https:\/\/displayproducts.eu\/fr\/wp-json\/wp\/v2\/media?parent=5195"}],"wp:term":[{"taxonomy":"product_brand","embeddable":true,"href":"https:\/\/displayproducts.eu\/fr\/wp-json\/wp\/v2\/product_brand?post=5195"},{"taxonomy":"product_cat","embeddable":true,"href":"https:\/\/displayproducts.eu\/fr\/wp-json\/wp\/v2\/product_cat?post=5195"},{"taxonomy":"product_tag","embeddable":true,"href":"https:\/\/displayproducts.eu\/fr\/wp-json\/wp\/v2\/product_tag?post=5195"}],"curies":[{"name":"wp","href":"https:\/\/api.w.org\/{rel}","templated":true}]}}