{"id":5183,"date":"2025-10-20T22:05:04","date_gmt":"2025-10-20T19:05:04","guid":{"rendered":"https:\/\/wristbandfactory.eu\/?post_type=product&#038;p=5183"},"modified":"2026-04-01T21:52:35","modified_gmt":"2026-04-01T18:52:35","slug":"reusable-event-cups-solid-frosted-finish-550ml","status":"publish","type":"product","link":"https:\/\/displayproducts.eu\/fr\/p\/reusable-event-cups-solid-frosted-finish-550ml\/","title":{"rendered":"Gobelets r\u00e9utilisables pour \u00e9v\u00e9nements (finition unie et d\u00e9polie) 550 ml"},"content":{"rendered":"<p data-path-to-node=\"8\">Sublimez l&#039;esth\u00e9tique de votre \u00e9v\u00e9nement avec nos gobelets r\u00e9utilisables de 550 ml, disponibles en trois finitions haut de gamme. Ce gobelet est la solution id\u00e9ale pour les organisateurs d&#039;\u00e9v\u00e9nements, les entreprises et les lieux de r\u00e9ception qui recherchent une personnalisation plus percutante qu&#039;un sans impression logo.<\/p>\n<p data-path-to-node=\"9\">Choisissez la finition qui correspond le mieux \u00e0 votre identit\u00e9 de marque\u00a0:<\/p>\n<ul data-path-to-node=\"10\">\n<li>\n<p data-path-to-node=\"10,0,0\"><b>Blanc uni :<\/b> Offre un support \u00e9pur\u00e9, classique et tr\u00e8s visible pour votre image de marque.<\/p>\n<\/li>\n<li>\n<p data-path-to-node=\"10,1,0\"><b>Noir uni :<\/b> Offre un rendu haut de gamme et contrast\u00e9, id\u00e9al pour les \u00e9v\u00e9nements VIP et une image de marque sophistiqu\u00e9e.<\/p>\n<\/li>\n<li>\n<p data-path-to-node=\"10,2,0\"><b>Transparent givr\u00e9 :<\/b> Offre une apparence moderne, \u00e9l\u00e9gante et styl\u00e9e.<\/p>\n<\/li>\n<\/ul>\n<p data-path-to-node=\"11\">Fabriqu\u00e9s en polypropyl\u00e8ne (PP) durable, r\u00e9sistant et l\u00e9ger, ces gobelets sont con\u00e7us pour une utilisation r\u00e9p\u00e9t\u00e9e lors de festivals, de concerts et d&#039;\u00e9v\u00e9nements d&#039;entreprise. Faciles \u00e0 laver, ils constituent une alternative \u00e9cologique aux gobelets jetables.<\/p>\n<p data-path-to-node=\"12\">Sa grande capacit\u00e9 de 550 ml est id\u00e9ale pour servir tous types de boissons, tandis que sa large surface offre un support parfait pour votre impression personnalis\u00e9e. Ce gobelet permet non seulement de r\u00e9duire les d\u00e9chets, mais il constitue \u00e9galement un souvenir appr\u00e9ci\u00e9, prolongeant ainsi la visibilit\u00e9 de votre marque bien apr\u00e8s l&#039;\u00e9v\u00e9nement.<\/p>\n<p data-path-to-node=\"13\"><b>Caract\u00e9ristiques principales :<\/b><\/p>\n<ul data-path-to-node=\"14\">\n<li>\n<p data-path-to-node=\"14,0,0\"><b>Options de finition haut de gamme\u00a0:<\/b> Disponible en blanc uni, noir uni ou finition transparente givr\u00e9e.<\/p>\n<\/li>\n<li>\n<p data-path-to-node=\"14,1,0\"><b>Grande capacit\u00e9 de 550 ml :<\/b> Format id\u00e9al et polyvalent pour les festivals, les stades et les conf\u00e9rences.<\/p>\n<\/li>\n<li>\n<p data-path-to-node=\"14,2,0\"><b>Mat\u00e9riau PP durable :<\/b> Polypropyl\u00e8ne r\u00e9sistant, l\u00e9ger et incassable, con\u00e7u pour \u00eatre r\u00e9utilis\u00e9.<\/p>\n<\/li>\n<li>\n<p data-path-to-node=\"14,3,0\"><b>Solution durable :<\/b> Une alternative r\u00e9utilisable et lavable aux gobelets jetables pour \u00e9v\u00e9nements.<\/p>\n<\/li>\n<li>\n<p data-path-to-node=\"14,4,0\"><b>Grande zone de marquage :<\/b> Un espace g\u00e9n\u00e9reux pour l&#039;impression personnalis\u00e9e, mis en valeur par une finition unique.<\/p>\n<\/li>\n<\/ul>","protected":false},"excerpt":{"rendered":"<ul>\n<li>\n<p data-path-to-node=\"7,0,0\">Choisissez votre finition\u00a0: disponible en blanc uni, noir uni ou en finition transparente givr\u00e9e.<\/p>\n<\/li>\n<li>\n<p data-path-to-node=\"7,1,0\">Id\u00e9al pour une visibilit\u00e9 haut de gamme lors d&#039;\u00e9v\u00e9nements d&#039;entreprise, de festivals et de stades.<\/p>\n<\/li>\n<li>\n<p data-path-to-node=\"7,2,0\">Mat\u00e9riau PP r\u00e9utilisable, durable, l\u00e9ger et facile \u00e0 laver.<\/p>\n<\/li>\n<li>\n<p data-path-to-node=\"7,3,0\">Grande capacit\u00e9 de 550 ml pour servir une large gamme de boissons.<\/p>\n<\/li>\n<li><\/li>\n<\/ul>","protected":false},"featured_media":6624,"comment_status":"closed","ping_status":"closed","template":"","meta":[],"product_brand":[],"product_cat":[111],"product_tag":[],"class_list":{"0":"post-5183","1":"product","2":"type-product","3":"status-publish","4":"has-post-thumbnail","6":"product_cat-reusable-event-cups","8":"first","9":"instock","10":"shipping-taxable","11":"purchasable","12":"product-type-simple"},"_links":{"self":[{"href":"https:\/\/displayproducts.eu\/fr\/wp-json\/wp\/v2\/product\/5183","targetHints":{"allow":["GET"]}}],"collection":[{"href":"https:\/\/displayproducts.eu\/fr\/wp-json\/wp\/v2\/product"}],"about":[{"href":"https:\/\/displayproducts.eu\/fr\/wp-json\/wp\/v2\/types\/product"}],"replies":[{"embeddable":true,"href":"https:\/\/displayproducts.eu\/fr\/wp-json\/wp\/v2\/comments?post=5183"}],"wp:featuredmedia":[{"embeddable":true,"href":"https:\/\/displayproducts.eu\/fr\/wp-json\/wp\/v2\/media\/6624"}],"wp:attachment":[{"href":"https:\/\/displayproducts.eu\/fr\/wp-json\/wp\/v2\/media?parent=5183"}],"wp:term":[{"taxonomy":"product_brand","embeddable":true,"href":"https:\/\/displayproducts.eu\/fr\/wp-json\/wp\/v2\/product_brand?post=5183"},{"taxonomy":"product_cat","embeddable":true,"href":"https:\/\/displayproducts.eu\/fr\/wp-json\/wp\/v2\/product_cat?post=5183"},{"taxonomy":"product_tag","embeddable":true,"href":"https:\/\/displayproducts.eu\/fr\/wp-json\/wp\/v2\/product_tag?post=5183"}],"curies":[{"name":"wp","href":"https:\/\/api.w.org\/{rel}","templated":true}]}}