{"id":5179,"date":"2025-10-20T21:58:37","date_gmt":"2025-10-20T18:58:37","guid":{"rendered":"https:\/\/wristbandfactory.eu\/?post_type=product&#038;p=5179"},"modified":"2026-04-01T21:52:35","modified_gmt":"2026-04-01T18:52:35","slug":"gold-laser-engraved-medals","status":"publish","type":"product","link":"https:\/\/displayproducts.eu\/fr\/p\/gold-laser-engraved-medals\/","title":{"rendered":"M\u00e9dailles grav\u00e9es au laser en or"},"content":{"rendered":"<p>Soulignez les performances exceptionnelles et c\u00e9l\u00e9brez les succ\u00e8s lors de votre prochain \u00e9v\u00e9nement avec ces m\u00e9dailles d&#039;or classiques. Elles constituent un moyen tangible et de haute qualit\u00e9 de r\u00e9compenser les r\u00e9alisations des employ\u00e9s, des athl\u00e8tes ou des participants, renfor\u00e7ant ainsi l&#039;engagement de votre organisation envers l&#039;excellence.<\/p>\n<p>Notre m\u00e9daille standard, d&#039;un diam\u00e8tre de 7 cm, est fabriqu\u00e9e en m\u00e9tal r\u00e9sistant et arbore un superbe motif en relief avec une finition dor\u00e9e traditionnelle. Sa surface est sp\u00e9cialement pr\u00e9par\u00e9e pour le marquage laser, garantissant une gravure pr\u00e9cise et nette de votre logo, du nom de l&#039;\u00e9v\u00e9nement ou des coordonn\u00e9es du gagnant. L&#039;option standard est livr\u00e9e pr\u00eate \u00e0 \u00eatre pr\u00e9sent\u00e9e avec un anneau m\u00e9tallique assorti et un ruban polyester rouge classique.<\/p>\n<p>Pour une solution enti\u00e8rement personnalis\u00e9e, cette m\u00e9daille peut \u00e9galement \u00eatre fabriqu\u00e9e sur commande sp\u00e9ciale. Choisissez parmi diff\u00e9rentes tailles, finitions et couleurs de ruban personnalis\u00e9es pour une ad\u00e9quation parfaite avec l&#039;identit\u00e9 visuelle de votre organisation ou le th\u00e8me de votre \u00e9v\u00e9nement. Contactez-nous pour discuter de votre projet de m\u00e9daille personnalis\u00e9e.<\/p>\n<p><b>Caract\u00e9ristiques principales :<\/b><\/p>\n<ul>\n<li><b>Mat\u00e9riel:<\/b> M\u00e9tal de haute qualit\u00e9<\/li>\n<li><b>Finition:<\/b> Motif en relief avec un ton dor\u00e9<\/li>\n<li><b>Personnalisation:<\/b> Sp\u00e9cialement con\u00e7u pour le marquage laser<\/li>\n<li><b>Mod\u00e8le de stock:<\/b> 7 cm de diam\u00e8tre avec ruban polyester rouge<\/li>\n<li><b>Commandes personnalis\u00e9es :<\/b> Disponible en diff\u00e9rentes tailles et finitions<\/li>\n<li><b>Options de ruban\u00a0:<\/b> Le stock comprend du rouge\u00a0; diff\u00e9rentes couleurs disponibles pour les commandes personnalis\u00e9es<\/li>\n<\/ul>\n<p>&nbsp;<\/p>","protected":false},"excerpt":{"rendered":"<ul>\n<li>M\u00e9daille en m\u00e9tal de qualit\u00e9 sup\u00e9rieure avec une finition dor\u00e9e classique.<\/li>\n<li>Disponible en stock (7 cm) ou en commande personnalis\u00e9e.<\/li>\n<li>Surface sp\u00e9cialement pr\u00e9par\u00e9e pour une gravure laser pr\u00e9cise.<\/li>\n<li>L&#039;article en stock comprend un ruban rouge\u00a0; les commandes personnalis\u00e9es offrent diff\u00e9rentes couleurs.<\/li>\n<\/ul>\n<p>&nbsp;<\/p>","protected":false},"featured_media":6503,"comment_status":"closed","ping_status":"closed","template":"","meta":[],"product_brand":[],"product_cat":[68,102],"product_tag":[],"class_list":{"0":"post-5179","1":"product","2":"type-product","3":"status-publish","4":"has-post-thumbnail","6":"product_cat-event-supplies","7":"product_cat-medals","9":"first","10":"instock","11":"shipping-taxable","12":"purchasable","13":"product-type-simple"},"_links":{"self":[{"href":"https:\/\/displayproducts.eu\/fr\/wp-json\/wp\/v2\/product\/5179","targetHints":{"allow":["GET"]}}],"collection":[{"href":"https:\/\/displayproducts.eu\/fr\/wp-json\/wp\/v2\/product"}],"about":[{"href":"https:\/\/displayproducts.eu\/fr\/wp-json\/wp\/v2\/types\/product"}],"replies":[{"embeddable":true,"href":"https:\/\/displayproducts.eu\/fr\/wp-json\/wp\/v2\/comments?post=5179"}],"wp:featuredmedia":[{"embeddable":true,"href":"https:\/\/displayproducts.eu\/fr\/wp-json\/wp\/v2\/media\/6503"}],"wp:attachment":[{"href":"https:\/\/displayproducts.eu\/fr\/wp-json\/wp\/v2\/media?parent=5179"}],"wp:term":[{"taxonomy":"product_brand","embeddable":true,"href":"https:\/\/displayproducts.eu\/fr\/wp-json\/wp\/v2\/product_brand?post=5179"},{"taxonomy":"product_cat","embeddable":true,"href":"https:\/\/displayproducts.eu\/fr\/wp-json\/wp\/v2\/product_cat?post=5179"},{"taxonomy":"product_tag","embeddable":true,"href":"https:\/\/displayproducts.eu\/fr\/wp-json\/wp\/v2\/product_tag?post=5179"}],"curies":[{"name":"wp","href":"https:\/\/api.w.org\/{rel}","templated":true}]}}