{"id":5171,"date":"2025-10-20T21:47:54","date_gmt":"2025-10-20T18:47:54","guid":{"rendered":"https:\/\/wristbandfactory.eu\/?post_type=product&#038;p=5171"},"modified":"2026-04-01T21:52:35","modified_gmt":"2026-04-01T18:52:35","slug":"printable-gold-medals","status":"publish","type":"product","link":"https:\/\/displayproducts.eu\/fr\/p\/printable-gold-medals\/","title":{"rendered":"M\u00e9dailles d&#039;or imprimables"},"content":{"rendered":"<p>Cr\u00e9ez des r\u00e9compenses personnalis\u00e9es pour votre concours, c\u00e9r\u00e9monie ou programme de reconnaissance d&#039;entreprise. Ces m\u00e9dailles en m\u00e9tal de haute qualit\u00e9 offrent une fa\u00e7on professionnelle et durable de c\u00e9l\u00e9brer le succ\u00e8s et de renforcer le prestige de votre organisation.<\/p>\n<p>Cette m\u00e9daille pr\u00e9sente une finition dor\u00e9e brillante et lisse, offrant un look classique \u00e0 toute r\u00e9alisation. Elle est sp\u00e9cialement con\u00e7ue pour la personnalisation. Elle comprend une zone lisse d\u00e9di\u00e9e, id\u00e9ale pour l&#039;application de votre logo, texte ou motif personnalis\u00e9 en couleur par sublimation (disque\/impression de sublimation non inclus). Ce proc\u00e9d\u00e9 vous permet d&#039;imprimer vos motifs de marque s\u00e9par\u00e9ment et de les appliquer pour un r\u00e9sultat net et \u00e9clatant. Chaque m\u00e9daille est livr\u00e9e pr\u00eate \u00e0 \u00eatre pr\u00e9sent\u00e9e avec un ruban de cou en polyester rouge inclus.<\/p>\n<p><b>Caract\u00e9ristiques principales :<\/b><\/p>\n<ul>\n<li><b>Mat\u00e9riel:<\/b> M\u00e9tal de haute qualit\u00e9.<\/li>\n<li><b>Finition:<\/b> Ton or poli.<\/li>\n<li><b>Personnalisation:<\/b> Con\u00e7u pour appliquer une impression par sublimation personnalis\u00e9e.<\/li>\n<li><b>Compris:<\/b> Livr\u00e9 avec un ruban de cou en polyester rouge durable.<\/li>\n<li><b>Cas d&#039;utilisation :<\/b> Id\u00e9al pour les tournois sportifs, les r\u00e9compenses acad\u00e9miques et la reconnaissance des employ\u00e9s.<\/li>\n<\/ul>","protected":false},"excerpt":{"rendered":"<ul>\n<li>M\u00e9daille en m\u00e9tal de qualit\u00e9 sup\u00e9rieure avec une finition or poli.<\/li>\n<li>Con\u00e7u pour l&#039;impression par sublimation personnalis\u00e9e (insert imprimable non inclus).<\/li>\n<li>Id\u00e9al pour les r\u00e9compenses d\u2019entreprise, les ligues sportives et les \u00e9v\u00e9nements scolaires.<\/li>\n<li>Livr\u00e9 avec un ruban de cou en polyester rouge classique.<\/li>\n<\/ul>\n<p>&nbsp;<\/p>","protected":false},"featured_media":6561,"comment_status":"closed","ping_status":"closed","template":"","meta":[],"product_brand":[],"product_cat":[68,102],"product_tag":[],"class_list":{"0":"post-5171","1":"product","2":"type-product","3":"status-publish","4":"has-post-thumbnail","6":"product_cat-event-supplies","7":"product_cat-medals","9":"first","10":"instock","11":"shipping-taxable","12":"purchasable","13":"product-type-simple"},"_links":{"self":[{"href":"https:\/\/displayproducts.eu\/fr\/wp-json\/wp\/v2\/product\/5171","targetHints":{"allow":["GET"]}}],"collection":[{"href":"https:\/\/displayproducts.eu\/fr\/wp-json\/wp\/v2\/product"}],"about":[{"href":"https:\/\/displayproducts.eu\/fr\/wp-json\/wp\/v2\/types\/product"}],"replies":[{"embeddable":true,"href":"https:\/\/displayproducts.eu\/fr\/wp-json\/wp\/v2\/comments?post=5171"}],"wp:featuredmedia":[{"embeddable":true,"href":"https:\/\/displayproducts.eu\/fr\/wp-json\/wp\/v2\/media\/6561"}],"wp:attachment":[{"href":"https:\/\/displayproducts.eu\/fr\/wp-json\/wp\/v2\/media?parent=5171"}],"wp:term":[{"taxonomy":"product_brand","embeddable":true,"href":"https:\/\/displayproducts.eu\/fr\/wp-json\/wp\/v2\/product_brand?post=5171"},{"taxonomy":"product_cat","embeddable":true,"href":"https:\/\/displayproducts.eu\/fr\/wp-json\/wp\/v2\/product_cat?post=5171"},{"taxonomy":"product_tag","embeddable":true,"href":"https:\/\/displayproducts.eu\/fr\/wp-json\/wp\/v2\/product_tag?post=5171"}],"curies":[{"name":"wp","href":"https:\/\/api.w.org\/{rel}","templated":true}]}}