{"id":5165,"date":"2025-10-20T21:40:50","date_gmt":"2025-10-20T18:40:50","guid":{"rendered":"https:\/\/wristbandfactory.eu\/?post_type=product&#038;p=5165"},"modified":"2026-04-01T21:52:04","modified_gmt":"2026-04-01T18:52:04","slug":"silicone-cup-lids","status":"publish","type":"product","link":"https:\/\/displayproducts.eu\/fr\/p\/silicone-cup-lids\/","title":{"rendered":"Couvercles de tasse en silicone"},"content":{"rendered":"<p>Assurez \u00e0 vos invit\u00e9s une exp\u00e9rience s\u00fbre et professionnelle lors de votre prochain \u00e9v\u00e9nement en plein air, conf\u00e9rence ou festival. Ces couvercles promotionnels en silicone offrent une solution pratique pour prot\u00e9ger les boissons, les garder propres et r\u00e9duire les d\u00e9versements, tout en promouvant votre marque.<\/p>\n<p>Fabriqu\u00e9s en silicone souple de qualit\u00e9 alimentaire, ces couvercles de gobelets sont con\u00e7us pour s&#039;\u00e9tirer et s&#039;adapter parfaitement \u00e0 la plupart des tailles de gobelets standard. Ils constituent une alternative r\u00e9utilisable et \u00e9cologique aux mod\u00e8les jetables. Chaque couvercle est dot\u00e9 d&#039;une ouverture centrale pour une paille. L&#039;\u00e9tui porte-cl\u00e9s inclus en fait un cadeau promotionnel id\u00e9al, permettant aux participants de porter votre marque avec eux longtemps apr\u00e8s l&#039;\u00e9v\u00e9nement. Personnalisez l&#039;\u00e9tui ou le couvercle avec le logo de votre entreprise pour une visibilit\u00e9 optimale.<\/p>\n<p><b>Caract\u00e9ristiques principales :<\/b><\/p>\n<ul>\n<li><b>Mat\u00e9riel:<\/b> Silicone souple et durable.<\/li>\n<li><b>Ajuster:<\/b> La conception r\u00e9glable s&#039;\u00e9tire pour s&#039;adapter \u00e0 la plupart des types de bonnets.<\/li>\n<li><b>Fonction:<\/b> Prot\u00e8ge les boissons de la poussi\u00e8re, des insectes et des d\u00e9versements.<\/li>\n<li><b>R\u00e9utilisable :<\/b> Facile \u00e0 laver et \u00e0 r\u00e9utiliser, offrant un excellent rapport qualit\u00e9-prix.<\/li>\n<li><b>Portable:<\/b> Comprend un \u00e9tui porte-cl\u00e9s compact pour un transport facile.<\/li>\n<li><b>Image de marque :<\/b> Id\u00e9al pour imprimer votre logo ou les d\u00e9tails de votre \u00e9v\u00e9nement.<\/li>\n<li><b>Couleurs:<\/b> Disponible en noir, bleu, vert et rouge.<\/li>\n<\/ul>\n<p>&nbsp;<\/p>","protected":false},"excerpt":{"rendered":"<ul>\n<li>Prot\u00e9gez les boissons des d\u00e9versements et des d\u00e9bris lors de tout \u00e9v\u00e9nement.<\/li>\n<li>Le silicone r\u00e9utilisable et facile \u00e0 laver s&#039;adapte \u00e0 la plupart des tasses standard.<\/li>\n<li>Comprend un \u00e9tui porte-cl\u00e9s portable pour un transport facile.<\/li>\n<li>Id\u00e9al pour les festivals, le marketing ext\u00e9rieur et les \u00e9v\u00e9nements d&#039;entreprise.<\/li>\n<\/ul>","protected":false},"featured_media":6633,"comment_status":"closed","ping_status":"closed","template":"","meta":[],"product_brand":[],"product_cat":[119],"product_tag":[],"class_list":{"0":"post-5165","1":"product","2":"type-product","3":"status-publish","4":"has-post-thumbnail","6":"product_cat-drinkware-accessories","8":"first","9":"instock","10":"shipping-taxable","11":"purchasable","12":"product-type-simple"},"_links":{"self":[{"href":"https:\/\/displayproducts.eu\/fr\/wp-json\/wp\/v2\/product\/5165","targetHints":{"allow":["GET"]}}],"collection":[{"href":"https:\/\/displayproducts.eu\/fr\/wp-json\/wp\/v2\/product"}],"about":[{"href":"https:\/\/displayproducts.eu\/fr\/wp-json\/wp\/v2\/types\/product"}],"replies":[{"embeddable":true,"href":"https:\/\/displayproducts.eu\/fr\/wp-json\/wp\/v2\/comments?post=5165"}],"wp:featuredmedia":[{"embeddable":true,"href":"https:\/\/displayproducts.eu\/fr\/wp-json\/wp\/v2\/media\/6633"}],"wp:attachment":[{"href":"https:\/\/displayproducts.eu\/fr\/wp-json\/wp\/v2\/media?parent=5165"}],"wp:term":[{"taxonomy":"product_brand","embeddable":true,"href":"https:\/\/displayproducts.eu\/fr\/wp-json\/wp\/v2\/product_brand?post=5165"},{"taxonomy":"product_cat","embeddable":true,"href":"https:\/\/displayproducts.eu\/fr\/wp-json\/wp\/v2\/product_cat?post=5165"},{"taxonomy":"product_tag","embeddable":true,"href":"https:\/\/displayproducts.eu\/fr\/wp-json\/wp\/v2\/product_tag?post=5165"}],"curies":[{"name":"wp","href":"https:\/\/api.w.org\/{rel}","templated":true}]}}