{"id":5144,"date":"2025-10-14T23:32:11","date_gmt":"2025-10-14T20:32:11","guid":{"rendered":"https:\/\/wristbandfactory.eu\/?post_type=product&#038;p=5144"},"modified":"2026-04-01T21:52:35","modified_gmt":"2026-04-01T18:52:35","slug":"numbered-plain-tyvek-wristbands","status":"publish","type":"product","link":"https:\/\/displayproducts.eu\/fr\/p\/numbered-plain-tyvek-wristbands\/","title":{"rendered":"Bracelets Tyvek unis num\u00e9rot\u00e9s"},"content":{"rendered":"<p>Optimisez le contr\u00f4le d&#039;acc\u00e8s \u00e0 votre \u00e9v\u00e9nement et renforcez la s\u00e9curit\u00e9 gr\u00e2ce \u00e0 nos bracelets Tyvek unis et r\u00e9sistants. Con\u00e7us pour un usage professionnel, ces bracelets offrent une solution fiable et \u00e9conomique pour g\u00e9rer les invit\u00e9s, contr\u00f4ler les entr\u00e9es et simplifier l&#039;identification lors de tout rassemblement.<\/p>\n<h3>Con\u00e7u pour la s\u00e9curit\u00e9 et la visibilit\u00e9<\/h3>\n<p>Fabriqu\u00e9s en Tyvek\u00ae DuPont\u2122 authentique, nos bracelets sont imperm\u00e9ables, r\u00e9sistants aux d\u00e9chirures et dot\u00e9s d&#039;une fermeture adh\u00e9sive s\u00e9curis\u00e9e et inviolable. Chaque bracelet est muni d&#039;un num\u00e9ro de s\u00e9rie unique pr\u00e9-imprim\u00e9 afin de pr\u00e9venir la fraude et de simplifier le comptage des invit\u00e9s.<\/p>\n<h3>Choisissez votre largeur\u00a0: 19\u00a0mm ou 25\u00a0mm<\/h3>\n<p>Choisissez la taille qui correspond le mieux aux exigences de visibilit\u00e9 de votre \u00e9v\u00e9nement\u00a0:<\/p>\n<h3>Largeur standard de 19 mm (norme industrielle)<\/h3>\n<p>Le mod\u00e8le 90%, le plus populaire pour les \u00e9v\u00e9nements, offre un \u00e9quilibre parfait entre confort et visibilit\u00e9.<\/p>\n<ul>\n<li><b>Id\u00e9al pour :<\/b> Festivals d&#039;une journ\u00e9e, concerts, bo\u00eetes de nuit et f\u00eates priv\u00e9es.<\/li>\n<li><b>Avantage:<\/b> Discret au poignet, mais facile \u00e0 v\u00e9rifier pour le personnel de s\u00e9curit\u00e9.<\/li>\n<\/ul>\n<h3>25 mm extra large (visibilit\u00e9 maximale)<\/h3>\n<p>Offre une plus grande surface, rendant la couleur et la num\u00e9rotation visibles de plus loin.<\/p>\n<ul>\n<li><b>Id\u00e9al pour :<\/b> Identification VIP, lieux bond\u00e9s ou \u00e9v\u00e9nements n\u00e9cessitant des notes manuscrites sur le groupe.<\/li>\n<li><b>Avantage:<\/b> Une meilleure visibilit\u00e9 facilite un traitement plus rapide des foules aux points d&#039;entr\u00e9e.<\/li>\n<\/ul>\n<h3>Caract\u00e9ristiques principales :<\/h3>\n<ul>\n<li><b>Num\u00e9rotation s\u00e9quentielle\u00a0:<\/b> Chaque bracelet comporte un num\u00e9ro unique pour une s\u00e9curit\u00e9 renforc\u00e9e et un suivi optimal des invit\u00e9s.<\/li>\n<li><b>V\u00e9ritable Tyvek\u00ae DuPont\u2122 :<\/b> Mat\u00e9riau imperm\u00e9able et r\u00e9sistant aux d\u00e9chirures pour une utilisation fiable lors d&#039;\u00e9v\u00e9nements.<\/li>\n<li><b>Fermeture inviolable\u00a0:<\/b> Un adh\u00e9sif \u00e0 usage unique et s\u00e9curis\u00e9 emp\u00eache le transfert entre les invit\u00e9s.<\/li>\n<li><b>Deux options de largeur\u00a0:<\/b> Disponible en versions Standard (19 mm) ou Large (25 mm).<\/li>\n<li><b>Options de couleurs \u00e9clatantes\u00a0:<\/b> Disponible en couleurs n\u00e9on, m\u00e9talliques et standard pour une segmentation visuelle facile des clients.<\/li>\n<li><b>Cas d&#039;utilisation :<\/b> Id\u00e9al pour le contr\u00f4le d&#039;acc\u00e8s, la v\u00e9rification de l&#039;\u00e2ge et l&#039;identification des clients.<\/li>\n<\/ul>","protected":false},"excerpt":{"rendered":"<ul>\n<li>Dot\u00e9 d&#039;un syst\u00e8me de num\u00e9rotation s\u00e9quentielle unique pour un contr\u00f4le d&#039;acc\u00e8s s\u00e9curis\u00e9 et le suivi des clients.<\/li>\n<li>Fabriqu\u00e9 \u00e0 partir de v\u00e9ritable DuPont\u2122 Tyvek\u00ae (imperm\u00e9able et r\u00e9sistant aux d\u00e9chirures).<\/li>\n<li>Large gamme de couleurs vives pour une identification visuelle facile des clients.<\/li>\n<li>La fermeture adh\u00e9sive inviolable emp\u00eache le transfert entre les participants.<\/li>\n<\/ul>","protected":false},"featured_media":6111,"comment_status":"closed","ping_status":"closed","template":"","meta":[],"product_brand":[],"product_cat":[66,41,68],"product_tag":[],"class_list":{"0":"post-5144","1":"product","2":"type-product","3":"status-publish","4":"has-post-thumbnail","6":"product_cat-wristbands","7":"product_cat-tyvek","8":"product_cat-event-supplies","10":"first","11":"instock","12":"shipping-taxable","13":"purchasable","14":"product-type-simple"},"_links":{"self":[{"href":"https:\/\/displayproducts.eu\/fr\/wp-json\/wp\/v2\/product\/5144","targetHints":{"allow":["GET"]}}],"collection":[{"href":"https:\/\/displayproducts.eu\/fr\/wp-json\/wp\/v2\/product"}],"about":[{"href":"https:\/\/displayproducts.eu\/fr\/wp-json\/wp\/v2\/types\/product"}],"replies":[{"embeddable":true,"href":"https:\/\/displayproducts.eu\/fr\/wp-json\/wp\/v2\/comments?post=5144"}],"wp:featuredmedia":[{"embeddable":true,"href":"https:\/\/displayproducts.eu\/fr\/wp-json\/wp\/v2\/media\/6111"}],"wp:attachment":[{"href":"https:\/\/displayproducts.eu\/fr\/wp-json\/wp\/v2\/media?parent=5144"}],"wp:term":[{"taxonomy":"product_brand","embeddable":true,"href":"https:\/\/displayproducts.eu\/fr\/wp-json\/wp\/v2\/product_brand?post=5144"},{"taxonomy":"product_cat","embeddable":true,"href":"https:\/\/displayproducts.eu\/fr\/wp-json\/wp\/v2\/product_cat?post=5144"},{"taxonomy":"product_tag","embeddable":true,"href":"https:\/\/displayproducts.eu\/fr\/wp-json\/wp\/v2\/product_tag?post=5144"}],"curies":[{"name":"wp","href":"https:\/\/api.w.org\/{rel}","templated":true}]}}