{"id":5130,"date":"2025-10-13T13:22:52","date_gmt":"2025-10-13T10:22:52","guid":{"rendered":"https:\/\/wristbandfactory.eu\/?post_type=product&#038;p=5130"},"modified":"2026-04-01T21:52:35","modified_gmt":"2026-04-01T18:52:35","slug":"fluorescent-fabric-wristbands-uv-reactive","status":"publish","type":"product","link":"https:\/\/displayproducts.eu\/fr\/p\/fluorescent-fabric-wristbands-uv-reactive\/","title":{"rendered":"Bracelets en tissu fluorescent (r\u00e9actifs aux UV)"},"content":{"rendered":"<p data-path-to-node=\"8\">Assurez la s\u00e9curit\u00e9 de vos \u00e9v\u00e9nements en faible luminosit\u00e9 gr\u00e2ce \u00e0 nos bracelets fluorescents en tissu. C&#039;est la solution id\u00e9ale pour les bo\u00eetes de nuit, les concerts et les festivals nocturnes qui exigent un contr\u00f4le d&#039;acc\u00e8s fiable et \u00e0 haute visibilit\u00e9.<\/p>\n<h3>Fonction UV\/lumi\u00e8re noire haute visibilit\u00e9<\/h3>\n<p data-path-to-node=\"10\">Le bracelet est confectionn\u00e9 en polyester doux au toucher, aux couleurs fluorescentes \u00e9clatantes. Ce mat\u00e9riau est tr\u00e8s visible en plein jour et <b>brille intens\u00e9ment sous lumi\u00e8re UV\/noire<\/b>, renfor\u00e7ant ainsi les contr\u00f4les de s\u00e9curit\u00e9 du personnel et la pr\u00e9sence de votre marque dans l&#039;obscurit\u00e9.<\/p>\n<h3>Configurez votre verrou de s\u00e9curit\u00e9<\/h3>\n<p data-path-to-node=\"12\">Assurez un contr\u00f4le d&#039;acc\u00e8s efficace en choisissant la serrure adapt\u00e9e aux besoins de votre \u00e9v\u00e9nement. Ces bandes fluorescentes sont compatibles avec toute notre gamme de serrures\u00a0:<\/p>\n<ul data-path-to-node=\"13\">\n<li>\n<p data-path-to-node=\"13,0,0\"><b>Serrure haute s\u00e9curit\u00e9 :<\/b> Le dispositif de fermeture de s\u00e9curit\u00e9 unidirectionnelle r\u00e9glable (en ABS) emp\u00eache le transfert et l&#039;entr\u00e9e non autoris\u00e9e.<\/p>\n<\/li>\n<li>\n<p data-path-to-node=\"13,1,0\"><b>Cadenas r\u00e9utilisable\u00a0:<\/b> Une perle ajustable pour une utilisation flexible ou pour les \u00e9v\u00e9nements o\u00f9 les bracelets peuvent \u00eatre retir\u00e9s.<\/p>\n<\/li>\n<li>\n<p data-path-to-node=\"13,2,0\"><b>Cadenas en bambou \u00e9cologique :<\/b> Un cadenas durable \u00e0 usage unique qui s&#039;accorde parfaitement avec tous les bracelets en tissu.<\/p>\n<\/li>\n<\/ul>\n<p data-path-to-node=\"14\">Le bracelet en polyester r\u00e9sistant et confortable offre une surface id\u00e9ale pour votre logo imprim\u00e9 personnalis\u00e9, garantissant ainsi la visibilit\u00e9 de votre marque m\u00eame dans l&#039;obscurit\u00e9.<\/p>\n<h3 data-path-to-node=\"15\">Caract\u00e9ristiques principales :<\/h3>\n<ul data-path-to-node=\"16\">\n<li>\n<p data-path-to-node=\"16,0,0\"><b>Mat\u00e9riau haute visibilit\u00e9 :<\/b> Brille intens\u00e9ment sous lumi\u00e8re UV\/noire pour une identification facile dans l&#039;obscurit\u00e9.<\/p>\n<\/li>\n<li>\n<p data-path-to-node=\"16,1,0\"><b>Plusieurs options de verrouillage\u00a0:<\/b> Choisissez parmi les fermetures haute s\u00e9curit\u00e9 (\u00e0 usage unique), r\u00e9utilisables ou en bambou \u00e9cologique.<\/p>\n<\/li>\n<li>\n<p data-path-to-node=\"16,2,0\"><b>Tissu en polyester durable :<\/b> Mati\u00e8re douce et r\u00e9sistante, con\u00e7ue pour un confort prolong\u00e9.<\/p>\n<\/li>\n<li>\n<p data-path-to-node=\"16,3,0\"><b>Enti\u00e8rement personnalisable :<\/b> Surface id\u00e9ale pour l&#039;impression personnalis\u00e9e du logo de votre \u00e9v\u00e9nement ou de la marque de vos sponsors.<\/p>\n<\/li>\n<li>\n<p data-path-to-node=\"16,4,0\"><b>Ajustement universel :<\/b> Le syst\u00e8me de verrouillage ajustable s&#039;adapte confortablement \u00e0 toutes les tailles de poignet.<\/p>\n<\/li>\n<\/ul>","protected":false},"excerpt":{"rendered":"<ul>\n<li>\n<p data-path-to-node=\"7,0,0\"><b>R\u00e9actif aux UV\/lumi\u00e8re noire :<\/b> Brille intens\u00e9ment dans les environnements peu \u00e9clair\u00e9s pour une identification facile.<\/p>\n<\/li>\n<li>\n<p data-path-to-node=\"7,1,0\"><b>Options de verrouillage\u00a0:<\/b> Choisissez entre un cadenas haute s\u00e9curit\u00e9, une perle r\u00e9utilisable ou un cadenas en bambou \u00e9cologique.<\/p>\n<\/li>\n<li>\n<p data-path-to-node=\"7,2,0\"><b>Durable et confortable :<\/b> Fabriqu\u00e9 en polyester doux et r\u00e9sistant pour un confort optimal pendant plusieurs jours.<\/p>\n<\/li>\n<li>\n<p data-path-to-node=\"7,3,0\"><b>Enti\u00e8rement personnalisable :<\/b> Le support id\u00e9al pour votre logo personnalis\u00e9 ou le message de votre \u00e9v\u00e9nement.<\/p>\n<\/li>\n<\/ul>","protected":false},"featured_media":6383,"comment_status":"closed","ping_status":"closed","template":"","meta":[],"product_brand":[],"product_cat":[66,47,68],"product_tag":[],"class_list":{"0":"post-5130","1":"product","2":"type-product","3":"status-publish","4":"has-post-thumbnail","6":"product_cat-wristbands","7":"product_cat-fabric-wristbands","8":"product_cat-event-supplies","10":"first","11":"instock","12":"shipping-taxable","13":"purchasable","14":"product-type-simple"},"_links":{"self":[{"href":"https:\/\/displayproducts.eu\/fr\/wp-json\/wp\/v2\/product\/5130","targetHints":{"allow":["GET"]}}],"collection":[{"href":"https:\/\/displayproducts.eu\/fr\/wp-json\/wp\/v2\/product"}],"about":[{"href":"https:\/\/displayproducts.eu\/fr\/wp-json\/wp\/v2\/types\/product"}],"replies":[{"embeddable":true,"href":"https:\/\/displayproducts.eu\/fr\/wp-json\/wp\/v2\/comments?post=5130"}],"wp:featuredmedia":[{"embeddable":true,"href":"https:\/\/displayproducts.eu\/fr\/wp-json\/wp\/v2\/media\/6383"}],"wp:attachment":[{"href":"https:\/\/displayproducts.eu\/fr\/wp-json\/wp\/v2\/media?parent=5130"}],"wp:term":[{"taxonomy":"product_brand","embeddable":true,"href":"https:\/\/displayproducts.eu\/fr\/wp-json\/wp\/v2\/product_brand?post=5130"},{"taxonomy":"product_cat","embeddable":true,"href":"https:\/\/displayproducts.eu\/fr\/wp-json\/wp\/v2\/product_cat?post=5130"},{"taxonomy":"product_tag","embeddable":true,"href":"https:\/\/displayproducts.eu\/fr\/wp-json\/wp\/v2\/product_tag?post=5130"}],"curies":[{"name":"wp","href":"https:\/\/api.w.org\/{rel}","templated":true}]}}