{"id":5108,"date":"2025-10-06T22:07:55","date_gmt":"2025-10-06T19:07:55","guid":{"rendered":"https:\/\/wristbandfactory.eu\/?post_type=product&#038;p=5108"},"modified":"2026-04-01T21:52:35","modified_gmt":"2026-04-01T18:52:35","slug":"custom-engraved-printed-wooden-medals","status":"publish","type":"product","link":"https:\/\/displayproducts.eu\/fr\/p\/custom-engraved-printed-wooden-medals\/","title":{"rendered":"M\u00e9dailles en bois grav\u00e9es et imprim\u00e9es sur mesure"},"content":{"rendered":"<p>Adoptez une esth\u00e9tique naturelle et durable pour vos r\u00e9compenses avec nos m\u00e9dailles en bois personnalis\u00e9es. Id\u00e9ales pour les \u00e9v\u00e9nements en plein air, les marques \u00e9co-responsables et les distinctions uniques, ces m\u00e9dailles offrent une alternative chaleureuse et rustique aux r\u00e9compenses traditionnelles en m\u00e9tal. Disponibles dans toutes les formes personnalis\u00e9es, elles constituent une fa\u00e7on m\u00e9morable et \u00e9cologique de c\u00e9l\u00e9brer une r\u00e9ussite.<\/p>\n<p><b>Options de conception polyvalentes<\/b> Nous proposons trois m\u00e9thodes distinctes pour donner vie \u00e0 votre design sur la surface du bois\u00a0:<\/p>\n<ol start=\"1\">\n<li><b>Logo grav\u00e9 :<\/b> Pour un look classique et rustique, votre motif est grav\u00e9 au laser directement dans le bois, cr\u00e9ant une belle finition tactile qui met en valeur le grain naturel.<\/li>\n<li><b>S\u00e9rigraphie :<\/b> Id\u00e9al pour les logos audacieux et monochromes qui se d\u00e9tachent nettement sur le bois.<\/li>\n<li><b>Impression UV en couleur :<\/b> Pour des \u0153uvres d&#039;art vibrantes et complexes, notre processus d&#039;impression UV avanc\u00e9 applique votre conception en couleur directement sur la surface du bois avec pr\u00e9cision et durabilit\u00e9.<\/li>\n<\/ol>\n<p>Chaque m\u00e9daille peut \u00eatre davantage personnalis\u00e9e avec des noms et des num\u00e9ros individuels grav\u00e9s au dos.<\/p>\n<p><b>Rubans haut de gamme et durables<\/b> Pour compl\u00e9ter la r\u00e9compense, chaque m\u00e9daille est accompagn\u00e9e d&#039;un ruban premium de 80 cm, imprim\u00e9 en couleur recto verso. Vous pouvez choisir entre un ruban polyester standard \u00e0 coutures boucl\u00e9es ou un ruban <b>ruban rPET \u00e9cologique<\/b> fabriqu\u00e9 \u00e0 partir de mat\u00e9riaux recycl\u00e9s, renfor\u00e7ant encore les r\u00e9f\u00e9rences durables de votre \u00e9v\u00e9nement.<\/p>\n<p><b>Caract\u00e9ristiques principales :<\/b><\/p>\n<ul>\n<li><b>Mat\u00e9riau en bois naturel :<\/b> Offre une esth\u00e9tique unique, rustique et \u00e9cologique.<\/li>\n<li><b>Trois options de conception\u00a0:<\/b> Choisissez entre la gravure laser, la s\u00e9rigraphie 1 couleur ou l\u2019impression UV en couleur.<\/li>\n<li><b>Forme enti\u00e8rement personnalis\u00e9e :<\/b> Cr\u00e9ez une m\u00e9daille de n&#039;importe quelle forme pour correspondre parfaitement \u00e0 votre \u00e9v\u00e9nement ou \u00e0 votre marque.<\/li>\n<li><b>Rubans imprim\u00e9s en couleur inclus\u00a0:<\/b> Votre motif est imprim\u00e9 sur les deux c\u00f4t\u00e9s du ruban.<\/li>\n<li><b>Option de ruban rPET \u00e9cologique\u00a0:<\/b> Un choix de ruban durable fabriqu\u00e9 \u00e0 partir de mat\u00e9riaux recycl\u00e9s.<\/li>\n<li><b>Gravure du nom et du num\u00e9ro individuels :<\/b> Personnalisez chaque m\u00e9daille pour le destinataire au dos.<\/li>\n<\/ul>","protected":false},"excerpt":{"rendered":"<p>Choisissez une r\u00e9compense unique et durable avec nos m\u00e9dailles en bois personnalis\u00e9es. Quelle que soit la forme, votre motif peut \u00eatre grav\u00e9, s\u00e9rigraphi\u00e9 ou imprim\u00e9 UV dans des couleurs \u00e9clatantes.<\/p>","protected":false},"featured_media":6458,"comment_status":"closed","ping_status":"closed","template":"","meta":[],"product_brand":[],"product_cat":[102,45],"product_tag":[],"class_list":{"0":"post-5108","1":"product","2":"type-product","3":"status-publish","4":"has-post-thumbnail","6":"product_cat-medals","7":"product_cat-other","9":"first","10":"instock","11":"shipping-taxable","12":"purchasable","13":"product-type-simple"},"_links":{"self":[{"href":"https:\/\/displayproducts.eu\/fr\/wp-json\/wp\/v2\/product\/5108","targetHints":{"allow":["GET"]}}],"collection":[{"href":"https:\/\/displayproducts.eu\/fr\/wp-json\/wp\/v2\/product"}],"about":[{"href":"https:\/\/displayproducts.eu\/fr\/wp-json\/wp\/v2\/types\/product"}],"replies":[{"embeddable":true,"href":"https:\/\/displayproducts.eu\/fr\/wp-json\/wp\/v2\/comments?post=5108"}],"wp:featuredmedia":[{"embeddable":true,"href":"https:\/\/displayproducts.eu\/fr\/wp-json\/wp\/v2\/media\/6458"}],"wp:attachment":[{"href":"https:\/\/displayproducts.eu\/fr\/wp-json\/wp\/v2\/media?parent=5108"}],"wp:term":[{"taxonomy":"product_brand","embeddable":true,"href":"https:\/\/displayproducts.eu\/fr\/wp-json\/wp\/v2\/product_brand?post=5108"},{"taxonomy":"product_cat","embeddable":true,"href":"https:\/\/displayproducts.eu\/fr\/wp-json\/wp\/v2\/product_cat?post=5108"},{"taxonomy":"product_tag","embeddable":true,"href":"https:\/\/displayproducts.eu\/fr\/wp-json\/wp\/v2\/product_tag?post=5108"}],"curies":[{"name":"wp","href":"https:\/\/api.w.org\/{rel}","templated":true}]}}