{"id":5103,"date":"2025-10-06T22:03:40","date_gmt":"2025-10-06T19:03:40","guid":{"rendered":"https:\/\/wristbandfactory.eu\/?post_type=product&#038;p=5103"},"modified":"2026-04-01T21:52:35","modified_gmt":"2026-04-01T18:52:35","slug":"custom-3d-medals-with-uv-color-printing","status":"publish","type":"product","link":"https:\/\/displayproducts.eu\/fr\/p\/custom-3d-medals-with-uv-color-printing\/","title":{"rendered":"M\u00e9dailles 3D personnalis\u00e9es avec impression couleur UV"},"content":{"rendered":"<p>D\u00e9couvrez des possibilit\u00e9s de cr\u00e9ation in\u00e9gal\u00e9es avec nos m\u00e9dailles 3D personnalis\u00e9es avec impression couleur UV. Cette technique de pointe allie la profondeur tactile d&#039;une m\u00e9daille 3D en relief moul\u00e9e sous pression aux d\u00e9tails \u00e9clatants de l&#039;impression couleur, cr\u00e9ant ainsi une r\u00e9compense \u00e0 l&#039;impact visuel et texturis\u00e9 saisissant qui ne manquera pas d&#039;impressionner.<\/p>\n<p><b>La couleur rencontre la texture<\/b> Contrairement aux m\u00e9thodes traditionnelles, l&#039;impression UV applique votre motif en couleur directement sur la surface de la m\u00e9daille, \u00e9pousant parfaitement les reliefs et les creux de votre design 3D personnalis\u00e9. Cela permet de faire cohabiter logos et illustrations complexes et color\u00e9s avec un relief m\u00e9tallique tactile. La m\u00e9daille est fabriqu\u00e9e en alliage de zinc de qualit\u00e9 sup\u00e9rieure, ce qui permet de r\u00e9aliser des formes et des d\u00e9coupes personnalis\u00e9es complexes.<\/p>\n<p><b>Rubans couleur haut de gamme<\/b> Pour compl\u00e9ter cette m\u00e9daille haut de gamme, chaque r\u00e9compense est accompagn\u00e9e d&#039;un ruban de haute qualit\u00e9, imprim\u00e9 recto verso en couleurs \u00e9clatantes. Choisissez entre un polyester classique ou un mat\u00e9riau \u00e9cologique. <b>ruban rPET<\/b> fabriqu\u00e9 \u00e0 partir de mat\u00e9riaux recycl\u00e9s pour s&#039;aligner sur les objectifs de durabilit\u00e9 de votre organisation.<\/p>\n<p><b>Options de personnalisation compl\u00e8tes<\/b><\/p>\n<ul>\n<li><b>M\u00e9daille:<\/b> Votre design peut \u00eatre personnalis\u00e9 jusqu&#039;\u00e0 65 mm. Choisissez parmi 8 couleurs de placage pour la base m\u00e9tallique. Vous pouvez ajouter un logo en relief ou en creux au dos, ainsi que graver des noms et des num\u00e9ros individuels.<\/li>\n<li><b>Ruban:<\/b> Comprend un ruban cousu en boucle de 80 cm avec impression en couleur des deux c\u00f4t\u00e9s.<\/li>\n<\/ul>\n<p>&nbsp;<\/p>\n<p><b>Le forfait \u00ab\u00a0M\u00e9dailles gagnantes\u00a0\u00bb<\/b> Notre forfait unique \u2018 M\u00e9dailles gagnantes \u2019 est \u00e9galement disponible, vous permettant d&#039;inclure un ensemble de m\u00e9dailles de 1\u00e8re, 2\u00e8me et 3\u00e8me place dans votre commande pour cr\u00e9er un ensemble de r\u00e9compenses complet pour votre comp\u00e9tition.<\/p>\n<p><b>Caract\u00e9ristiques principales :<\/b><\/p>\n<ul>\n<li><b>Impression UV sur surfaces 3D :<\/b> Motifs en couleur appliqu\u00e9s directement sur le m\u00e9tal en relief et en creux.<\/li>\n<li><b>Mat\u00e9riau en alliage de zinc de qualit\u00e9 sup\u00e9rieure :<\/b> Permet des formes en relief 3D complexes et des d\u00e9coupes personnalis\u00e9es.<\/li>\n<li><b>Rubans imprim\u00e9s en couleur inclus\u00a0:<\/b> Votre motif imprim\u00e9 sur les deux c\u00f4t\u00e9s du ruban.<\/li>\n<li><b>Option de ruban rPET \u00e9cologique\u00a0:<\/b> Un choix de ruban durable fabriqu\u00e9 \u00e0 partir de mat\u00e9riaux recycl\u00e9s.<\/li>\n<li><b>Forme enti\u00e8rement personnalis\u00e9e :<\/b> Votre m\u00e9daille peut \u00eatre moul\u00e9e sous n&#039;importe quelle forme pour repr\u00e9senter votre marque ou votre \u00e9v\u00e9nement.<\/li>\n<li><b>Forfait \u00ab\u00a0M\u00e9dailles gagnantes\u00a0\u00bb disponible\u00a0:<\/b> Incluez facilement les m\u00e9dailles de 1\u00e8re, 2\u00e8me et 3\u00e8me place.<\/li>\n<li><b>Gravure du nom et du num\u00e9ro individuels :<\/b> Personnalisez chaque m\u00e9daille pour le destinataire.<\/li>\n<li><b>8 couleurs de placage diff\u00e9rentes :<\/b> S\u00e9lectionnez la finition m\u00e9tallique parfaite pour votre conception.<\/li>\n<\/ul>\n<p>&nbsp;<\/p>\n<h3><\/h3>","protected":false},"excerpt":{"rendered":"<p>D\u00e9couvrez une nouvelle dimension de la conception de m\u00e9dailles gr\u00e2ce \u00e0 nos m\u00e9dailles 3D imprim\u00e9es par UV. Cette technique permet d&#039;imprimer des motifs \u00e9clatants et en couleurs directement sur les surfaces m\u00e9talliques en relief et en creux.<\/p>","protected":false},"featured_media":6447,"comment_status":"closed","ping_status":"closed","template":"","meta":[],"product_brand":[],"product_cat":[68,102,45],"product_tag":[],"class_list":{"0":"post-5103","1":"product","2":"type-product","3":"status-publish","4":"has-post-thumbnail","6":"product_cat-event-supplies","7":"product_cat-medals","8":"product_cat-other","10":"first","11":"instock","12":"shipping-taxable","13":"purchasable","14":"product-type-simple"},"_links":{"self":[{"href":"https:\/\/displayproducts.eu\/fr\/wp-json\/wp\/v2\/product\/5103","targetHints":{"allow":["GET"]}}],"collection":[{"href":"https:\/\/displayproducts.eu\/fr\/wp-json\/wp\/v2\/product"}],"about":[{"href":"https:\/\/displayproducts.eu\/fr\/wp-json\/wp\/v2\/types\/product"}],"replies":[{"embeddable":true,"href":"https:\/\/displayproducts.eu\/fr\/wp-json\/wp\/v2\/comments?post=5103"}],"wp:featuredmedia":[{"embeddable":true,"href":"https:\/\/displayproducts.eu\/fr\/wp-json\/wp\/v2\/media\/6447"}],"wp:attachment":[{"href":"https:\/\/displayproducts.eu\/fr\/wp-json\/wp\/v2\/media?parent=5103"}],"wp:term":[{"taxonomy":"product_brand","embeddable":true,"href":"https:\/\/displayproducts.eu\/fr\/wp-json\/wp\/v2\/product_brand?post=5103"},{"taxonomy":"product_cat","embeddable":true,"href":"https:\/\/displayproducts.eu\/fr\/wp-json\/wp\/v2\/product_cat?post=5103"},{"taxonomy":"product_tag","embeddable":true,"href":"https:\/\/displayproducts.eu\/fr\/wp-json\/wp\/v2\/product_tag?post=5103"}],"curies":[{"name":"wp","href":"https:\/\/api.w.org\/{rel}","templated":true}]}}