{"id":5098,"date":"2025-10-06T21:55:28","date_gmt":"2025-10-06T18:55:28","guid":{"rendered":"https:\/\/wristbandfactory.eu\/?post_type=product&#038;p=5098"},"modified":"2026-04-01T21:52:35","modified_gmt":"2026-04-01T18:52:35","slug":"standard-shape-medals-with-full-color-doming","status":"publish","type":"product","link":"https:\/\/displayproducts.eu\/fr\/p\/standard-shape-medals-with-full-color-doming\/","title":{"rendered":"M\u00e9dailles de forme standard avec d\u00f4me en couleur"},"content":{"rendered":"<p>Pour les \u00e9v\u00e9nements n\u00e9cessitant une solution de r\u00e9compense rapide, sans impression et \u00e9conomique, nos m\u00e9dailles en fer de forme standard sont la solution id\u00e9ale. Gr\u00e2ce \u00e0 leur forme standard de 50 mm (par exemple, ronde), nous vous offrons le prix le plus bas et les d\u00e9lais de livraison les plus rapides, tout en vous offrant un superbe design personnalis\u00e9 en couleur pour votre \u00e9v\u00e9nement.<\/p>\n<p><b>Impact maximal avec un budget minimal<\/b> Ces m\u00e9dailles sont id\u00e9ales pour les r\u00e9compenses de participation, les journ\u00e9es sportives scolaires ou tout autre \u00e9v\u00e9nement n\u00e9cessitant une grande quantit\u00e9 de m\u00e9dailles de haute qualit\u00e9 \u00e0 un prix abordable. La face avant arbore un motif vibrant et color\u00e9, prot\u00e9g\u00e9 par un d\u00f4me brillant et r\u00e9sistant. Le socle en fer massif lui conf\u00e8re un poids et un toucher agr\u00e9ables.<\/p>\n<p><b>Personnalisation sans impression et rationalis\u00e9e<\/b><\/p>\n<ul>\n<li><b>M\u00e9daille:<\/b> La m\u00e9daille est de forme standard de 50 mm. Vous pouvez choisir parmi huit couleurs de placage diff\u00e9rentes et personnaliser le verso avec un logo grav\u00e9 ou des noms et num\u00e9ros.<\/li>\n<li><b>Ruban:<\/b> Chaque m\u00e9daille est accompagn\u00e9e d&#039;un ruban en polyester de 80 cm, cousu en V. Les rubans peuvent \u00eatre fabriqu\u00e9s dans trois couleurs au choix, et vous pouvez s\u00e9rigraphier votre logo sur une ou deux faces.<\/li>\n<\/ul>\n<p>&nbsp;<\/p>\n<p><b>Le forfait \u00ab\u00a0M\u00e9dailles gagnantes\u00a0\u00bb<\/b> M\u00eame avec notre option la plus \u00e9conomique, vous pouvez toujours r\u00e9compenser vos meilleurs \u00e9l\u00e9ments. Notre forfait unique \u2018\u00a0M\u00e9dailles gagnantes\u00a0\u2019 est disponible, vous permettant d&#039;inclure un lot de m\u00e9dailles pour les 1er, 2e et 3e prix \u00e0 votre commande.<\/p>\n<p><b>Caract\u00e9ristiques principales :<\/b><\/p>\n<ul>\n<li><b>Option de m\u00e9daille la plus rentable\u00a0:<\/b> Notre meilleur rapport qualit\u00e9\/prix pour les grosses commandes et les budgets serr\u00e9s.<\/li>\n<li><b>Forme standard 50 mm :<\/b> Permet une production plus rapide et des co\u00fbts r\u00e9duits.<\/li>\n<li><b>Finition Doming en couleur :<\/b> Pr\u00e9sente votre logo complexe et color\u00e9 avec une couche protectrice brillante.<\/li>\n<li><b>Forfait \u00ab\u00a0M\u00e9dailles gagnantes\u00a0\u00bb disponible\u00a0:<\/b> Incluez facilement les m\u00e9dailles de 1\u00e8re, 2\u00e8me et 3\u00e8me place.<\/li>\n<li><b>Gravure du nom et du num\u00e9ro individuels :<\/b> Personnalisez chaque m\u00e9daille pour le destinataire.<\/li>\n<li><b>Logo grav\u00e9 au dos en option\u00a0:<\/b> Ajoutez une marque suppl\u00e9mentaire au dos de la m\u00e9daille.<\/li>\n<li><b>Rubans cousus en V personnalisables inclus\u00a0:<\/b> Choisissez vos couleurs et ajoutez votre logo.<\/li>\n<li><b>8 couleurs de placage diff\u00e9rentes :<\/b> Choisissez la finition m\u00e9tallique parfaite pour votre m\u00e9daille.<\/li>\n<\/ul>\n<p>&nbsp;<\/p>\n<h3><\/h3>","protected":false},"excerpt":{"rendered":"<p>Notre solution de r\u00e9compense la plus rapide et la plus abordable. Ces m\u00e9dailles en fer de forme standard arborent votre logo bomb\u00e9 en couleur \u00e9clatante, pour un impact maximal \u00e0 petit prix.<\/p>","protected":false},"featured_media":6643,"comment_status":"closed","ping_status":"closed","template":"","meta":[],"product_brand":[],"product_cat":[68,102,45],"product_tag":[],"class_list":{"0":"post-5098","1":"product","2":"type-product","3":"status-publish","4":"has-post-thumbnail","6":"product_cat-event-supplies","7":"product_cat-medals","8":"product_cat-other","10":"first","11":"instock","12":"shipping-taxable","13":"purchasable","14":"product-type-simple"},"_links":{"self":[{"href":"https:\/\/displayproducts.eu\/fr\/wp-json\/wp\/v2\/product\/5098","targetHints":{"allow":["GET"]}}],"collection":[{"href":"https:\/\/displayproducts.eu\/fr\/wp-json\/wp\/v2\/product"}],"about":[{"href":"https:\/\/displayproducts.eu\/fr\/wp-json\/wp\/v2\/types\/product"}],"replies":[{"embeddable":true,"href":"https:\/\/displayproducts.eu\/fr\/wp-json\/wp\/v2\/comments?post=5098"}],"wp:featuredmedia":[{"embeddable":true,"href":"https:\/\/displayproducts.eu\/fr\/wp-json\/wp\/v2\/media\/6643"}],"wp:attachment":[{"href":"https:\/\/displayproducts.eu\/fr\/wp-json\/wp\/v2\/media?parent=5098"}],"wp:term":[{"taxonomy":"product_brand","embeddable":true,"href":"https:\/\/displayproducts.eu\/fr\/wp-json\/wp\/v2\/product_brand?post=5098"},{"taxonomy":"product_cat","embeddable":true,"href":"https:\/\/displayproducts.eu\/fr\/wp-json\/wp\/v2\/product_cat?post=5098"},{"taxonomy":"product_tag","embeddable":true,"href":"https:\/\/displayproducts.eu\/fr\/wp-json\/wp\/v2\/product_tag?post=5098"}],"curies":[{"name":"wp","href":"https:\/\/api.w.org\/{rel}","templated":true}]}}