{"id":5093,"date":"2025-10-06T21:50:00","date_gmt":"2025-10-06T18:50:00","guid":{"rendered":"https:\/\/wristbandfactory.eu\/?post_type=product&#038;p=5093"},"modified":"2026-04-01T21:52:04","modified_gmt":"2026-04-01T18:52:04","slug":"custom-iron-medals-with-full-color-doming","status":"publish","type":"product","link":"https:\/\/displayproducts.eu\/fr\/p\/custom-iron-medals-with-full-color-doming\/","title":{"rendered":"M\u00e9dailles en fer personnalis\u00e9es avec d\u00f4me en couleur"},"content":{"rendered":"<p>Obtenez une r\u00e9compense \u00e9clatante et color\u00e9e \u00e0 un prix exceptionnel gr\u00e2ce \u00e0 nos m\u00e9dailles en fer personnalis\u00e9es avec d\u00f4me. Cette option est id\u00e9ale pour donner vie \u00e0 des logos, images et d\u00e9grad\u00e9s complexes sur une m\u00e9daille \u00e9conomique. Elle est id\u00e9ale pour les \u00e9v\u00e9nements de grande envergure, les campagnes promotionnelles et les tournois o\u00f9 budget et impact visuel sont essentiels.<\/p>\n<p><b>Couleurs \u00e9clatantes \u00e0 petit prix<\/b> Cette m\u00e9daille associe un socle en fer robuste \u00e0 une finition bomb\u00e9e moderne et color\u00e9e. Le proc\u00e9d\u00e9 de bombage consiste \u00e0 appliquer une r\u00e9sine polyur\u00e9thane transparente et r\u00e9sistante aux rayures sur votre motif imprim\u00e9, le prot\u00e9geant ainsi et lui conf\u00e9rant un effet 3D brillant. Gr\u00e2ce \u00e0 un socle en fer, nous pouvons proposer ce style \u00e9clatant et color\u00e9 \u00e0 un prix plus accessible. Ces m\u00e9dailles peuvent \u00eatre r\u00e9alis\u00e9es dans n&#039;importe quelle forme personnalis\u00e9e, jusqu&#039;\u00e0 50 mm.<\/p>\n<p><b>Options de personnalisation compl\u00e8tes<\/b><\/p>\n<ul>\n<li><b>M\u00e9daille:<\/b> Votre design peut \u00eatre personnalis\u00e9 selon vos envies. Choisissez parmi 8 couleurs de placage diff\u00e9rentes pour la bordure m\u00e9tallique et personnalisez chaque m\u00e9daille avec des noms, des num\u00e9ros ou un logo grav\u00e9 au dos.<\/li>\n<li><b>Ruban:<\/b> Chaque m\u00e9daille est accompagn\u00e9e d&#039;un ruban en polyester de 80 cm, cousu en V. Les rubans peuvent \u00eatre fabriqu\u00e9s dans trois couleurs au choix, et vous pouvez s\u00e9rigraphier votre logo sur une ou deux faces.<\/li>\n<\/ul>\n<p>&nbsp;<\/p>\n<p><b>Le forfait \u00ab\u00a0M\u00e9dailles gagnantes\u00a0\u00bb<\/b> Notre forfait unique \u2018\u00a0M\u00e9dailles gagnantes\u00a0\u2019 est \u00e9galement disponible pour ce type de m\u00e9daille, vous permettant d&#039;inclure un ensemble de m\u00e9dailles de 1\u00e8re, 2\u00e8me et 3\u00e8me place dans votre commande pour cr\u00e9er une solution de r\u00e9compenses compl\u00e8te et abordable.<\/p>\n<p><b>Caract\u00e9ristiques principales :<\/b><\/p>\n<ul>\n<li><b>Base de fer \u00e9conomique :<\/b> Le choix id\u00e9al pour les commandes importantes et les \u00e9v\u00e9nements soucieux de leur budget.<\/li>\n<li><b>Finition Doming en couleur :<\/b> Reproduit parfaitement des logos complexes, des photos et des d\u00e9grad\u00e9s de couleurs.<\/li>\n<li><b>D\u00f4me brillant r\u00e9sistant aux rayures :<\/b> Prot\u00e8ge votre conception et ajoute un aspect 3D haut de gamme.<\/li>\n<li><b>Forme enti\u00e8rement personnalis\u00e9e :<\/b> Cr\u00e9ez une m\u00e9daille unique qui repr\u00e9sente votre marque ou votre \u00e9v\u00e9nement.<\/li>\n<li><b>Forfait \u00ab\u00a0M\u00e9dailles gagnantes\u00a0\u00bb disponible\u00a0:<\/b> Incluez facilement les m\u00e9dailles de 1\u00e8re, 2\u00e8me et 3\u00e8me place.<\/li>\n<li><b>Gravure du nom et du num\u00e9ro individuels :<\/b> Personnalisez chaque m\u00e9daille pour le destinataire.<\/li>\n<li><b>Logo grav\u00e9 au dos en option\u00a0:<\/b> Ajoutez une marque suppl\u00e9mentaire au dos de la m\u00e9daille.<\/li>\n<li><b>Rubans cousus en V personnalisables inclus\u00a0:<\/b> Choisissez vos couleurs et ajoutez votre logo.<\/li>\n<\/ul>","protected":false},"excerpt":{"rendered":"<p>Obtenez des m\u00e9dailles personnalis\u00e9es aux couleurs \u00e9clatantes \u00e0 un prix imbattable. Nos m\u00e9dailles en fer avec finition brillante sont parfaites pour reproduire des logos complexes sur une r\u00e9compense \u00e0 petit prix.<\/p>","protected":false},"featured_media":6464,"comment_status":"closed","ping_status":"closed","template":"","meta":[],"product_brand":[],"product_cat":[68,102,45],"product_tag":[],"class_list":{"0":"post-5093","1":"product","2":"type-product","3":"status-publish","4":"has-post-thumbnail","6":"product_cat-event-supplies","7":"product_cat-medals","8":"product_cat-other","10":"first","11":"instock","12":"shipping-taxable","13":"purchasable","14":"product-type-simple"},"_links":{"self":[{"href":"https:\/\/displayproducts.eu\/fr\/wp-json\/wp\/v2\/product\/5093","targetHints":{"allow":["GET"]}}],"collection":[{"href":"https:\/\/displayproducts.eu\/fr\/wp-json\/wp\/v2\/product"}],"about":[{"href":"https:\/\/displayproducts.eu\/fr\/wp-json\/wp\/v2\/types\/product"}],"replies":[{"embeddable":true,"href":"https:\/\/displayproducts.eu\/fr\/wp-json\/wp\/v2\/comments?post=5093"}],"wp:featuredmedia":[{"embeddable":true,"href":"https:\/\/displayproducts.eu\/fr\/wp-json\/wp\/v2\/media\/6464"}],"wp:attachment":[{"href":"https:\/\/displayproducts.eu\/fr\/wp-json\/wp\/v2\/media?parent=5093"}],"wp:term":[{"taxonomy":"product_brand","embeddable":true,"href":"https:\/\/displayproducts.eu\/fr\/wp-json\/wp\/v2\/product_brand?post=5093"},{"taxonomy":"product_cat","embeddable":true,"href":"https:\/\/displayproducts.eu\/fr\/wp-json\/wp\/v2\/product_cat?post=5093"},{"taxonomy":"product_tag","embeddable":true,"href":"https:\/\/displayproducts.eu\/fr\/wp-json\/wp\/v2\/product_tag?post=5093"}],"curies":[{"name":"wp","href":"https:\/\/api.w.org\/{rel}","templated":true}]}}