{"id":5088,"date":"2025-10-06T21:44:18","date_gmt":"2025-10-06T18:44:18","guid":{"rendered":"https:\/\/wristbandfactory.eu\/?post_type=product&#038;p=5088"},"modified":"2026-04-01T21:52:35","modified_gmt":"2026-04-01T18:52:35","slug":"custom-medals-with-full-color-doming","status":"publish","type":"product","link":"https:\/\/displayproducts.eu\/fr\/p\/custom-medals-with-full-color-doming\/","title":{"rendered":"M\u00e9dailles personnalis\u00e9es avec d\u00f4me en couleur"},"content":{"rendered":"<p>Pour les cr\u00e9ations exigeant des couleurs \u00e9clatantes et d\u00e9taill\u00e9es, nos m\u00e9dailles personnalis\u00e9es avec d\u00f4me sont la solution id\u00e9ale. Cette technique permet une reproduction parfaite de logos complexes, de d\u00e9grad\u00e9s et m\u00eame de photographies, prot\u00e9g\u00e9s par un d\u00f4me transparent et r\u00e9sistant aux rayures. C&#039;est le choix id\u00e9al pour des r\u00e9compenses modernes et accrocheuses.<\/p>\n<p><b>Finition couleur vibrante<\/b> Le proc\u00e9d\u00e9 de doming consiste \u00e0 appliquer une r\u00e9sine polyur\u00e9thane transparente sur un motif imprim\u00e9 en couleur. Cela cr\u00e9e un effet bulle 3D brillant et durable qui sublime votre \u0153uvre et la prot\u00e8ge de l&#039;usure. Le socle de la m\u00e9daille est fabriqu\u00e9 en alliage de zinc de premi\u00e8re qualit\u00e9, ce qui permet de la mouler dans toutes les formes complexes, avec des d\u00e9tails fins et des d\u00e9coupes personnalis\u00e9es (trous) qui encadrent parfaitement votre motif color\u00e9.<\/p>\n<p><b>Options de personnalisation compl\u00e8tes<\/b><\/p>\n<ul>\n<li><b>M\u00e9daille:<\/b> Votre design peut \u00eatre personnalis\u00e9 selon vos envies. Choisissez parmi 8 couleurs de placage pour la base m\u00e9tallique. Vous pouvez ajouter un logo en relief ou en creux au dos, ainsi que graver des noms et des num\u00e9ros individuels.<\/li>\n<li><b>Ruban:<\/b> Chaque m\u00e9daille est accompagn\u00e9e d&#039;un ruban en polyester de 80 cm, cousu en V. Les rubans peuvent \u00eatre fabriqu\u00e9s dans trois couleurs au choix, et vous pouvez s\u00e9rigraphier votre logo sur une ou deux faces.<\/li>\n<\/ul>\n<p>&nbsp;<\/p>\n<p><b>Le forfait \u00ab\u00a0M\u00e9dailles gagnantes\u00a0\u00bb<\/b> Notre forfait unique \u2018\u00a0M\u00e9dailles gagnantes\u00a0\u2019 est \u00e9galement disponible pour ce style de m\u00e9daille. Pour toute commande, vous pouvez choisir de faire produire trois m\u00e9dailles avec un placage classique or, argent et bronze pour les 1re, 2e et 3e places, cr\u00e9ant ainsi un ensemble complet de r\u00e9compenses pour votre concours.<\/p>\n<p><b>Caract\u00e9ristiques principales :<\/b><\/p>\n<ul>\n<li><b>Finition Doming en couleur :<\/b> Id\u00e9al pour les logos complexes, les images photographiques et les d\u00e9grad\u00e9s de couleurs.<\/li>\n<li><b>Mat\u00e9riau en alliage de zinc de qualit\u00e9 sup\u00e9rieure :<\/b> Permet des formes et des d\u00e9coupes personnalis\u00e9es complexes pour la base de la m\u00e9daille.<\/li>\n<li><b>D\u00f4me brillant r\u00e9sistant aux rayures :<\/b> Prot\u00e8ge le design et donne un aspect 3D haut de gamme.<\/li>\n<li><b>Forme enti\u00e8rement personnalis\u00e9e :<\/b> Votre m\u00e9daille peut \u00eatre moul\u00e9e sous n&#039;importe quelle forme pour repr\u00e9senter votre marque ou votre \u00e9v\u00e9nement.<\/li>\n<li><b>Forfait \u00ab\u00a0M\u00e9dailles gagnantes\u00a0\u00bb disponible\u00a0:<\/b> Incluez facilement les m\u00e9dailles de 1\u00e8re, 2\u00e8me et 3\u00e8me place dans votre commande.<\/li>\n<li><b>Gravure du nom et du num\u00e9ro individuels :<\/b> Personnalisez chaque m\u00e9daille pour le destinataire.<\/li>\n<li><b>Rubans cousus en boucle personnalisables inclus\u00a0:<\/b> Choisissez vos couleurs et ajoutez votre logo.<\/li>\n<li><b>8 couleurs de placage pour la base de la m\u00e9daille :<\/b> S\u00e9lectionnez la finition m\u00e9tallique parfaite pour compl\u00e9ter votre conception.<\/li>\n<\/ul>","protected":false},"excerpt":{"rendered":"<p>Donnez vie \u00e0 vos cr\u00e9ations \u00e9clatantes et color\u00e9es avec nos m\u00e9dailles personnalis\u00e9es en forme de d\u00f4me. Fabriqu\u00e9es en alliage de zinc de qualit\u00e9 sup\u00e9rieure, elles sont dot\u00e9es d&#039;un d\u00f4me protecteur brillant recouvrant votre logo ou image imprim\u00e9.<\/p>","protected":false},"featured_media":6471,"comment_status":"closed","ping_status":"closed","template":"","meta":[],"product_brand":[],"product_cat":[102,45],"product_tag":[],"class_list":{"0":"post-5088","1":"product","2":"type-product","3":"status-publish","4":"has-post-thumbnail","6":"product_cat-medals","7":"product_cat-other","9":"first","10":"instock","11":"shipping-taxable","12":"purchasable","13":"product-type-simple"},"_links":{"self":[{"href":"https:\/\/displayproducts.eu\/fr\/wp-json\/wp\/v2\/product\/5088","targetHints":{"allow":["GET"]}}],"collection":[{"href":"https:\/\/displayproducts.eu\/fr\/wp-json\/wp\/v2\/product"}],"about":[{"href":"https:\/\/displayproducts.eu\/fr\/wp-json\/wp\/v2\/types\/product"}],"replies":[{"embeddable":true,"href":"https:\/\/displayproducts.eu\/fr\/wp-json\/wp\/v2\/comments?post=5088"}],"wp:featuredmedia":[{"embeddable":true,"href":"https:\/\/displayproducts.eu\/fr\/wp-json\/wp\/v2\/media\/6471"}],"wp:attachment":[{"href":"https:\/\/displayproducts.eu\/fr\/wp-json\/wp\/v2\/media?parent=5088"}],"wp:term":[{"taxonomy":"product_brand","embeddable":true,"href":"https:\/\/displayproducts.eu\/fr\/wp-json\/wp\/v2\/product_brand?post=5088"},{"taxonomy":"product_cat","embeddable":true,"href":"https:\/\/displayproducts.eu\/fr\/wp-json\/wp\/v2\/product_cat?post=5088"},{"taxonomy":"product_tag","embeddable":true,"href":"https:\/\/displayproducts.eu\/fr\/wp-json\/wp\/v2\/product_tag?post=5088"}],"curies":[{"name":"wp","href":"https:\/\/api.w.org\/{rel}","templated":true}]}}