{"id":5083,"date":"2025-10-06T21:37:53","date_gmt":"2025-10-06T18:37:53","guid":{"rendered":"https:\/\/wristbandfactory.eu\/?post_type=product&#038;p=5083"},"modified":"2026-04-01T21:52:35","modified_gmt":"2026-04-01T18:52:35","slug":"custom-3d-relief-iron-medals","status":"publish","type":"product","link":"https:\/\/displayproducts.eu\/fr\/p\/custom-3d-relief-iron-medals\/","title":{"rendered":"M\u00e9dailles en fer personnalis\u00e9es en relief 3D"},"content":{"rendered":"<p>Offrez \u00e0 vos r\u00e9compenses un style classique et haut de gamme sans le prix \u00e9lev\u00e9. Nos m\u00e9dailles personnalis\u00e9es en fer relief 3D allient l&#039;esth\u00e9tique sophistiqu\u00e9e d&#039;un moulage sous pression non \u00e9maill\u00e9 aux avantages \u00e9conomiques du fer, ce qui en fait le choix id\u00e9al pour les \u00e9v\u00e9nements, comp\u00e9titions et tournois de grande envergure.<\/p>\n<p><b>M\u00e9tal classique \u00e0 un excellent rapport qualit\u00e9-prix<\/b> Ce style de m\u00e9daille met l&#039;accent sur la texture 3D et les d\u00e9tails du m\u00e9tal, cr\u00e9ant une r\u00e9compense intemporelle avec une finition tactile et en relief. L&#039;utilisation du fer nous permet de proposer ce style \u00e9l\u00e9gant \u00e0 un prix accessible. Bien que le fer soit plus abordable et ne permette pas les d\u00e9coupes comme l&#039;alliage de zinc, il offre n\u00e9anmoins une sensation de robustesse et de poids, ainsi qu&#039;une belle finition d\u00e9taill\u00e9e pour les motifs jusqu&#039;\u00e0 50 mm.<\/p>\n<p><b>Options de personnalisation compl\u00e8tes<\/b><\/p>\n<ul>\n<li><b>M\u00e9daille:<\/b> Votre design peut \u00eatre personnalis\u00e9 selon vos envies. Choisissez parmi 8 couleurs de placage diff\u00e9rentes et personnalisez chaque m\u00e9daille avec des noms, des num\u00e9ros ou un logo grav\u00e9 au dos.<\/li>\n<li><b>Ruban:<\/b> Chaque m\u00e9daille est accompagn\u00e9e d&#039;un ruban en polyester de 80 cm, cousu en V. Les rubans peuvent \u00eatre fabriqu\u00e9s dans trois couleurs au choix, et vous pouvez s\u00e9rigraphier votre logo sur une ou deux faces.<\/li>\n<\/ul>\n<p>&nbsp;<\/p>\n<p><b>Le forfait \u00ab\u00a0M\u00e9dailles gagnantes\u00a0\u00bb<\/b> Notre forfait unique \u2018 M\u00e9dailles gagnantes \u2019 est \u00e9galement disponible pour ce type de m\u00e9daille, vous permettant d&#039;inclure un ensemble de m\u00e9dailles de 1\u00e8re, 2\u00e8me et 3\u00e8me place dans votre commande, ajoutant ainsi une valeur significative pour les \u00e9v\u00e9nements comp\u00e9titifs.<\/p>\n<p><b>Caract\u00e9ristiques principales :<\/b><\/p>\n<ul>\n<li><b>Mat\u00e9riau en fer \u00e9conomique :<\/b> Le choix parfait pour obtenir un look classique \u00e0 petit prix.<\/li>\n<li><b>Conception en relief 3D classique :<\/b> Une finition enti\u00e8rement m\u00e9tallique non \u00e9maill\u00e9e pour une sensation sophistiqu\u00e9e.<\/li>\n<li><b>Forme enti\u00e8rement personnalis\u00e9e :<\/b> Votre m\u00e9daille peut \u00eatre r\u00e9alis\u00e9e dans n&#039;importe quelle forme pour repr\u00e9senter votre marque ou votre \u00e9v\u00e9nement.<\/li>\n<li><b>Forfait \u00ab\u00a0M\u00e9dailles gagnantes\u00a0\u00bb disponible\u00a0:<\/b> Incluez facilement les m\u00e9dailles de 1\u00e8re, 2\u00e8me et 3\u00e8me place.<\/li>\n<li><b>Gravure du nom et du num\u00e9ro individuels :<\/b> Personnalisez chaque m\u00e9daille pour le destinataire.<\/li>\n<li><b>Logo grav\u00e9 au dos en option\u00a0:<\/b> Ajoutez une marque suppl\u00e9mentaire au dos de la m\u00e9daille.<\/li>\n<li><b>Rubans cousus en V personnalisables inclus\u00a0:<\/b> Choisissez vos couleurs et ajoutez votre logo.<\/li>\n<li><b>8 couleurs de placage diff\u00e9rentes :<\/b> S\u00e9lectionnez la finition m\u00e9tallique parfaite pour votre conception.<\/li>\n<\/ul>","protected":false},"excerpt":{"rendered":"<p>Offrez-vous une r\u00e9compense classique et intemporelle \u00e0 un prix avantageux avec nos m\u00e9dailles en fer 3D en relief. Ces m\u00e9dailles non \u00e9maill\u00e9es pr\u00e9sentent un motif m\u00e9tallique d\u00e9taill\u00e9, id\u00e9al pour un look haut de gamme \u00e0 petit prix.<\/p>","protected":false},"featured_media":6451,"comment_status":"closed","ping_status":"closed","template":"","meta":[],"product_brand":[],"product_cat":[102],"product_tag":[],"class_list":{"0":"post-5083","1":"product","2":"type-product","3":"status-publish","4":"has-post-thumbnail","6":"product_cat-medals","8":"first","9":"instock","10":"shipping-taxable","11":"purchasable","12":"product-type-simple"},"_links":{"self":[{"href":"https:\/\/displayproducts.eu\/fr\/wp-json\/wp\/v2\/product\/5083","targetHints":{"allow":["GET"]}}],"collection":[{"href":"https:\/\/displayproducts.eu\/fr\/wp-json\/wp\/v2\/product"}],"about":[{"href":"https:\/\/displayproducts.eu\/fr\/wp-json\/wp\/v2\/types\/product"}],"replies":[{"embeddable":true,"href":"https:\/\/displayproducts.eu\/fr\/wp-json\/wp\/v2\/comments?post=5083"}],"wp:featuredmedia":[{"embeddable":true,"href":"https:\/\/displayproducts.eu\/fr\/wp-json\/wp\/v2\/media\/6451"}],"wp:attachment":[{"href":"https:\/\/displayproducts.eu\/fr\/wp-json\/wp\/v2\/media?parent=5083"}],"wp:term":[{"taxonomy":"product_brand","embeddable":true,"href":"https:\/\/displayproducts.eu\/fr\/wp-json\/wp\/v2\/product_brand?post=5083"},{"taxonomy":"product_cat","embeddable":true,"href":"https:\/\/displayproducts.eu\/fr\/wp-json\/wp\/v2\/product_cat?post=5083"},{"taxonomy":"product_tag","embeddable":true,"href":"https:\/\/displayproducts.eu\/fr\/wp-json\/wp\/v2\/product_tag?post=5083"}],"curies":[{"name":"wp","href":"https:\/\/api.w.org\/{rel}","templated":true}]}}