{"id":5080,"date":"2025-10-06T21:31:57","date_gmt":"2025-10-06T18:31:57","guid":{"rendered":"https:\/\/wristbandfactory.eu\/?post_type=product&#038;p=5080"},"modified":"2026-04-01T21:52:35","modified_gmt":"2026-04-01T18:52:35","slug":"custom-3d-relief-zinc-alloy-medals","status":"publish","type":"product","link":"https:\/\/displayproducts.eu\/fr\/p\/custom-3d-relief-zinc-alloy-medals\/","title":{"rendered":"M\u00e9dailles personnalis\u00e9es en alliage de zinc avec relief 3D"},"content":{"rendered":"<p>Adoptez une esth\u00e9tique intemporelle et sophistiqu\u00e9e avec nos m\u00e9dailles personnalis\u00e9es en alliage de zinc relief 3D. Id\u00e9ales pour les reconnaissances d&#039;entreprise, les anniversaires et les r\u00e9compenses prestigieuses, ces m\u00e9dailles renoncent \u00e0 l&#039;\u00e9mail pour mettre en valeur les d\u00e9tails et la texture exceptionnels du m\u00e9tal moul\u00e9 sous pression. R\u00e9sultat\u00a0: une r\u00e9compense classique au toucher haut de gamme.<\/p>\n<p><b>L&#039;\u00e9l\u00e9gance du m\u00e9tal pur<\/b> Le motif en relief non \u00e9maill\u00e9 cr\u00e9e un effet 3D contrast\u00e9, avec des zones en relief et en creux, mettant en valeur la finition plaqu\u00e9e choisie. Nous utilisons un alliage de zinc de premi\u00e8re qualit\u00e9, essentiel pour ce style, car il permet des d\u00e9tails d&#039;une finesse incroyable et des d\u00e9coupes personnalis\u00e9es (trous) \u2013 id\u00e9al pour les logos complexes ou les images complexes qu&#039;une finition purement m\u00e9tallique mettra en valeur.<\/p>\n<p><b>Options de personnalisation compl\u00e8tes<\/b><\/p>\n<ul>\n<li><b>M\u00e9daille:<\/b> Votre design peut \u00eatre r\u00e9alis\u00e9 dans n&#039;importe quelle forme jusqu&#039;\u00e0 65 mm. Choisissez parmi 8 couleurs de placage diff\u00e9rentes. Vous pouvez ajouter un logo en relief ou en creux au dos, ainsi que graver des noms et des num\u00e9ros individuels.<\/li>\n<li><b>Ruban:<\/b> Chaque m\u00e9daille est accompagn\u00e9e d&#039;un ruban en polyester de 80 cm, cousu en V. Les rubans peuvent \u00eatre fabriqu\u00e9s dans trois couleurs au choix, et vous pouvez s\u00e9rigraphier votre logo sur une ou deux faces.<\/li>\n<\/ul>\n<p>&nbsp;<\/p>\n<p><b>Le forfait \u00ab\u00a0M\u00e9dailles gagnantes\u00a0\u00bb<\/b> Ce style de m\u00e9daille classique est \u00e9galement disponible avec notre forfait unique \u00ab\u00a0M\u00e9dailles gagnantes\u00a0\u00bb. Pour toute commande, vous pouvez choisir de faire r\u00e9aliser trois m\u00e9dailles aux tons classiques de placage or, argent et bronze pour les 1er, 2e et 3e, avec des noms ou des num\u00e9ros uniques.<\/p>\n<p><b>Caract\u00e9ristiques principales :<\/b><\/p>\n<ul>\n<li><b>Superbe conception en relief 3D :<\/b> Une finition enti\u00e8rement m\u00e9tallique non \u00e9maill\u00e9e pour un look classique et \u00e9l\u00e9gant.<\/li>\n<li><b>Mat\u00e9riau en alliage de zinc de qualit\u00e9 sup\u00e9rieure :<\/b> Permet des d\u00e9tails complexes et des d\u00e9coupes personnalis\u00e9es.<\/li>\n<li><b>Forme enti\u00e8rement personnalis\u00e9e :<\/b> Votre m\u00e9daille peut \u00eatre moul\u00e9e sous n&#039;importe quelle forme pour repr\u00e9senter votre marque ou votre \u00e9v\u00e9nement.<\/li>\n<li><b>Forfait \u00ab\u00a0M\u00e9dailles gagnantes\u00a0\u00bb disponible\u00a0:<\/b> Incluez facilement les m\u00e9dailles de 1\u00e8re, 2\u00e8me et 3\u00e8me place dans votre commande.<\/li>\n<li><b>Gravure du nom et du num\u00e9ro individuels :<\/b> Personnalisez chaque m\u00e9daille pour le destinataire.<\/li>\n<li><b>Rubans cousus en boucle personnalisables inclus\u00a0:<\/b> Choisissez vos couleurs et ajoutez votre logo.<\/li>\n<li><b>8 couleurs de placage diff\u00e9rentes :<\/b> S\u00e9lectionnez la finition parfaite pour compl\u00e9ter la conception 3D.<\/li>\n<li><b>Id\u00e9al pour les r\u00e9compenses d&#039;entreprise et prestigieuses :<\/b> Un choix sophistiqu\u00e9 pour une reconnaissance formelle.<\/li>\n<\/ul>","protected":false},"excerpt":{"rendered":"<p>Pour une r\u00e9compense classique et \u00e9l\u00e9gante, choisissez nos m\u00e9dailles personnalis\u00e9es en relief 3D. Fabriqu\u00e9es en alliage de zinc de qualit\u00e9 sup\u00e9rieure, ces m\u00e9dailles non \u00e9maill\u00e9es mettent en valeur votre cr\u00e9ation avec de superbes d\u00e9tails m\u00e9talliques.<\/p>","protected":false},"featured_media":6455,"comment_status":"closed","ping_status":"closed","template":"","meta":[],"product_brand":[],"product_cat":[68,102,45],"product_tag":[],"class_list":{"0":"post-5080","1":"product","2":"type-product","3":"status-publish","4":"has-post-thumbnail","6":"product_cat-event-supplies","7":"product_cat-medals","8":"product_cat-other","10":"first","11":"instock","12":"shipping-taxable","13":"purchasable","14":"product-type-simple"},"_links":{"self":[{"href":"https:\/\/displayproducts.eu\/fr\/wp-json\/wp\/v2\/product\/5080","targetHints":{"allow":["GET"]}}],"collection":[{"href":"https:\/\/displayproducts.eu\/fr\/wp-json\/wp\/v2\/product"}],"about":[{"href":"https:\/\/displayproducts.eu\/fr\/wp-json\/wp\/v2\/types\/product"}],"replies":[{"embeddable":true,"href":"https:\/\/displayproducts.eu\/fr\/wp-json\/wp\/v2\/comments?post=5080"}],"wp:featuredmedia":[{"embeddable":true,"href":"https:\/\/displayproducts.eu\/fr\/wp-json\/wp\/v2\/media\/6455"}],"wp:attachment":[{"href":"https:\/\/displayproducts.eu\/fr\/wp-json\/wp\/v2\/media?parent=5080"}],"wp:term":[{"taxonomy":"product_brand","embeddable":true,"href":"https:\/\/displayproducts.eu\/fr\/wp-json\/wp\/v2\/product_brand?post=5080"},{"taxonomy":"product_cat","embeddable":true,"href":"https:\/\/displayproducts.eu\/fr\/wp-json\/wp\/v2\/product_cat?post=5080"},{"taxonomy":"product_tag","embeddable":true,"href":"https:\/\/displayproducts.eu\/fr\/wp-json\/wp\/v2\/product_tag?post=5080"}],"curies":[{"name":"wp","href":"https:\/\/api.w.org\/{rel}","templated":true}]}}