{"id":5078,"date":"2025-10-06T21:26:17","date_gmt":"2025-10-06T18:26:17","guid":{"rendered":"https:\/\/wristbandfactory.eu\/?post_type=product&#038;p=5078"},"modified":"2026-04-01T21:52:35","modified_gmt":"2026-04-01T18:52:35","slug":"custom-iron-medals-with-soft-enamel","status":"publish","type":"product","link":"https:\/\/displayproducts.eu\/fr\/p\/custom-iron-medals-with-soft-enamel\/","title":{"rendered":"M\u00e9dailles en fer personnalis\u00e9es avec \u00e9mail doux"},"content":{"rendered":"<p>Cr\u00e9ez de magnifiques r\u00e9compenses personnalis\u00e9es pour votre \u00e9v\u00e9nement sans vous ruiner. Nos m\u00e9dailles en fer personnalis\u00e9es sont la solution id\u00e9ale et \u00e9conomique pour les courses, les tournois et les \u00e9v\u00e9nements d&#039;entreprise rassemblant un grand nombre de participants. Elles offrent un excellent rapport qualit\u00e9-prix tout en conservant l&#039;aspect et la sensation d&#039;une r\u00e9compense sur mesure de qualit\u00e9.<\/p>\n<p><b>Finition et design classiques<\/b> Le fer est moins cher que l&#039;alliage de zinc, ce qui le rend plus accessible, notamment pour les commandes importantes. Ces m\u00e9dailles pr\u00e9sentent une finition \u00e9maill\u00e9e douce traditionnelle, o\u00f9 la peinture \u00e9maill\u00e9e est l\u00e9g\u00e8rement en retrait, cr\u00e9ant un toucher agr\u00e9able et textur\u00e9. Bien que le fer ne puisse pas accueillir de motifs d\u00e9coup\u00e9s ni d&#039;aussi fins d\u00e9tails que l&#039;alliage de zinc, c&#039;est un mat\u00e9riau durable et fiable qui permet de r\u00e9aliser une large gamme de formes personnalis\u00e9es jusqu&#039;\u00e0 50 mm.<\/p>\n<p><b>Options de personnalisation compl\u00e8tes<\/b><\/p>\n<ul>\n<li><b>M\u00e9daille:<\/b> Votre design peut \u00eatre personnalis\u00e9 selon vos envies. Choisissez parmi 8 couleurs de placage diff\u00e9rentes et personnalisez chaque m\u00e9daille avec des noms et des num\u00e9ros au dos.<\/li>\n<li><b>Ruban:<\/b> Chaque m\u00e9daille est accompagn\u00e9e d&#039;un ruban en polyester de 80 cm, cousu en V. Les rubans peuvent \u00eatre fabriqu\u00e9s dans trois couleurs au choix, et vous pouvez s\u00e9rigraphier votre logo sur une ou deux faces.<\/li>\n<\/ul>\n<p>&nbsp;<\/p>\n<p><b>Le forfait \u00ab\u00a0M\u00e9dailles gagnantes\u00a0\u00bb<\/b> M\u00eame avec un budget limit\u00e9, vous pouvez c\u00e9l\u00e9brer vos meilleurs joueurs. Notre forfait unique \u00ab\u00a0M\u00e9dailles gagnantes\u00a0\u00bb est disponible pour les m\u00e9dailles en fer. Vous pouvez ainsi inclure \u00e0 votre commande un ensemble de m\u00e9dailles pour les 1er, 2e et 3e rangs, avec des noms ou des num\u00e9ros uniques.<\/p>\n<p><b>Caract\u00e9ristiques principales :<\/b><\/p>\n<ul>\n<li><b>Mat\u00e9riau en fer \u00e9conomique :<\/b> Un excellent choix pour les \u00e9v\u00e9nements avec une grande participation ou un budget serr\u00e9.<\/li>\n<li><b>Finition \u00e9mail doux classique :<\/b> Donne un aspect textur\u00e9 et dimensionnel \u00e0 votre conception.<\/li>\n<li><b>Forme enti\u00e8rement personnalis\u00e9e :<\/b> Votre m\u00e9daille peut \u00eatre r\u00e9alis\u00e9e dans n&#039;importe quelle forme pour repr\u00e9senter votre marque ou votre \u00e9v\u00e9nement.<\/li>\n<li><b>Forfait \u00ab\u00a0M\u00e9dailles gagnantes\u00a0\u00bb disponible\u00a0:<\/b> Incluez facilement les m\u00e9dailles de 1\u00e8re, 2\u00e8me et 3\u00e8me place dans votre commande.<\/li>\n<li><b>Gravure du nom et du num\u00e9ro individuels :<\/b> Personnalisez chaque m\u00e9daille pour le destinataire.<\/li>\n<li><b>Rubans cousus en V personnalisables inclus\u00a0:<\/b> Choisissez vos couleurs et ajoutez votre logo.<\/li>\n<li><b>8 couleurs de placage diff\u00e9rentes :<\/b> S\u00e9lectionnez la finition parfaite qui correspond \u00e0 votre design.<\/li>\n<li><b>Id\u00e9al pour les commandes de gros volume :<\/b> Un prix de haute qualit\u00e9 qui offre un rapport qualit\u00e9-prix fantastique.<\/li>\n<\/ul>","protected":false},"excerpt":{"rendered":"<p>Un excellent rapport qualit\u00e9-prix pour votre \u00e9v\u00e9nement. Nos m\u00e9dailles en fer personnalis\u00e9es arborent une finition \u00e9maill\u00e9e douce classique et sont disponibles dans toutes les formes, offrant ainsi une r\u00e9compense de haute qualit\u00e9 \u00e0 petit prix.<\/p>","protected":false},"featured_media":6462,"comment_status":"closed","ping_status":"closed","template":"","meta":[],"product_brand":[],"product_cat":[68,102],"product_tag":[],"class_list":{"0":"post-5078","1":"product","2":"type-product","3":"status-publish","4":"has-post-thumbnail","6":"product_cat-event-supplies","7":"product_cat-medals","9":"first","10":"instock","11":"shipping-taxable","12":"purchasable","13":"product-type-simple"},"_links":{"self":[{"href":"https:\/\/displayproducts.eu\/fr\/wp-json\/wp\/v2\/product\/5078","targetHints":{"allow":["GET"]}}],"collection":[{"href":"https:\/\/displayproducts.eu\/fr\/wp-json\/wp\/v2\/product"}],"about":[{"href":"https:\/\/displayproducts.eu\/fr\/wp-json\/wp\/v2\/types\/product"}],"replies":[{"embeddable":true,"href":"https:\/\/displayproducts.eu\/fr\/wp-json\/wp\/v2\/comments?post=5078"}],"wp:featuredmedia":[{"embeddable":true,"href":"https:\/\/displayproducts.eu\/fr\/wp-json\/wp\/v2\/media\/6462"}],"wp:attachment":[{"href":"https:\/\/displayproducts.eu\/fr\/wp-json\/wp\/v2\/media?parent=5078"}],"wp:term":[{"taxonomy":"product_brand","embeddable":true,"href":"https:\/\/displayproducts.eu\/fr\/wp-json\/wp\/v2\/product_brand?post=5078"},{"taxonomy":"product_cat","embeddable":true,"href":"https:\/\/displayproducts.eu\/fr\/wp-json\/wp\/v2\/product_cat?post=5078"},{"taxonomy":"product_tag","embeddable":true,"href":"https:\/\/displayproducts.eu\/fr\/wp-json\/wp\/v2\/product_tag?post=5078"}],"curies":[{"name":"wp","href":"https:\/\/api.w.org\/{rel}","templated":true}]}}