{"id":5071,"date":"2025-10-06T21:16:24","date_gmt":"2025-10-06T18:16:24","guid":{"rendered":"https:\/\/wristbandfactory.eu\/?post_type=product&#038;p=5071"},"modified":"2026-04-01T21:52:35","modified_gmt":"2026-04-01T18:52:35","slug":"custom-shape-zinc-alloy-medals","status":"publish","type":"product","link":"https:\/\/displayproducts.eu\/fr\/p\/custom-shape-zinc-alloy-medals\/","title":{"rendered":"M\u00e9dailles en alliage de zinc de forme personnalis\u00e9e"},"content":{"rendered":"<p>R\u00e9compensez vos r\u00e9ussites avec une r\u00e9compense unique et haut de gamme. Nos m\u00e9dailles en alliage de zinc aux formes personnalis\u00e9es sont id\u00e9ales pour les \u00e9v\u00e9nements sportifs, les r\u00e9compenses d&#039;entreprise et les comp\u00e9titions. Elles offrent une libert\u00e9 de conception in\u00e9gal\u00e9e et une finition de haute qualit\u00e9 qui sera appr\u00e9ci\u00e9e par leurs laur\u00e9ats.<\/p>\n<p><b>Mat\u00e9riaux et d\u00e9tails de qualit\u00e9 sup\u00e9rieure<\/b> Nous utilisons un alliage de zinc, un mat\u00e9riau plus l\u00e9ger et plus r\u00e9sistant que le fer. Surtout, il permet un moulage aux d\u00e9tails beaucoup plus fins, ce qui en fait le choix id\u00e9al pour les motifs aux d\u00e9tails complexes ou aux d\u00e9coupes (trous) dans la m\u00e9daille. Le recto de chaque m\u00e9daille est recouvert d&#039;un imitation \u00e9mail dur durable, avec une finition lisse, semblable \u00e0 du verre.<\/p>\n<p><b>Options de personnalisation compl\u00e8tes<\/b><\/p>\n<ul>\n<li><b>M\u00e9daille:<\/b> Votre design peut \u00eatre r\u00e9alis\u00e9 dans n&#039;importe quelle forme jusqu&#039;\u00e0 65 mm. Choisissez parmi 8 couleurs de placage diff\u00e9rentes. Vous pouvez ajouter un logo en relief ou en creux au dos, ainsi que graver des noms et des num\u00e9ros individuels.<\/li>\n<li><b>Ruban:<\/b> Chaque m\u00e9daille est accompagn\u00e9e d&#039;un ruban en polyester de 80 cm, cousu en V. Les rubans peuvent \u00eatre fabriqu\u00e9s dans trois couleurs au choix, et vous pouvez s\u00e9rigraphier votre logo sur une ou deux faces.<\/li>\n<\/ul>\n<p>&nbsp;<\/p>\n<p><b>Le forfait \u00ab\u00a0M\u00e9dailles gagnantes\u00a0\u00bb<\/b> Id\u00e9al pour les comp\u00e9titions, nous proposons un pack unique \u2018\u00a0M\u00e9dailles gagnantes\u00a0\u2019. Pour chaque commande, vous pouvez choisir de faire fabriquer trois m\u00e9dailles aux tons classiques de placage or, argent et bronze pour les 1er, 2e et 3e prix, avec des noms ou num\u00e9ros uniques. Par exemple, pour une commande de 100 m\u00e9dailles, 97 seront de votre mod\u00e8le principal et 3 de l&#039;ensemble de placage gagnant.<\/p>\n<p><b>Caract\u00e9ristiques principales :<\/b><\/p>\n<ul>\n<li><b>Forme enti\u00e8rement personnalis\u00e9e :<\/b> Votre m\u00e9daille peut \u00eatre moul\u00e9e sous n&#039;importe quelle forme, pas seulement un cercle standard.<\/li>\n<li><b>Mat\u00e9riau en alliage de zinc de qualit\u00e9 sup\u00e9rieure :<\/b> Permet des d\u00e9tails fins et complexes et des d\u00e9coupes personnalis\u00e9es.<\/li>\n<li><b>Finition \u00e9mail dur lisse :<\/b> Offre une surface de haute qualit\u00e9, semblable \u00e0 du verre.<\/li>\n<li><b>Forfait \u00ab\u00a0M\u00e9dailles gagnantes\u00a0\u00bb disponible\u00a0:<\/b> Incluez facilement les m\u00e9dailles de 1\u00e8re, 2\u00e8me et 3\u00e8me place dans votre commande.<\/li>\n<li><b>Gravure du nom et du num\u00e9ro individuels :<\/b> Personnalisez chaque m\u00e9daille pour le destinataire.<\/li>\n<li><b>Rubans personnalisables inclus\u00a0:<\/b> Choisissez vos couleurs et ajoutez votre logo sur les rubans de 80 cm.<\/li>\n<li><b>8 couleurs de placage diff\u00e9rentes :<\/b> S\u00e9lectionnez la finition parfaite qui correspond \u00e0 votre design.<\/li>\n<li><b>Conception facultative du logo au dos\u00a0:<\/b> Ajoutez une image de marque suppl\u00e9mentaire avec un logo en relief ou en creux.<\/li>\n<\/ul>","protected":false},"excerpt":{"rendered":"<p>Cr\u00e9ez de superbes r\u00e9compenses enti\u00e8rement personnalis\u00e9es avec nos m\u00e9dailles en alliage de zinc. Dot\u00e9es d&#039;une finition \u00e9maill\u00e9e dure et lisse et de d\u00e9tails raffin\u00e9s, elles peuvent \u00eatre r\u00e9alis\u00e9es dans toutes les formes pour repr\u00e9senter votre \u00e9v\u00e9nement.<\/p>","protected":false},"featured_media":6483,"comment_status":"closed","ping_status":"closed","template":"","meta":[],"product_brand":[],"product_cat":[68,102],"product_tag":[],"class_list":{"0":"post-5071","1":"product","2":"type-product","3":"status-publish","4":"has-post-thumbnail","6":"product_cat-event-supplies","7":"product_cat-medals","9":"first","10":"instock","11":"shipping-taxable","12":"purchasable","13":"product-type-simple"},"_links":{"self":[{"href":"https:\/\/displayproducts.eu\/fr\/wp-json\/wp\/v2\/product\/5071","targetHints":{"allow":["GET"]}}],"collection":[{"href":"https:\/\/displayproducts.eu\/fr\/wp-json\/wp\/v2\/product"}],"about":[{"href":"https:\/\/displayproducts.eu\/fr\/wp-json\/wp\/v2\/types\/product"}],"replies":[{"embeddable":true,"href":"https:\/\/displayproducts.eu\/fr\/wp-json\/wp\/v2\/comments?post=5071"}],"wp:featuredmedia":[{"embeddable":true,"href":"https:\/\/displayproducts.eu\/fr\/wp-json\/wp\/v2\/media\/6483"}],"wp:attachment":[{"href":"https:\/\/displayproducts.eu\/fr\/wp-json\/wp\/v2\/media?parent=5071"}],"wp:term":[{"taxonomy":"product_brand","embeddable":true,"href":"https:\/\/displayproducts.eu\/fr\/wp-json\/wp\/v2\/product_brand?post=5071"},{"taxonomy":"product_cat","embeddable":true,"href":"https:\/\/displayproducts.eu\/fr\/wp-json\/wp\/v2\/product_cat?post=5071"},{"taxonomy":"product_tag","embeddable":true,"href":"https:\/\/displayproducts.eu\/fr\/wp-json\/wp\/v2\/product_tag?post=5071"}],"curies":[{"name":"wp","href":"https:\/\/api.w.org\/{rel}","templated":true}]}}