{"id":5067,"date":"2025-10-06T16:53:44","date_gmt":"2025-10-06T13:53:44","guid":{"rendered":"https:\/\/wristbandfactory.eu\/?post_type=product&#038;p=5067"},"modified":"2026-04-01T21:52:04","modified_gmt":"2026-04-01T18:52:04","slug":"sound-activated-led-glow-glasses","status":"publish","type":"product","link":"https:\/\/displayproducts.eu\/fr\/p\/sound-activated-led-glow-glasses\/","title":{"rendered":"Lunettes activ\u00e9es par le son et LED"},"content":{"rendered":"<p>Devenez l&#039;\u00e2me de la f\u00eate avec nos lunettes LED \u00e9lectrisantes. Parfaites comme produits d\u00e9riv\u00e9s, pour des \u00e9v\u00e9nements promotionnels ou sans impressionment pour le plaisir, ces lunettes feront une impression m\u00e9morable. Elles sont dot\u00e9es d&#039;une monture m\u00e9tallique \u00e9lectroluminescente lumineuse et d&#039;un design wayfarer classique et confortable en plastique. Les verres sans impressions garantissent une vision claire tout en illuminant la nuit.<\/p>\n<p>Pour les clients B2B, ces lunettes constituent un formidable outil de communication. La monture et la couleur du fil \u00e9lectroluminescent peuvent \u00eatre personnalis\u00e9es pour s&#039;harmoniser avec l&#039;identit\u00e9 de votre entreprise ou le th\u00e8me de votre \u00e9v\u00e9nement. Nous proposons deux versions fonctionnelles pour s&#039;adapter \u00e0 toutes les occasions.<\/p>\n<p><b>Choisissez votre fonction :<\/b><\/p>\n<ol start=\"1\">\n<li><b>Contr\u00f4l\u00e9 par bouton :<\/b> Cette version offre un contr\u00f4le manuel des modes d&#039;\u00e9clairage, comprenant g\u00e9n\u00e9ralement un \u00e9clairage fixe, un clignotement lent et un clignotement rapide, permettant \u00e0 l&#039;utilisateur de choisir son style pr\u00e9f\u00e9r\u00e9.<\/li>\n<li><b>Activ\u00e9 par le son :<\/b> Le mode f\u00eate ultime. Cette version int\u00e8gre un capteur qui fait vibrer et clignoter les lumi\u00e8res au rythme de la musique, cr\u00e9ant une exp\u00e9rience dynamique et interactive.<\/li>\n<\/ol>\n<p>Aliment\u00e9es par un bloc-piles discret utilisant deux piles AAA, ces lunettes sont con\u00e7ues pour durer. Nous garantissons leur qualit\u00e9 avec <b>Garantie de 2 ans<\/b> et complet <b>Certification CE et ROHS<\/b>, ce qui en fait un choix fiable pour le march\u00e9 europ\u00e9en.<\/p>\n<p><b>Caract\u00e9ristiques principales :<\/b><\/p>\n<ul>\n<li><b>Deux versions disponibles\u00a0:<\/b> Choisissez entre les mod\u00e8les manuels \u00e0 commande par bouton ou interactifs \u00e0 activation sonore.<\/li>\n<li><b>10 couleurs \u00e9clatantes et vibrantes :<\/b> Choisissez parmi une large gamme de couleurs pour le fil EL.<\/li>\n<li><b>Couleurs de cadre personnalisables :<\/b> Faites correspondre les cadres \u00e0 votre marque ou au th\u00e8me de votre \u00e9v\u00e9nement.<\/li>\n<li><b>Certifi\u00e9 CE et ROHS :<\/b> Un produit de qualit\u00e9 et conforme pour le march\u00e9 europ\u00e9en.<\/li>\n<li><b>Garantie de 2 ans :<\/b> Nous garantissons la durabilit\u00e9 et la performance de nos produits.<\/li>\n<li><b>Aliment\u00e9 par 2 piles AAA\u00a0:<\/b> Une source d\u2019alimentation courante et facile \u00e0 remplacer.<\/li>\n<li><b>Style Wayfarer classique :<\/b> Un design universellement populaire et confortable.<\/li>\n<\/ul>","protected":false},"excerpt":{"rendered":"<p>D\u00e9marquez-vous lors de tous vos \u00e9v\u00e9nements avec nos lunettes lumineuses personnalis\u00e9es. Disponibles en 10 couleurs vibrantes et deux versions\u00a0: commande manuelle ou activation sonore au rythme de la musique. Certifi\u00e9es CE.<\/p>","protected":false},"featured_media":6638,"comment_status":"closed","ping_status":"closed","template":"","meta":[],"product_brand":[],"product_cat":[68,76,45],"product_tag":[],"class_list":{"0":"post-5067","1":"product","2":"type-product","3":"status-publish","4":"has-post-thumbnail","6":"product_cat-event-supplies","7":"product_cat-glow-led-products","8":"product_cat-other","10":"first","11":"instock","12":"shipping-taxable","13":"purchasable","14":"product-type-simple"},"_links":{"self":[{"href":"https:\/\/displayproducts.eu\/fr\/wp-json\/wp\/v2\/product\/5067","targetHints":{"allow":["GET"]}}],"collection":[{"href":"https:\/\/displayproducts.eu\/fr\/wp-json\/wp\/v2\/product"}],"about":[{"href":"https:\/\/displayproducts.eu\/fr\/wp-json\/wp\/v2\/types\/product"}],"replies":[{"embeddable":true,"href":"https:\/\/displayproducts.eu\/fr\/wp-json\/wp\/v2\/comments?post=5067"}],"wp:featuredmedia":[{"embeddable":true,"href":"https:\/\/displayproducts.eu\/fr\/wp-json\/wp\/v2\/media\/6638"}],"wp:attachment":[{"href":"https:\/\/displayproducts.eu\/fr\/wp-json\/wp\/v2\/media?parent=5067"}],"wp:term":[{"taxonomy":"product_brand","embeddable":true,"href":"https:\/\/displayproducts.eu\/fr\/wp-json\/wp\/v2\/product_brand?post=5067"},{"taxonomy":"product_cat","embeddable":true,"href":"https:\/\/displayproducts.eu\/fr\/wp-json\/wp\/v2\/product_cat?post=5067"},{"taxonomy":"product_tag","embeddable":true,"href":"https:\/\/displayproducts.eu\/fr\/wp-json\/wp\/v2\/product_tag?post=5067"}],"curies":[{"name":"wp","href":"https:\/\/api.w.org\/{rel}","templated":true}]}}