{"id":5063,"date":"2025-10-06T16:48:59","date_gmt":"2025-10-06T13:48:59","guid":{"rendered":"https:\/\/wristbandfactory.eu\/?post_type=product&#038;p=5063"},"modified":"2026-04-01T21:52:04","modified_gmt":"2026-04-01T18:52:04","slug":"remote-controlled-led-glow-wands","status":"publish","type":"product","link":"https:\/\/displayproducts.eu\/fr\/p\/remote-controlled-led-glow-wands\/","title":{"rendered":"Baguettes lumineuses LED t\u00e9l\u00e9command\u00e9es"},"content":{"rendered":"<p>Dynamisez la foule et cr\u00e9ez un paysage visuel \u00e9poustouflant avec nos baguettes lumineuses LED personnalisables. Indispensables pour les concerts, festivals et \u00e9v\u00e9nements sportifs, ces baguettes de 30 cm sont con\u00e7ues pour une participation intense du public. Dot\u00e9es d&#039;une poign\u00e9e ergonomique en ABS confortable et d&#039;une baguette lumineuse illumin\u00e9e par 4 LED puissantes, elles constituent une am\u00e9lioration significative par rapport aux baguettes en mousse jetables classiques.<\/p>\n<p>La poign\u00e9e peut \u00eatre personnalis\u00e9e aux couleurs et au logo de votre marque, transformant chaque baguette en un puissant outil promotionnel. Nous proposons deux versions fonctionnelles pour r\u00e9pondre parfaitement aux besoins de votre \u00e9v\u00e9nement.<\/p>\n<p><b>Choisissez votre version:<\/b><\/p>\n<ol start=\"1\">\n<li><b>Version du commutateur \u00e0 bouton\u00a0:<\/b> Le choix classique pour une utilisation facile. Les utilisateurs peuvent choisir parmi 15 couleurs vives et diff\u00e9rents modes gr\u00e2ce \u00e0 un sans impression bouton situ\u00e9 sur la poign\u00e9e.<\/li>\n<li><b>Version de la t\u00e9l\u00e9commande :<\/b> Transformez votre \u00e9v\u00e9nement en spectacle lumineux interactif. Cette version est compatible avec notre <b><a class=\"ng-star-inserted\" href=\"https:\/\/displayproducts.eu\/fr\/p\/remote-dmx-controllers-for-led-wristbands\/\" target=\"_blank\" rel=\"noopener\" data-hveid=\"0\" data-ved=\"0CAAQ_4QMahgKEwih_pyAto-QAxUAAAAAHQAAAAAQ7Rg\">T\u00e9l\u00e9commandes et contr\u00f4leurs DMX<\/a><\/b>, vous permettant de synchroniser chaque baguette du public pour une performance coordonn\u00e9e vraiment inoubliable.<\/li>\n<\/ol>\n<p>Mieux encore, des piles sont incluses avec chaque baguette, garantissant qu&#039;elles sont pr\u00eates \u00e0 l&#039;emploi d\u00e8s la sortie de la bo\u00eete.<\/p>\n<p><b>Caract\u00e9ristiques principales :<\/b><\/p>\n<ul>\n<li><b>Poign\u00e9e ergonomique r\u00e9utilisable :<\/b> Offre une prise confortable et durable.<\/li>\n<li><b>Baguette lumineuse lumineuse de 30 cm :<\/b> \u00c9clair\u00e9 par 4 LED internes pour une excellente visibilit\u00e9.<\/li>\n<li><b>Deux versions disponibles\u00a0:<\/b> Choisissez entre un interrupteur \u00e0 bouton manuel ou un mod\u00e8le de t\u00e9l\u00e9commande complet.<\/li>\n<li><b>15 options de couleurs vives\u00a0:<\/b> Un large spectre de couleurs pour dynamiser n&#039;importe quel \u00e9v\u00e9nement.<\/li>\n<li><b>Piles incluses :<\/b> Pr\u00eat \u00e0 l&#039;emploi imm\u00e9diat, sans tracas pour les organisateurs d&#039;\u00e9v\u00e9nements.<\/li>\n<li><b>Poign\u00e9e personnalisable pour la personnalisation de la marque :<\/b> Ajoutez votre logo ou votre couleur personnalis\u00e9e pour la promotion de votre marque.<\/li>\n<\/ul>","protected":false},"excerpt":{"rendered":"<p>Illuminez votre concert ou votre f\u00eate avec nos baguettes lumineuses LED haut de gamme. Dot\u00e9es d&#039;une poign\u00e9e confortable et de lumi\u00e8res vives, elles sont disponibles en version manuelle ou interactive t\u00e9l\u00e9command\u00e9e.<\/p>","protected":false},"featured_media":6596,"comment_status":"closed","ping_status":"closed","template":"","meta":[],"product_brand":[],"product_cat":[68,76,45],"product_tag":[],"class_list":{"0":"post-5063","1":"product","2":"type-product","3":"status-publish","4":"has-post-thumbnail","6":"product_cat-event-supplies","7":"product_cat-glow-led-products","8":"product_cat-other","10":"first","11":"instock","12":"shipping-taxable","13":"product-type-simple"},"_links":{"self":[{"href":"https:\/\/displayproducts.eu\/fr\/wp-json\/wp\/v2\/product\/5063","targetHints":{"allow":["GET"]}}],"collection":[{"href":"https:\/\/displayproducts.eu\/fr\/wp-json\/wp\/v2\/product"}],"about":[{"href":"https:\/\/displayproducts.eu\/fr\/wp-json\/wp\/v2\/types\/product"}],"replies":[{"embeddable":true,"href":"https:\/\/displayproducts.eu\/fr\/wp-json\/wp\/v2\/comments?post=5063"}],"wp:featuredmedia":[{"embeddable":true,"href":"https:\/\/displayproducts.eu\/fr\/wp-json\/wp\/v2\/media\/6596"}],"wp:attachment":[{"href":"https:\/\/displayproducts.eu\/fr\/wp-json\/wp\/v2\/media?parent=5063"}],"wp:term":[{"taxonomy":"product_brand","embeddable":true,"href":"https:\/\/displayproducts.eu\/fr\/wp-json\/wp\/v2\/product_brand?post=5063"},{"taxonomy":"product_cat","embeddable":true,"href":"https:\/\/displayproducts.eu\/fr\/wp-json\/wp\/v2\/product_cat?post=5063"},{"taxonomy":"product_tag","embeddable":true,"href":"https:\/\/displayproducts.eu\/fr\/wp-json\/wp\/v2\/product_tag?post=5063"}],"curies":[{"name":"wp","href":"https:\/\/api.w.org\/{rel}","templated":true}]}}