{"id":5058,"date":"2025-10-06T16:43:30","date_gmt":"2025-10-06T13:43:30","guid":{"rendered":"https:\/\/wristbandfactory.eu\/?post_type=product&#038;p=5058"},"modified":"2026-04-01T21:52:35","modified_gmt":"2026-04-01T18:52:35","slug":"custom-shaped-led-light-sticks","status":"publish","type":"product","link":"https:\/\/displayproducts.eu\/fr\/p\/custom-shaped-led-light-sticks\/","title":{"rendered":"B\u00e2tons lumineux LED de forme personnalis\u00e9e"},"content":{"rendered":"<p data-path-to-node=\"7\">Cr\u00e9ez une ambiance lumineuse immersive et offrez une exp\u00e9rience inoubliable \u00e0 vos fans gr\u00e2ce \u00e0 nos b\u00e2tons lumineux LED de concert enti\u00e8rement personnalisables. C&#039;est l&#039;outil id\u00e9al pour les artistes, les groupes de musique et les entreprises qui recherchent des produits d\u00e9riv\u00e9s percutants et collector, cr\u00e9ant un lien direct entre le public et la marque.<\/p>\n<p data-path-to-node=\"8\">Le v\u00e9ritable atout de ce produit r\u00e9side dans son niveau de personnalisation in\u00e9gal\u00e9. Le grand globe en acrylique peut \u00eatre personnalis\u00e9 selon les besoins pr\u00e9cis de votre organisation.<\/p>\n<ul data-path-to-node=\"9\">\n<li>\n<p data-path-to-node=\"9,0,0\"><b>Figurines 3D personnalis\u00e9es :<\/b> Placez une figurine 3D moul\u00e9e sur mesure \u00e0 l&#039;int\u00e9rieur du globe pour obtenir un objet de collection v\u00e9ritablement unique et de grande valeur.<\/p>\n<\/li>\n<li>\n<p data-path-to-node=\"9,1,0\"><b>Inserts grav\u00e9s au laser\u00a0:<\/b> Faites graver votre logo, le symbole de votre \u00e9v\u00e9nement ou un texte pour un rendu net et \u00e9l\u00e9gant.<\/p>\n<\/li>\n<li>\n<p data-path-to-node=\"9,2,0\"><b>Inserts imprim\u00e9s en couleur\u00a0:<\/b> Pr\u00e9sentez des images ou des designs de marque d\u00e9taill\u00e9s et en couleur.<\/p>\n<\/li>\n<\/ul>\n<p data-path-to-node=\"10\">Pour parfaire l&#039;image de marque, la poign\u00e9e peut \u00eatre fabriqu\u00e9e dans votre couleur d&#039;entreprise personnalis\u00e9e et imprim\u00e9e avec votre logo.<\/p>\n<p data-path-to-node=\"11\">Choisissez la version technologique qui correspond le mieux au budget et aux besoins techniques de votre \u00e9v\u00e9nement\u00a0:<\/p>\n<ol start=\"1\" data-path-to-node=\"12\">\n<li>\n<p data-path-to-node=\"12,0,0\"><b>Manuel (monochrome) :<\/b> Id\u00e9al pour une couleur de marque forte et homog\u00e8ne.<\/p>\n<\/li>\n<li>\n<p data-path-to-node=\"12,1,0\"><b>Manuel (15 couleurs) :<\/b> Une option polyvalente permettant aux utilisateurs de choisir parmi 15 couleurs diff\u00e9rentes.<\/p>\n<\/li>\n<li>\n<p data-path-to-node=\"12,2,0\"><b>T\u00e9l\u00e9commande DMX :<\/b> L&#039;exp\u00e9rience interactive ultime. Cette version est compatible avec nos t\u00e9l\u00e9commandes et contr\u00f4leurs DMX, permettant \u00e0 votre \u00e9quipe de synchroniser tous les b\u00e2tons lumineux de la salle pour cr\u00e9er des spectacles de lumi\u00e8re \u00e9poustouflants et coordonn\u00e9s au rythme de la musique.<\/p>\n<\/li>\n<\/ol>\n<p data-path-to-node=\"13\">Chaque b\u00e2ton lumineux est fabriqu\u00e9 en ABS et acrylique r\u00e9sistants, et fonctionne avec trois piles AAA (non incluses).<\/p>\n<p data-path-to-node=\"14\"><b>Caract\u00e9ristiques principales :<\/b><\/p>\n<ul data-path-to-node=\"15\">\n<li>\n<p data-path-to-node=\"15,0,0\"><b>Globe enti\u00e8rement personnalisable\u00a0:<\/b> Options pour figurines 3D personnalis\u00e9es, gravure laser ou inserts imprim\u00e9s en couleur.<\/p>\n<\/li>\n<li>\n<p data-path-to-node=\"15,1,0\"><b>Poign\u00e9e personnalis\u00e9e\u00a0:<\/b> Possibilit\u00e9 de personnalisation des couleurs et d&#039;impression du logo.<\/p>\n<\/li>\n<li>\n<p data-path-to-node=\"15,2,0\"><b>Option de t\u00e9l\u00e9commande DMX\u00a0:<\/b> Permet des spectacles de lumi\u00e8re enti\u00e8rement synchronis\u00e9s pour l&#039;ensemble du public.<\/p>\n<\/li>\n<li>\n<p data-path-to-node=\"15,3,0\"><b>Options techniques manuelles\u00a0:<\/b> \u00c9galement disponible en versions \u00e9conomiques monochromes ou en versions manuelles 15 couleurs.<\/p>\n<\/li>\n<li>\n<p data-path-to-node=\"15,4,0\"><b>Mat\u00e9riaux durables :<\/b> Fabriqu\u00e9 en ABS et acrylique r\u00e9sistants, pr\u00eats pour l&#039;\u00e9v\u00e9nementiel.<\/p>\n<\/li>\n<li>\n<p data-path-to-node=\"15,5,0\"><b>Marchandises \u00e0 fort impact :<\/b> L&#039;objet de collection id\u00e9al pour les concerts, les tourn\u00e9es de fans et les \u00e9v\u00e9nements d&#039;entreprise.<\/p>\n<\/li>\n<\/ul>","protected":false},"excerpt":{"rendered":"<ul data-path-to-node=\"6\">\n<li>\n<p data-path-to-node=\"6,0,0\">Globe en acrylique enti\u00e8rement personnalisable\u00a0: placez une figurine 3D \u00e0 l\u2019int\u00e9rieur, faites graver un logo au laser ou utilisez un insert imprim\u00e9 en couleur.<\/p>\n<\/li>\n<li>\n<p data-path-to-node=\"6,1,0\">Poign\u00e9e de couleur personnalis\u00e9e avec impression de votre logo disponible.<\/p>\n<\/li>\n<li>\n<p data-path-to-node=\"6,2,0\">Choisissez votre technologie\u00a0: versions monochromes, manuelles 15 couleurs ou t\u00e9l\u00e9command\u00e9es DMX pour des spectacles de lumi\u00e8re synchronis\u00e9s.<\/p>\n<\/li>\n<li>\n<p data-path-to-node=\"6,3,0\">Le nec plus ultra des produits d\u00e9riv\u00e9s \u00e0 fort impact pour les concerts, les rassemblements de fans et les \u00e9v\u00e9nements de marque.<\/p>\n<\/li>\n<\/ul>","protected":false},"featured_media":5057,"comment_status":"closed","ping_status":"closed","template":"","meta":[],"product_brand":[],"product_cat":[76,45],"product_tag":[],"class_list":{"0":"post-5058","1":"product","2":"type-product","3":"status-publish","4":"has-post-thumbnail","6":"product_cat-glow-led-products","7":"product_cat-other","9":"first","10":"instock","11":"shipping-taxable","12":"product-type-simple"},"_links":{"self":[{"href":"https:\/\/displayproducts.eu\/fr\/wp-json\/wp\/v2\/product\/5058","targetHints":{"allow":["GET"]}}],"collection":[{"href":"https:\/\/displayproducts.eu\/fr\/wp-json\/wp\/v2\/product"}],"about":[{"href":"https:\/\/displayproducts.eu\/fr\/wp-json\/wp\/v2\/types\/product"}],"replies":[{"embeddable":true,"href":"https:\/\/displayproducts.eu\/fr\/wp-json\/wp\/v2\/comments?post=5058"}],"wp:featuredmedia":[{"embeddable":true,"href":"https:\/\/displayproducts.eu\/fr\/wp-json\/wp\/v2\/media\/5057"}],"wp:attachment":[{"href":"https:\/\/displayproducts.eu\/fr\/wp-json\/wp\/v2\/media?parent=5058"}],"wp:term":[{"taxonomy":"product_brand","embeddable":true,"href":"https:\/\/displayproducts.eu\/fr\/wp-json\/wp\/v2\/product_brand?post=5058"},{"taxonomy":"product_cat","embeddable":true,"href":"https:\/\/displayproducts.eu\/fr\/wp-json\/wp\/v2\/product_cat?post=5058"},{"taxonomy":"product_tag","embeddable":true,"href":"https:\/\/displayproducts.eu\/fr\/wp-json\/wp\/v2\/product_tag?post=5058"}],"curies":[{"name":"wp","href":"https:\/\/api.w.org\/{rel}","templated":true}]}}