{"id":5052,"date":"2025-10-06T16:33:54","date_gmt":"2025-10-06T13:33:54","guid":{"rendered":"https:\/\/wristbandfactory.eu\/?post_type=product&#038;p=5052"},"modified":"2026-04-01T21:52:35","modified_gmt":"2026-04-01T18:52:35","slug":"remote-dmx-controllers-for-led-wristbands","status":"publish","type":"product","link":"https:\/\/displayproducts.eu\/fr\/p\/remote-dmx-controllers-for-led-wristbands\/","title":{"rendered":"T\u00e9l\u00e9commandes et contr\u00f4leurs DMX pour bracelets LED"},"content":{"rendered":"<p>Pour une synchronisation parfaite et des spectacles lumineux immersifs gr\u00e2ce \u00e0 nos bracelets t\u00e9l\u00e9command\u00e9s, une centrale de contr\u00f4le est indispensable. Nos centrales vous offrent une ma\u00eetrise totale de l&#039;ambiance, permettant \u00e0 un seul op\u00e9rateur de d\u00e9clencher des changements de couleurs \u00e9clatants et des s\u00e9quences lumineuses dynamiques pour l&#039;ensemble du public. Que vous organisiez un gala d&#039;entreprise ou une tourn\u00e9e dans un stade de renomm\u00e9e internationale, ces dispositifs garantissent une synchronisation parfaite de tous les bracelets.<\/p>\n<h2 data-path-to-node=\"12\">Le contr\u00f4leur DMX \u201c\u00a0grand format\u00a0\u201d (hub professionnel)<\/h2>\n<p data-path-to-node=\"13\">Il s&#039;agit de notre unit\u00e9 de contr\u00f4le la plus performante, con\u00e7ue pour les techniciens lumi\u00e8re professionnels et les productions de grande envergure. Enti\u00e8rement compatible DMX512, elle permet d&#039;int\u00e9grer les bracelets directement \u00e0 la console d&#039;\u00e9clairage existante de votre salle.<\/p>\n<ul data-path-to-node=\"14\">\n<li>\n<p data-path-to-node=\"14,0,0\"><b data-path-to-node=\"14,0,0\" data-index-in-node=\"0\">Gamme:<\/b> Jusqu&#039;\u00e0 500 m\u00e8tres en espaces ouverts.<\/p>\n<\/li>\n<li>\n<p data-path-to-node=\"14,1,0\"><b data-path-to-node=\"14,1,0\" data-index-in-node=\"0\">Capacit\u00e9:<\/b> Permet de contr\u00f4ler jusqu&#039;\u00e0 plus de 5000 bracelets simultan\u00e9ment.<\/p>\n<\/li>\n<li>\n<p data-path-to-node=\"14,2,0\"><b data-path-to-node=\"14,2,0\" data-index-in-node=\"0\">Pouvoir:<\/b> Alimentation externe pour un fonctionnement continu.<\/p>\n<\/li>\n<\/ul>\n<h2 data-path-to-node=\"15\">La manette portable \u201c\u00a0petite\u00a0\u201d (Portable Ease)<\/h2>\n<p data-path-to-node=\"16\">Id\u00e9al pour les petits \u00e9v\u00e9nements, les f\u00eates et les lancements de produits, le petit contr\u00f4leur offre une interface sans impression et intuitive pour une utilisation manuelle. Fonctionnant sur batterie et portable, il permet \u00e0 l&#039;op\u00e9rateur de se d\u00e9placer librement dans la salle tout en g\u00e9rant le spectacle lumineux.<\/p>\n<ul data-path-to-node=\"17\">\n<li>\n<p data-path-to-node=\"17,0,0\"><b data-path-to-node=\"17,0,0\" data-index-in-node=\"0\">Gamme:<\/b> Signal fiable jusqu&#039;\u00e0 200-300 m\u00e8tres.<\/p>\n<\/li>\n<li>\n<p data-path-to-node=\"17,1,0\"><b data-path-to-node=\"17,1,0\" data-index-in-node=\"0\">Fonctions:<\/b> Boutons faciles \u00e0 utiliser pour 15 pr\u00e9r\u00e9glages de couleurs et 8 modes de clignotement.<\/p>\n<\/li>\n<li>\n<p data-path-to-node=\"17,2,0\"><b data-path-to-node=\"17,2,0\" data-index-in-node=\"0\">Portabilit\u00e9:<\/b> Conception l\u00e9g\u00e8re et autonomie longue dur\u00e9e.<\/p>\n<\/li>\n<\/ul>\n<h2 data-path-to-node=\"18\">Principales caract\u00e9ristiques et connectivit\u00e9<\/h2>\n<ul data-path-to-node=\"19\">\n<li>\n<p data-path-to-node=\"19,0,0\"><b data-path-to-node=\"19,0,0\" data-index-in-node=\"0\">Technologie RF :<\/b> Utilise la fr\u00e9quence haute stabilit\u00e9 de 433 MHz pour assurer la p\u00e9n\u00e9tration du signal m\u00eame \u00e0 travers des foules denses.<\/p>\n<\/li>\n<li>\n<p data-path-to-node=\"19,1,0\"><b data-path-to-node=\"19,1,0\" data-index-in-node=\"0\">Int\u00e9gration DMX512\u00a0:<\/b> Se synchronise parfaitement avec les consoles d&#039;\u00e9clairage professionnelles pour les s\u00e9quences de spectacle pr\u00e9programm\u00e9es.<\/p>\n<\/li>\n<li>\n<p data-path-to-node=\"19,2,0\"><b data-path-to-node=\"19,2,0\" data-index-in-node=\"0\">R\u00e9ponse instantan\u00e9e\u00a0:<\/b> Transmission du signal sans latence pour une synchronisation parfaite avec la musique et les rep\u00e8res visuels.<\/p>\n<\/li>\n<\/ul>\n<h2 data-path-to-node=\"20\">Caract\u00e9ristiques<\/h2>\n<ul data-path-to-node=\"21\">\n<li>\n<p data-path-to-node=\"21,0,0\"><b data-path-to-node=\"21,0,0\" data-index-in-node=\"0\">Fr\u00e9quences :<\/b> 433,92 MHz.<\/p>\n<\/li>\n<li>\n<p data-path-to-node=\"21,1,0\"><b data-path-to-node=\"21,1,0\" data-index-in-node=\"0\">Tension de fonctionnement :<\/b> 5 V CC (petit) \/ 12 V CC (grand).<\/p>\n<\/li>\n<li>\n<p data-path-to-node=\"21,2,0\"><b data-path-to-node=\"21,2,0\" data-index-in-node=\"0\">Cha\u00eenes :<\/b> Prend en charge plusieurs zones et le contr\u00f4le sp\u00e9cifique aux groupes.<\/p>\n<\/li>\n<li>\n<p data-path-to-node=\"21,3,0\"><b data-path-to-node=\"21,3,0\" data-index-in-node=\"0\">Dimensions:<\/b> Unit\u00e9 portable de format compact ou unit\u00e9 professionnelle montable en rack.<\/p>\n<\/li>\n<\/ul>\n<p data-path-to-node=\"22\">","protected":false},"excerpt":{"rendered":"<ul>\n<li>\n<p data-path-to-node=\"10,0,0\"><b data-path-to-node=\"10,0,0\" data-index-in-node=\"0\">Commandement universel :<\/b> Contr\u00f4lez simultan\u00e9ment des milliers de bracelets LED dans un rayon allant jusqu&#039;\u00e0 500 m\u00e8tres.<\/p>\n<\/li>\n<li>\n<p data-path-to-node=\"10,1,0\"><b data-path-to-node=\"10,1,0\" data-index-in-node=\"0\">Double technologie :<\/b> Prend en charge \u00e0 la fois la commande \u00e0 distance manuelle RF (radiofr\u00e9quence) et l&#039;int\u00e9gration professionnelle DMX512.<\/p>\n<\/li>\n<li>\n<p data-path-to-node=\"10,2,0\"><b data-path-to-node=\"10,2,0\" data-index-in-node=\"0\">Solutions \u00e9volutives\u00a0:<\/b> Choisissez entre le petit contr\u00f4leur portable pour les lieux intimistes ou le grand contr\u00f4leur pour les \u00e9v\u00e9nements de la taille d&#039;un stade.<\/p>\n<\/li>\n<li>\n<p data-path-to-node=\"10,3,0\"><b data-path-to-node=\"10,3,0\" data-index-in-node=\"0\">Effets en temps r\u00e9el\u00a0:<\/b> Passez instantan\u00e9ment d&#039;une couleur \u00e0 l&#039;autre parmi plus de 15 options et diff\u00e9rents motifs clignotants pour les adapter au rythme de votre \u00e9v\u00e9nement.<\/p>\n<\/li>\n<\/ul>","protected":false},"featured_media":5980,"comment_status":"closed","ping_status":"closed","template":"","meta":[],"product_brand":[],"product_cat":[80],"product_tag":[],"class_list":{"0":"post-5052","1":"product","2":"type-product","3":"status-publish","4":"has-post-thumbnail","6":"product_cat-led-wristbands","8":"first","9":"instock","10":"shipping-taxable","11":"purchasable","12":"product-type-simple"},"_links":{"self":[{"href":"https:\/\/displayproducts.eu\/fr\/wp-json\/wp\/v2\/product\/5052","targetHints":{"allow":["GET"]}}],"collection":[{"href":"https:\/\/displayproducts.eu\/fr\/wp-json\/wp\/v2\/product"}],"about":[{"href":"https:\/\/displayproducts.eu\/fr\/wp-json\/wp\/v2\/types\/product"}],"replies":[{"embeddable":true,"href":"https:\/\/displayproducts.eu\/fr\/wp-json\/wp\/v2\/comments?post=5052"}],"wp:featuredmedia":[{"embeddable":true,"href":"https:\/\/displayproducts.eu\/fr\/wp-json\/wp\/v2\/media\/5980"}],"wp:attachment":[{"href":"https:\/\/displayproducts.eu\/fr\/wp-json\/wp\/v2\/media?parent=5052"}],"wp:term":[{"taxonomy":"product_brand","embeddable":true,"href":"https:\/\/displayproducts.eu\/fr\/wp-json\/wp\/v2\/product_brand?post=5052"},{"taxonomy":"product_cat","embeddable":true,"href":"https:\/\/displayproducts.eu\/fr\/wp-json\/wp\/v2\/product_cat?post=5052"},{"taxonomy":"product_tag","embeddable":true,"href":"https:\/\/displayproducts.eu\/fr\/wp-json\/wp\/v2\/product_tag?post=5052"}],"curies":[{"name":"wp","href":"https:\/\/api.w.org\/{rel}","templated":true}]}}