{"id":5034,"date":"2025-10-06T16:03:54","date_gmt":"2025-10-06T13:03:54","guid":{"rendered":"https:\/\/wristbandfactory.eu\/?post_type=product&#038;p=5034"},"modified":"2026-04-01T21:52:35","modified_gmt":"2026-04-01T18:52:35","slug":"custom-glow-flashing-led-wristbands","status":"publish","type":"product","link":"https:\/\/displayproducts.eu\/fr\/p\/custom-glow-flashing-led-wristbands\/","title":{"rendered":"Bracelets LED lumineux et clignotants"},"content":{"rendered":"<p data-path-to-node=\"9\">Pour une solution de branding sans impression, \u00e9conomique et dynamique, optez pour nos bracelets LED lumineux et clignotants personnalis\u00e9s. Con\u00e7us pour une visibilit\u00e9 optimale, ces bracelets offrent un \u00e9clairage puissant et constant, sans n\u00e9cessiter de t\u00e9l\u00e9commande complexe.<\/p>\n<p data-path-to-node=\"10\">Voici notre plateforme tout-en-un pour les bandes LED manuelles (sans t\u00e9l\u00e9commande), id\u00e9ale pour les \u00e9v\u00e9nements d&#039;entreprise, les lancements de produits, les festivals et les campagnes de sensibilisation o\u00f9 une image de marque unifi\u00e9e est cruciale.<\/p>\n<h2><strong>Choisissez votre mod\u00e8le LED manuel<\/strong><\/h2>\n<p data-path-to-node=\"12\">Choisissez le mod\u00e8le qui correspond le mieux au th\u00e8me de votre \u00e9v\u00e9nement\u00a0:<\/p>\n<h3 data-path-to-node=\"13,0,0\"><strong>Mod\u00e8le \u00e0 lueur monochrome<\/strong><\/h3>\n<p><img fetchpriority=\"high\" decoding=\"async\" class=\"alignnone wp-image-5554\" src=\"https:\/\/displayproducts.eu\/wp-content\/uploads\/2025\/10\/flashing-led-1.jpeg\" alt=\"\" width=\"300\" height=\"300\" srcset=\"https:\/\/displayproducts.eu\/wp-content\/uploads\/2025\/10\/flashing-led-1.jpeg 600w, https:\/\/displayproducts.eu\/wp-content\/uploads\/2025\/10\/flashing-led-1-12x12.jpeg 12w, https:\/\/displayproducts.eu\/wp-content\/uploads\/2025\/10\/flashing-led-1-300x300.jpeg 300w, https:\/\/displayproducts.eu\/wp-content\/uploads\/2025\/10\/flashing-led-1-100x100.jpeg 100w, https:\/\/displayproducts.eu\/wp-content\/uploads\/2025\/10\/flashing-led-1-64x64.jpeg 64w\" sizes=\"(max-width: 300px) 100vw, 300px\" \/><\/p>\n<p>Le point fort de ce mod\u00e8le est sa simplicit\u00e9. Il s&#039;allume en <b>une couleur sp\u00e9cifique et \u00e9clatante<\/b> (rouge, bleu, vert, etc.) pour s&#039;harmoniser parfaitement avec votre image de marque ou le th\u00e8me de votre \u00e9v\u00e9nement. Fabriqu\u00e9 en TPU ultra-l\u00e9ger (17 g) et r\u00e9sistant, il offre une tr\u00e8s longue dur\u00e9e de vie. <b>Autonomie de la batterie : 12 heures<\/b>.<\/p>\n<h3 data-path-to-node=\"13,1,0\"><strong>Mod\u00e8le clignotant multicolore<\/strong><\/h3>\n<p data-path-to-node=\"13,1,0\"><img decoding=\"async\" class=\"alignnone wp-image-5556\" src=\"https:\/\/displayproducts.eu\/wp-content\/uploads\/2025\/10\/flashing-led.jpg\" alt=\"\" width=\"300\" height=\"300\" srcset=\"https:\/\/displayproducts.eu\/wp-content\/uploads\/2025\/10\/flashing-led.jpg 1080w, https:\/\/displayproducts.eu\/wp-content\/uploads\/2025\/10\/flashing-led-768x768.jpg 768w, https:\/\/displayproducts.eu\/wp-content\/uploads\/2025\/10\/flashing-led-12x12.jpg 12w, https:\/\/displayproducts.eu\/wp-content\/uploads\/2025\/10\/flashing-led-300x300.jpg 300w, https:\/\/displayproducts.eu\/wp-content\/uploads\/2025\/10\/flashing-led-600x600.jpg 600w, https:\/\/displayproducts.eu\/wp-content\/uploads\/2025\/10\/flashing-led-100x100.jpg 100w, https:\/\/displayproducts.eu\/wp-content\/uploads\/2025\/10\/flashing-led-64x64.jpg 64w\" sizes=\"(max-width: 300px) 100vw, 300px\" \/><\/p>\n<p data-path-to-node=\"13,1,0\">Ce mod\u00e8le attire tous les regards. Il est dot\u00e9 d&#039;un bracelet color\u00e9 (fuchsia, vert, bleu, etc.) et d&#039;une LED lumineuse qui illumine tout le bracelet. Un interrupteur marche\/arr\u00eat discret permet de contr\u00f4ler le clignotement, ce qui en fait un accessoire interactif id\u00e9al pour les f\u00eates et les concerts.<\/p>\n<p data-path-to-node=\"14\">Les deux mod\u00e8les fonctionnent sur piles (incluses) et sont pr\u00eats \u00e0 l&#039;emploi. Nous proposons une impression par tampographie une couleur sur une zone d\u00e9di\u00e9e pour votre logo personnalis\u00e9 ou le message de votre \u00e9v\u00e9nement.<\/p>\n<h2 data-path-to-node=\"15\"><b>Caract\u00e9ristiques principales :<\/b><\/h2>\n<ul data-path-to-node=\"16\">\n<li>\n<p data-path-to-node=\"16,0,0\"><b>Deux options de mod\u00e8le :<\/b> Choisissez parmi un <b>Lueur monochrome<\/b> ou un <b>Clignotement multicolore<\/b> mod\u00e8le.<\/p>\n<\/li>\n<li>\n<p data-path-to-node=\"16,1,0\"><b>Commande manuelle sans impression\u00a0:<\/b> Les deux mod\u00e8les sont dot\u00e9s d&#039;un sans impression interrupteur marche\/arr\u00eat.<\/p>\n<\/li>\n<li>\n<p data-path-to-node=\"16,2,0\"><b>Confort ultra-l\u00e9ger :<\/b> Le mod\u00e8le monochrome ne p\u00e8se que 17 g, garantissant un confort total.<\/p>\n<\/li>\n<li>\n<p data-path-to-node=\"16,3,0\"><b>Longue dur\u00e9e de vie de la batterie :<\/b> Performances fiables, le mod\u00e8le monochrome offrant jusqu&#039;\u00e0 12 heures d&#039;autonomie.<\/p>\n<\/li>\n<li>\n<p data-path-to-node=\"16,4,0\"><b>Personnalisation de la marque\u00a0:<\/b> Les deux mod\u00e8les comportent une zone d&#039;impression d\u00e9di\u00e9e pour un logo monochrome (noir ou blanc).<\/p>\n<\/li>\n<li>\n<p data-path-to-node=\"16,5,0\"><b>Pr\u00eat \u00e0 l&#039;emploi :<\/b> Fonctionne avec les piles boutons incluses.<\/p>\n<\/li>\n<li>\n<p data-path-to-node=\"16,6,0\"><b>Id\u00e9al pour :<\/b> Commandes group\u00e9es pour les promotions, les f\u00eates et les campagnes de notori\u00e9t\u00e9 de marque.<\/p>\n<\/li>\n<\/ul>\n<p data-path-to-node=\"17\">","protected":false},"excerpt":{"rendered":"<p>Illuminez votre marque avec nos bracelets LED personnalis\u00e9s. Ultra-l\u00e9gers, ces bracelets en TPU sont disponibles dans des couleurs vives et unies pour s&#039;harmoniser parfaitement avec le th\u00e8me de votre \u00e9v\u00e9nement.<\/p>","protected":false},"featured_media":5035,"comment_status":"closed","ping_status":"closed","template":"","meta":[],"product_brand":[],"product_cat":[80],"product_tag":[],"class_list":{"0":"post-5034","1":"product","2":"type-product","3":"status-publish","4":"has-post-thumbnail","6":"product_cat-led-wristbands","8":"first","9":"instock","10":"shipping-taxable","11":"purchasable","12":"product-type-simple"},"_links":{"self":[{"href":"https:\/\/displayproducts.eu\/fr\/wp-json\/wp\/v2\/product\/5034","targetHints":{"allow":["GET"]}}],"collection":[{"href":"https:\/\/displayproducts.eu\/fr\/wp-json\/wp\/v2\/product"}],"about":[{"href":"https:\/\/displayproducts.eu\/fr\/wp-json\/wp\/v2\/types\/product"}],"replies":[{"embeddable":true,"href":"https:\/\/displayproducts.eu\/fr\/wp-json\/wp\/v2\/comments?post=5034"}],"wp:featuredmedia":[{"embeddable":true,"href":"https:\/\/displayproducts.eu\/fr\/wp-json\/wp\/v2\/media\/5035"}],"wp:attachment":[{"href":"https:\/\/displayproducts.eu\/fr\/wp-json\/wp\/v2\/media?parent=5034"}],"wp:term":[{"taxonomy":"product_brand","embeddable":true,"href":"https:\/\/displayproducts.eu\/fr\/wp-json\/wp\/v2\/product_brand?post=5034"},{"taxonomy":"product_cat","embeddable":true,"href":"https:\/\/displayproducts.eu\/fr\/wp-json\/wp\/v2\/product_cat?post=5034"},{"taxonomy":"product_tag","embeddable":true,"href":"https:\/\/displayproducts.eu\/fr\/wp-json\/wp\/v2\/product_tag?post=5034"}],"curies":[{"name":"wp","href":"https:\/\/api.w.org\/{rel}","templated":true}]}}