{"id":5012,"date":"2025-10-06T15:39:59","date_gmt":"2025-10-06T12:39:59","guid":{"rendered":"https:\/\/wristbandfactory.eu\/?post_type=product&#038;p=5012"},"modified":"2026-04-01T21:52:35","modified_gmt":"2026-04-01T18:52:35","slug":"remote-controlled-fabric-led-wristbands","status":"publish","type":"product","link":"https:\/\/displayproducts.eu\/fr\/p\/remote-controlled-fabric-led-wristbands\/","title":{"rendered":"Bracelets LED en tissu t\u00e9l\u00e9command\u00e9s"},"content":{"rendered":"<p data-path-to-node=\"11\">Sublimez votre \u00e9v\u00e9nement avec nos bracelets LED en tissu haut de gamme, t\u00e9l\u00e9command\u00e9s. Solution id\u00e9ale pour les entreprises et les \u00e9v\u00e9nements prestigieux, cette solution allie le confort et l&#039;\u00e9l\u00e9gance d&#039;un bracelet textile \u00e0 l&#039;impact visuel saisissant d&#039;un spectacle lumineux synchronis\u00e9. Tous les mod\u00e8les sont compatibles avec une t\u00e9l\u00e9commande centrale et un contr\u00f4leur DMX (vendus s\u00e9par\u00e9ment), permettant \u00e0 un seul op\u00e9rateur de g\u00e9rer l&#039;ensemble des bracelets de l&#039;\u00e9v\u00e9nement.<\/p>\n<p data-path-to-node=\"12\">Il s&#039;agit de votre plateforme centrale pour tous nos mod\u00e8les \u00e0 commande \u00e0 distance en tissu. Tous les mod\u00e8les sont compatibles avec une plateforme centrale. <strong><a href=\"https:\/\/displayproducts.eu\/fr\/p\/remote-dmx-controllers-for-led-wristbands\/\">Contr\u00f4leur \u00e0 distance et DMX<\/a><\/strong> qui est vendu s\u00e9par\u00e9ment dans notre <strong><a href=\"https:\/\/displayproducts.eu\/fr\/c\/event-supplies\/\">Fournitures pour \u00e9v\u00e9nements<\/a><\/strong> cat\u00e9gorie. Ce contr\u00f4leur permet \u00e0 un seul op\u00e9rateur de modifier simultan\u00e9ment les couleurs et les motifs de clignotement des LED pour tous les bracelets de l&#039;\u00e9tablissement.<\/p>\n<h2>Choisissez votre mod\u00e8le de tissu<\/h2>\n<p data-path-to-node=\"14\">S\u00e9lectionnez le mod\u00e8le de tissu sp\u00e9cifique qui correspond aux besoins esth\u00e9tiques et techniques de votre \u00e9v\u00e9nement\u00a0:<\/p>\n<h2 data-path-to-node=\"11\">Bande en tissu \u201c standard \u201d (impression int\u00e9grale)<\/h2>\n<h2 data-path-to-node=\"11\"><img fetchpriority=\"high\" decoding=\"async\" class=\"alignnone wp-image-5551\" src=\"https:\/\/displayproducts.eu\/wp-content\/uploads\/2025\/10\/standard-fabric.jpg\" alt=\"\" width=\"300\" height=\"300\" srcset=\"https:\/\/displayproducts.eu\/wp-content\/uploads\/2025\/10\/standard-fabric.jpg 1024w, https:\/\/displayproducts.eu\/wp-content\/uploads\/2025\/10\/standard-fabric-768x768.jpg 768w, https:\/\/displayproducts.eu\/wp-content\/uploads\/2025\/10\/standard-fabric-12x12.jpg 12w, https:\/\/displayproducts.eu\/wp-content\/uploads\/2025\/10\/standard-fabric-300x300.jpg 300w, https:\/\/displayproducts.eu\/wp-content\/uploads\/2025\/10\/standard-fabric-600x600.jpg 600w, https:\/\/displayproducts.eu\/wp-content\/uploads\/2025\/10\/standard-fabric-100x100.jpg 100w, https:\/\/displayproducts.eu\/wp-content\/uploads\/2025\/10\/standard-fabric-64x64.jpg 64w\" sizes=\"(max-width: 300px) 100vw, 300px\" \/><\/h2>\n<p data-path-to-node=\"12\">Ce mod\u00e8le est dot\u00e9 d&#039;un bracelet en nylon souple et r\u00e9sistant, \u00e9quip\u00e9 d&#039;un module LED lumineux t\u00e9l\u00e9command\u00e9. Enti\u00e8rement personnalisable par sublimation en couleur, le bracelet est id\u00e9al pour les logos d\u00e9taill\u00e9s ou l&#039;affichage d&#039;une identit\u00e9 visuelle complexe lors d&#039;\u00e9v\u00e9nements.<\/p>\n<ul data-path-to-node=\"13\">\n<li>\n<p data-path-to-node=\"13,0,0\"><b data-path-to-node=\"13,0,0\" data-index-in-node=\"0\">Id\u00e9al pour :<\/b> \u00c9v\u00e9nements d&#039;entreprise, commandites et festivals familiaux.<\/p>\n<\/li>\n<li>\n<p data-path-to-node=\"13,1,0\"><b data-path-to-node=\"13,1,0\" data-index-in-node=\"0\">Autonomie de la batterie :<\/b> Autonomie de 12 heures avec 2 piles CR2032 rempla\u00e7ables.<\/p>\n<\/li>\n<\/ul>\n<h2 data-path-to-node=\"14\">Bracelet en tissu \u201c\u00a0lumineux \u00e0 360\u00b0\u00a0\u201d<\/h2>\n<p><img decoding=\"async\" class=\"alignnone wp-image-5044\" src=\"https:\/\/displayproducts.eu\/wp-content\/uploads\/2025\/10\/360\u00b0-Luminous-Remote-LED-Wristbands_main-e1763322702945.jpg\" alt=\"\" width=\"300\" height=\"131\" srcset=\"https:\/\/displayproducts.eu\/wp-content\/uploads\/2025\/10\/360\u00b0-Luminous-Remote-LED-Wristbands_main-e1763322702945.jpg 1080w, https:\/\/displayproducts.eu\/wp-content\/uploads\/2025\/10\/360\u00b0-Luminous-Remote-LED-Wristbands_main-e1763322702945-768x336.jpg 768w, https:\/\/displayproducts.eu\/wp-content\/uploads\/2025\/10\/360\u00b0-Luminous-Remote-LED-Wristbands_main-e1763322702945-18x8.jpg 18w, https:\/\/displayproducts.eu\/wp-content\/uploads\/2025\/10\/360\u00b0-Luminous-Remote-LED-Wristbands_main-e1763322702945-600x263.jpg 600w, https:\/\/displayproducts.eu\/wp-content\/uploads\/2025\/10\/360\u00b0-Luminous-Remote-LED-Wristbands_main-e1763322702945-64x28.jpg 64w\" sizes=\"(max-width: 300px) 100vw, 300px\" \/><\/p>\n<p data-path-to-node=\"19\">Ce mod\u00e8le innovant est dot\u00e9 de LED int\u00e9gr\u00e9es le long de la <b>toute la longueur de la bande en nylon confortable<\/b>, Offrant un \u00e9clairage complet et \u00e0 360\u00b0, ce design unique garantit un impact visuel saisissant sous tous les angles.<\/p>\n<ul data-path-to-node=\"20\">\n<li>\n<p data-path-to-node=\"20,0,0\"><b>Id\u00e9al pour :<\/b> Des \u00e9v\u00e9nements qui exigent un spectacle visuel maximal.<\/p>\n<\/li>\n<li>\n<p data-path-to-node=\"20,1,0\"><b>Batterie:<\/b> 8 heures (2x CR2032)<\/p>\n<\/li>\n<\/ul>\n<h2 data-path-to-node=\"17\">Bracelet \u201c hybride \u201d en tissu et silicone<\/h2>\n<p><img decoding=\"async\" class=\"alignnone wp-image-5552\" src=\"https:\/\/displayproducts.eu\/wp-content\/uploads\/2025\/10\/hybrid-led.jpg\" alt=\"\" width=\"300\" height=\"300\" srcset=\"https:\/\/displayproducts.eu\/wp-content\/uploads\/2025\/10\/hybrid-led.jpg 2048w, https:\/\/displayproducts.eu\/wp-content\/uploads\/2025\/10\/hybrid-led-768x768.jpg 768w, https:\/\/displayproducts.eu\/wp-content\/uploads\/2025\/10\/hybrid-led-1536x1536.jpg 1536w, https:\/\/displayproducts.eu\/wp-content\/uploads\/2025\/10\/hybrid-led-12x12.jpg 12w, https:\/\/displayproducts.eu\/wp-content\/uploads\/2025\/10\/hybrid-led-300x300.jpg 300w, https:\/\/displayproducts.eu\/wp-content\/uploads\/2025\/10\/hybrid-led-600x600.jpg 600w, https:\/\/displayproducts.eu\/wp-content\/uploads\/2025\/10\/hybrid-led-100x100.jpg 100w, https:\/\/displayproducts.eu\/wp-content\/uploads\/2025\/10\/hybrid-led-64x64.jpg 64w\" sizes=\"(max-width: 300px) 100vw, 300px\" \/><\/p>\n<p data-path-to-node=\"22\">Ce mod\u00e8le associe un bracelet en tissu doux \u00e0 un module LED confortable et lisse en silicone\/ABS, offrant un m\u00e9lange unique de confort et de durabilit\u00e9 pour une utilisation sur plusieurs jours.<\/p>\n<ul data-path-to-node=\"23\">\n<li>\n<p data-path-to-node=\"23,0,0\"><b>Id\u00e9al pour :<\/b> Festivals de plusieurs jours o\u00f9 confort et robustesse sont indispensables.<\/p>\n<\/li>\n<li>\n<p data-path-to-node=\"23,1,0\"><b>Batterie:<\/b> 12 heures (2 piles CR2032)<\/p>\n<\/li>\n<\/ul>\n<h2 data-path-to-node=\"20\">Caract\u00e9ristiques et technologies cl\u00e9s<\/h2>\n<ul data-path-to-node=\"21\">\n<li>\n<p data-path-to-node=\"21,0,0\"><b data-path-to-node=\"21,0,0\" data-index-in-node=\"0\">Contr\u00f4le centralis\u00e9 RF\/DMX\u00a0:<\/b> Tous les mod\u00e8les de tissus se synchronisent avec un contr\u00f4leur central pour des changements de couleur et de motif en temps r\u00e9el.<\/p>\n<\/li>\n<li>\n<p data-path-to-node=\"21,1,0\"><b data-path-to-node=\"21,1,0\" data-index-in-node=\"0\">Ajustement r\u00e9glable :<\/b> Disponible avec diff\u00e9rents syst\u00e8mes de fermeture (perles ou boucles) pour s&#039;adapter \u00e0 tous les invit\u00e9s en toute s\u00e9curit\u00e9.<\/p>\n<\/li>\n<li>\n<p data-path-to-node=\"21,2,0\"><b data-path-to-node=\"21,2,0\" data-index-in-node=\"0\">Personnalisation de la marque\u00a0:<\/b> Grande zone \u00e0 haute visibilit\u00e9 sur la sangle en tissu pour une impression de qualit\u00e9 sup\u00e9rieure en 1 couleur ou en quadrichromie.<\/p>\n<\/li>\n<li>\n<p data-path-to-node=\"21,3,0\"><b data-path-to-node=\"21,3,0\" data-index-in-node=\"0\">Longue port\u00e9e :<\/b> R\u00e9ception fiable du signal jusqu&#039;\u00e0 300-500 m\u00e8tres pour les grands espaces.<\/p>\n<\/li>\n<\/ul>\n<h2 data-path-to-node=\"22\">Caract\u00e9ristiques<\/h2>\n<ul data-path-to-node=\"23\">\n<li>\n<p data-path-to-node=\"23,0,0\"><b data-path-to-node=\"23,0,0\" data-index-in-node=\"0\">Mat\u00e9riau du bracelet :<\/b> Polyester doux ou nylon (15x350mm).<\/p>\n<\/li>\n<li>\n<p data-path-to-node=\"23,1,0\"><b data-path-to-node=\"23,1,0\" data-index-in-node=\"0\">Poids:<\/b> Environ 24 g.<\/p>\n<\/li>\n<li>\n<p data-path-to-node=\"23,2,0\"><b data-path-to-node=\"23,2,0\" data-index-in-node=\"0\">Fr\u00e9quence:<\/b> 433 MHz (RF) \/ DMX512.<\/p>\n<\/li>\n<li>\n<p data-path-to-node=\"23,3,0\"><b data-path-to-node=\"23,3,0\" data-index-in-node=\"0\">Batterie:<\/b> 2x CR2032 (rempla\u00e7ables).<\/p>\n<\/li>\n<li>\n<p data-path-to-node=\"23,4,0\"><b data-path-to-node=\"23,4,0\" data-index-in-node=\"0\">Commande minimum:<\/b> 100 unit\u00e9s.<\/p>\n<\/li>\n<\/ul>\n<h3><strong><a href=\"https:\/\/displayproducts.eu\/fr\/p\/remote-dmx-controllers-for-led-wristbands\/\">Contr\u00f4leur \u00e0 distance et DMX<\/a><\/strong><\/h3>\n<p><img loading=\"lazy\" decoding=\"async\" class=\"\" src=\"https:\/\/displayproducts.eu\/wp-content\/uploads\/2025\/10\/controller-2-scaled.jpeg\" width=\"365\" height=\"365\" \/><\/p>","protected":false},"excerpt":{"rendered":"<ul>\n<li>\n<p data-path-to-node=\"9,0,0\"><b data-path-to-node=\"9,0,0\" data-index-in-node=\"0\">Exp\u00e9rience \u00e9v\u00e9nementielle premium\u00a0:<\/b> Allie la douceur des bracelets textiles \u00e0 une technologie d&#039;\u00e9clairage synchronis\u00e9e avanc\u00e9e.<\/p>\n<\/li>\n<li>\n<p data-path-to-node=\"9,1,0\"><b data-path-to-node=\"9,1,0\" data-index-in-node=\"0\">Sublimation en couleur :<\/b> Des sangles en tissu hautement personnalisables pour des logos d\u00e9taill\u00e9s et des visuels de marque \u00e9clatants.<\/p>\n<\/li>\n<li>\n<p data-path-to-node=\"9,2,0\"><b data-path-to-node=\"9,2,0\" data-index-in-node=\"0\">Contr\u00f4le \u00e0 l&#039;\u00e9chelle du stade\u00a0:<\/b> Synchronisation RF et DMX fiable sur des milliers d&#039;unit\u00e9s simultan\u00e9ment.<\/p>\n<\/li>\n<li>\n<p data-path-to-node=\"9,3,0\"><b data-path-to-node=\"9,3,0\" data-index-in-node=\"0\">Confort longue dur\u00e9e :<\/b> Conception l\u00e9g\u00e8re de 24 g, pens\u00e9e pour les festivals de plusieurs jours et les \u00e9v\u00e9nements d&#039;entreprise.<\/p>\n<\/li>\n<\/ul>","protected":false},"featured_media":5983,"comment_status":"closed","ping_status":"closed","template":"","meta":[],"product_brand":[],"product_cat":[80],"product_tag":[],"class_list":{"0":"post-5012","1":"product","2":"type-product","3":"status-publish","4":"has-post-thumbnail","6":"product_cat-led-wristbands","8":"first","9":"instock","10":"shipping-taxable","11":"purchasable","12":"product-type-simple"},"_links":{"self":[{"href":"https:\/\/displayproducts.eu\/fr\/wp-json\/wp\/v2\/product\/5012","targetHints":{"allow":["GET"]}}],"collection":[{"href":"https:\/\/displayproducts.eu\/fr\/wp-json\/wp\/v2\/product"}],"about":[{"href":"https:\/\/displayproducts.eu\/fr\/wp-json\/wp\/v2\/types\/product"}],"replies":[{"embeddable":true,"href":"https:\/\/displayproducts.eu\/fr\/wp-json\/wp\/v2\/comments?post=5012"}],"wp:featuredmedia":[{"embeddable":true,"href":"https:\/\/displayproducts.eu\/fr\/wp-json\/wp\/v2\/media\/5983"}],"wp:attachment":[{"href":"https:\/\/displayproducts.eu\/fr\/wp-json\/wp\/v2\/media?parent=5012"}],"wp:term":[{"taxonomy":"product_brand","embeddable":true,"href":"https:\/\/displayproducts.eu\/fr\/wp-json\/wp\/v2\/product_brand?post=5012"},{"taxonomy":"product_cat","embeddable":true,"href":"https:\/\/displayproducts.eu\/fr\/wp-json\/wp\/v2\/product_cat?post=5012"},{"taxonomy":"product_tag","embeddable":true,"href":"https:\/\/displayproducts.eu\/fr\/wp-json\/wp\/v2\/product_tag?post=5012"}],"curies":[{"name":"wp","href":"https:\/\/api.w.org\/{rel}","templated":true}]}}