{"id":4988,"date":"2025-10-06T14:34:19","date_gmt":"2025-10-06T11:34:19","guid":{"rendered":"https:\/\/wristbandfactory.eu\/?post_type=product&#038;p=4988"},"modified":"2026-04-01T21:52:35","modified_gmt":"2026-04-01T18:52:35","slug":"rechargeable-waterproof-led-sports-belt-for-runners","status":"publish","type":"product","link":"https:\/\/displayproducts.eu\/fr\/p\/rechargeable-waterproof-led-sports-belt-for-runners\/","title":{"rendered":"Ceinture de sport LED rechargeable et \u00e9tanche pour coureurs"},"content":{"rendered":"<p>Restez visible et en s\u00e9curit\u00e9 gr\u00e2ce \u00e0 la ceinture de sport LED haute visibilit\u00e9 de Wristbandfactory. Con\u00e7ue pour les athl\u00e8tes, les enfants et toute personne active dans des conditions de faible luminosit\u00e9, cette ceinture est un \u00e9quipement de s\u00e9curit\u00e9 essentiel. <span class=\"citation-148 citation-end-148\">Il est fabriqu\u00e9 \u00e0 partir d&#039;un m\u00e9lange confortable et imperm\u00e9able de Lycra et de TPU, garantissant qu&#039;il reste fonctionnel dans toutes les conditions m\u00e9t\u00e9orologiques<\/span>.<\/p>\n<p><span class=\"citation-147 citation-end-147\">La ceinture est l\u00e9g\u00e8re avec seulement 60 g et s&#039;ajuste facilement d&#039;un minimum de 30 cm \u00e0 un maximum de 60 cm, offrant un ajustement confortable et s\u00fbr pour une large gamme d&#039;utilisateurs.<\/span>. <span class=\"citation-146 citation-end-146\">Aliment\u00e9e par une batterie au lithium rechargeable pratique, cette ceinture de sport offre une autonomie mesur\u00e9e de 10 heures sur une seule charge<\/span>. <span class=\"citation-145 citation-end-145\">Choisissez parmi quatre fonctions d&#039;\u00e9clairage distinctes : longue luminosit\u00e9, clignotement rapide, clignotement lent ou \u00e9teint, pour maximiser votre visibilit\u00e9 aupr\u00e8s des automobilistes et des autres<\/span>. <span class=\"citation-144 citation-end-144\">Nous proposons ce produit dans un emballage OPP standard, avec des solutions d&#039;emballage personnalis\u00e9es disponibles pour les commandes B2B en gros dans toute l&#039;Europe.<\/span>.<\/p>\n<p><b>Caract\u00e9ristiques principales :<\/b><\/p>\n<ul>\n<li><span class=\"citation-143 citation-end-143\">Lumi\u00e8res LED haute visibilit\u00e9 avec 4 modes (luminosit\u00e9 longue, clignotement rapide\/lent, \u00e9teint)<\/span>.<\/li>\n<li><span class=\"citation-142 citation-end-142\">Batterie au lithium enti\u00e8rement rechargeable avec une autonomie de 10 heures<\/span>.<\/li>\n<li><span class=\"citation-141 citation-end-141\">Fabriqu\u00e9 \u00e0 partir de mat\u00e9riaux Lycra et TPU confortables et imperm\u00e9ables<\/span>.<\/li>\n<li><span class=\"citation-140 citation-end-140\">Taille r\u00e9glable de 30 cm \u00e0 60 cm pour assurer un ajustement parfait<\/span>.<\/li>\n<li><span class=\"citation-139 citation-end-139\">Conception l\u00e9g\u00e8re de seulement 60 g<\/span>.<\/li>\n<\/ul>","protected":false},"excerpt":{"rendered":"<p>Am\u00e9liorez votre s\u00e9curit\u00e9 lors de vos activit\u00e9s nocturnes gr\u00e2ce \u00e0 notre ceinture de sport LED rechargeable, fabriqu\u00e9e en Lycra imperm\u00e9able pour un confort et une durabilit\u00e9 optimaux. Dot\u00e9e de quatre modes d&#039;\u00e9clairage distincts, cette ceinture r\u00e9glable vous permet de rester visible par les automobilistes pendant vos courses, vos promenades \u00e0 v\u00e9lo ou vos promenades.<\/p>","protected":false},"featured_media":4989,"comment_status":"closed","ping_status":"closed","template":"","meta":[],"product_brand":[],"product_cat":[68,118,45],"product_tag":[],"class_list":{"0":"post-4988","1":"product","2":"type-product","3":"status-publish","4":"has-post-thumbnail","6":"product_cat-event-supplies","7":"product_cat-sports-fitness","8":"product_cat-other","10":"first","11":"instock","12":"shipping-taxable","13":"purchasable","14":"product-type-simple"},"_links":{"self":[{"href":"https:\/\/displayproducts.eu\/fr\/wp-json\/wp\/v2\/product\/4988","targetHints":{"allow":["GET"]}}],"collection":[{"href":"https:\/\/displayproducts.eu\/fr\/wp-json\/wp\/v2\/product"}],"about":[{"href":"https:\/\/displayproducts.eu\/fr\/wp-json\/wp\/v2\/types\/product"}],"replies":[{"embeddable":true,"href":"https:\/\/displayproducts.eu\/fr\/wp-json\/wp\/v2\/comments?post=4988"}],"wp:featuredmedia":[{"embeddable":true,"href":"https:\/\/displayproducts.eu\/fr\/wp-json\/wp\/v2\/media\/4989"}],"wp:attachment":[{"href":"https:\/\/displayproducts.eu\/fr\/wp-json\/wp\/v2\/media?parent=4988"}],"wp:term":[{"taxonomy":"product_brand","embeddable":true,"href":"https:\/\/displayproducts.eu\/fr\/wp-json\/wp\/v2\/product_brand?post=4988"},{"taxonomy":"product_cat","embeddable":true,"href":"https:\/\/displayproducts.eu\/fr\/wp-json\/wp\/v2\/product_cat?post=4988"},{"taxonomy":"product_tag","embeddable":true,"href":"https:\/\/displayproducts.eu\/fr\/wp-json\/wp\/v2\/product_tag?post=4988"}],"curies":[{"name":"wp","href":"https:\/\/api.w.org\/{rel}","templated":true}]}}