{"id":4979,"date":"2025-10-06T14:21:01","date_gmt":"2025-10-06T11:21:01","guid":{"rendered":"https:\/\/wristbandfactory.eu\/?post_type=product&#038;p=4979"},"modified":"2026-04-01T21:52:35","modified_gmt":"2026-04-01T18:52:35","slug":"sound-activated-led-wristbands","status":"publish","type":"product","link":"https:\/\/displayproducts.eu\/fr\/p\/sound-activated-led-wristbands\/","title":{"rendered":"Bracelets LED \"activ\u00e9s par le son\" avec logo"},"content":{"rendered":"<p data-path-to-node=\"8\">Dynamisez votre soir\u00e9e avec nos bracelets LED \u201c\u00a0\u00e0 activation sonore\u00a0\u201d. Con\u00e7us pour les environnements dynamiques comme les bo\u00eetes de nuit, les festivals et les concerts, ces bracelets transforment chaque participant en acteur du spectacle visuel. Contrairement aux syst\u00e8mes DMX, ces bracelets autonomes ne n\u00e9cessitent aucune installation technique\u00a0: ils r\u00e9agissent sans impressionment au niveau sonore ambiant, cr\u00e9ant un oc\u00e9an de lumi\u00e8re pulsante au rythme de votre \u00e9v\u00e9nement.<\/p>\n<h2 data-path-to-node=\"9\">Caract\u00e9ristiques principales<\/h2>\n<ul data-path-to-node=\"10\">\n<li>\n<p data-path-to-node=\"10,0,0\"><b data-path-to-node=\"10,0,0\" data-index-in-node=\"0\">Capteurs acoustiques intelligents\u00a0:<\/b> Calibr\u00e9 pour d\u00e9tecter les motifs rythmiques, garantissant que le clignotement de la lumi\u00e8re soit parfaitement synchronis\u00e9 avec les basses et les aigus.<\/p>\n<\/li>\n<li>\n<p data-path-to-node=\"10,1,0\"><b data-path-to-node=\"10,1,0\" data-index-in-node=\"0\">Simplicit\u00e9 Plug-and-Play\u00a0:<\/b> Aucun contr\u00f4leur externe ni programmation requis ; les bracelets sont pr\u00eats \u00e0 l&#039;emploi d\u00e8s leur sortie de l&#039;emballage.<\/p>\n<\/li>\n<li>\n<p data-path-to-node=\"10,2,0\"><b data-path-to-node=\"10,2,0\" data-index-in-node=\"0\">Options de couleurs vives :<\/b> Choisissez parmi une large gamme de couleurs LED pour correspondre \u00e0 votre identit\u00e9 de marque ou au th\u00e8me de votre \u00e9v\u00e9nement.<\/p>\n<\/li>\n<li>\n<p data-path-to-node=\"10,3,0\"><b data-path-to-node=\"10,3,0\" data-index-in-node=\"0\">Impression par tampographie durable :<\/b> Nous utilisons des encres de qualit\u00e9 professionnelle pour garantir que votre logo personnalis\u00e9 reste net et visible tout au long de l&#039;\u00e9v\u00e9nement.<\/p>\n<\/li>\n<\/ul>\n<h2 data-path-to-node=\"11\">Caract\u00e9ristiques<\/h2>\n<ul data-path-to-node=\"12\">\n<li>\n<p data-path-to-node=\"12,0,0\"><b data-path-to-node=\"12,0,0\" data-index-in-node=\"0\">M\u00e9canisme de contr\u00f4le :<\/b> Capteur acoustique interne haute sensibilit\u00e9.<\/p>\n<\/li>\n<li>\n<p data-path-to-node=\"12,1,0\"><b data-path-to-node=\"12,1,0\" data-index-in-node=\"0\">Mat\u00e9riels:<\/b> Bo\u00eetier en ABS avec bracelet souple en silicone ou en PVC.<\/p>\n<\/li>\n<li>\n<p data-path-to-node=\"12,2,0\"><b data-path-to-node=\"12,2,0\" data-index-in-node=\"0\">Poids:<\/b> 22 g.<\/p>\n<\/li>\n<li>\n<p data-path-to-node=\"12,3,0\"><b data-path-to-node=\"12,3,0\" data-index-in-node=\"0\">Autonomie de la batterie :<\/b> 8 \u00e0 12 heures de clignotement actif.<\/p>\n<\/li>\n<li>\n<p data-path-to-node=\"12,4,0\"><b data-path-to-node=\"12,4,0\" data-index-in-node=\"0\">Type de batterie :<\/b> 2 piles CR2032 (incluses et rempla\u00e7ables).<\/p>\n<\/li>\n<li>\n<p data-path-to-node=\"12,5,0\"><b data-path-to-node=\"12,5,0\" data-index-in-node=\"0\">Personnalisation:<\/b> Impression de logo de pr\u00e9cision sur le module LED.<\/p>\n<\/li>\n<\/ul>\n<h2 data-path-to-node=\"13\">Cas d&#039;utilisation<\/h2>\n<ul data-path-to-node=\"14\">\n<li>\n<p data-path-to-node=\"14,0,0\"><b data-path-to-node=\"14,0,0\" data-index-in-node=\"0\">Bo\u00eetes de nuit et soir\u00e9es VIP :<\/b> Am\u00e9liorer l&#039;ambiance de la piste de danse et dynamiser l&#039;engagement des invit\u00e9s.<\/p>\n<\/li>\n<li>\n<p data-path-to-node=\"14,1,0\"><b data-path-to-node=\"14,1,0\" data-index-in-node=\"0\">Festivals de musique :<\/b> Un moyen \u00e9conomique de cr\u00e9er un spectacle lumineux interactif et massif.<\/p>\n<\/li>\n<li>\n<p data-path-to-node=\"14,2,0\"><b data-path-to-node=\"14,2,0\" data-index-in-node=\"0\">Concerts et tourn\u00e9es :<\/b> Renforcer le lien entre l&#039;artiste et le public gr\u00e2ce \u00e0 la lumi\u00e8re.<\/p>\n<\/li>\n<li>\n<p data-path-to-node=\"14,3,0\"><b data-path-to-node=\"14,3,0\" data-index-in-node=\"0\">D\u00eeners de gala d&#039;entreprise :<\/b> Ajouter une dimension interactive et high-tech aux c\u00e9r\u00e9monies de remise de prix et aux pr\u00e9sentations.<\/p>\n<\/li>\n<\/ul>\n<p data-path-to-node=\"15\">","protected":false},"excerpt":{"rendered":"<ul>\n<li>\n<p data-path-to-node=\"7,0,0\"><b data-path-to-node=\"7,0,0\" data-index-in-node=\"0\">Technologie de synchronisation musicale\u00a0:<\/b> Des capteurs acoustiques int\u00e9gr\u00e9s permettent aux LED de clignoter en parfaite harmonie avec le rythme ambiant ou le bruit de la foule.<\/p>\n<\/li>\n<li>\n<p data-path-to-node=\"7,1,0\"><b data-path-to-node=\"7,1,0\" data-index-in-node=\"0\">Fonctionnement autonome :<\/b> Pas besoin de manettes ni de t\u00e9l\u00e9commandes\u00a0: un spectacle lumineux ind\u00e9pendant qui r\u00e9agit instantan\u00e9ment \u00e0 l\u2019environnement.<\/p>\n<\/li>\n<li>\n<p data-path-to-node=\"7,2,0\"><b data-path-to-node=\"7,2,0\" data-index-in-node=\"0\">L\u00e9ger et durable :<\/b> Conception confortable de 22 g avec un bo\u00eetier en ABS r\u00e9sistant aux chocs, parfaite pour les festivals et les concerts qui durent toute la nuit.<\/p>\n<\/li>\n<li>\n<p data-path-to-node=\"7,3,0\"><b data-path-to-node=\"7,3,0\" data-index-in-node=\"0\">Image de marque \u00e0 fort impact\u00a0:<\/b> Zone d&#039;impression d\u00e9di\u00e9e pour l&#039;application de logos d&#039;entreprise \u00e9clatants en une ou plusieurs couleurs.<\/p>\n<\/li>\n<\/ul>","protected":false},"featured_media":6003,"comment_status":"closed","ping_status":"closed","template":"","meta":[],"product_brand":[],"product_cat":[80],"product_tag":[],"class_list":{"0":"post-4979","1":"product","2":"type-product","3":"status-publish","4":"has-post-thumbnail","6":"product_cat-led-wristbands","8":"first","9":"instock","10":"shipping-taxable","11":"purchasable","12":"product-type-simple"},"_links":{"self":[{"href":"https:\/\/displayproducts.eu\/fr\/wp-json\/wp\/v2\/product\/4979","targetHints":{"allow":["GET"]}}],"collection":[{"href":"https:\/\/displayproducts.eu\/fr\/wp-json\/wp\/v2\/product"}],"about":[{"href":"https:\/\/displayproducts.eu\/fr\/wp-json\/wp\/v2\/types\/product"}],"replies":[{"embeddable":true,"href":"https:\/\/displayproducts.eu\/fr\/wp-json\/wp\/v2\/comments?post=4979"}],"wp:featuredmedia":[{"embeddable":true,"href":"https:\/\/displayproducts.eu\/fr\/wp-json\/wp\/v2\/media\/6003"}],"wp:attachment":[{"href":"https:\/\/displayproducts.eu\/fr\/wp-json\/wp\/v2\/media?parent=4979"}],"wp:term":[{"taxonomy":"product_brand","embeddable":true,"href":"https:\/\/displayproducts.eu\/fr\/wp-json\/wp\/v2\/product_brand?post=4979"},{"taxonomy":"product_cat","embeddable":true,"href":"https:\/\/displayproducts.eu\/fr\/wp-json\/wp\/v2\/product_cat?post=4979"},{"taxonomy":"product_tag","embeddable":true,"href":"https:\/\/displayproducts.eu\/fr\/wp-json\/wp\/v2\/product_tag?post=4979"}],"curies":[{"name":"wp","href":"https:\/\/api.w.org\/{rel}","templated":true}]}}