{"id":4966,"date":"2025-10-06T14:11:43","date_gmt":"2025-10-06T11:11:43","guid":{"rendered":"https:\/\/wristbandfactory.eu\/?post_type=product&#038;p=4966"},"modified":"2026-04-01T21:52:35","modified_gmt":"2026-04-01T18:52:35","slug":"custom-rfid-fabric-wristbands","status":"publish","type":"product","link":"https:\/\/displayproducts.eu\/fr\/p\/custom-rfid-fabric-wristbands\/","title":{"rendered":"Bracelets tissu RFID"},"content":{"rendered":"<p data-path-to-node=\"10\">Simplifiez l&#039;organisation de vos \u00e9v\u00e9nements gr\u00e2ce \u00e0 notre <b data-path-to-node=\"10\" data-index-in-node=\"67\">Bracelets tissu RFID<\/b>, la r\u00e9f\u00e9rence du secteur pour les festivals sans esp\u00e8ces et les sites \u00e0 haute s\u00e9curit\u00e9. Son design classique associe un bracelet souple en polyester tiss\u00e9 ou satin\u00e9 \u00e0 un bracelet robuste <b data-path-to-node=\"10\" data-index-in-node=\"250\">Glissi\u00e8re intelligente en PVC<\/b> qui prot\u00e8ge la puce RFID de l&#039;eau et des chocs.<\/p>\n<p data-path-to-node=\"11\"><b data-path-to-node=\"11\" data-index-in-node=\"0\">Besoin d&#039;une mise \u00e0 niveau Premium ?<\/b> Bien que le tapis coulissant en PVC soit notre option la plus populaire et la plus \u00e9conomique, nous proposons \u00e9galement d&#039;autres solutions. <b data-path-to-node=\"11\" data-index-in-node=\"106\">Technologie RFID embarqu\u00e9e<\/b>. Dans cette version haut de gamme, la puce est scell\u00e9e herm\u00e9tiquement directement \u00e0 l&#039;int\u00e9rieur des couches textiles, cr\u00e9ant ainsi un bracelet parfaitement lisse et sans curseur, offrant la m\u00eame sensation qu&#039;un bracelet en tissu classique. <i data-path-to-node=\"11\" data-index-in-node=\"316\">Contactez notre \u00e9quipe pour demander le mod\u00e8le int\u00e9gr\u00e9 \/ puce int\u00e9gr\u00e9e.<\/i><\/p>\n<p data-path-to-node=\"12\">Les deux versions offrent <b data-path-to-node=\"12\" data-index-in-node=\"20\">deux surfaces de marque distinctes<\/b>: impression par sublimation haute r\u00e9solution sur le bracelet lui-m\u00eame, et (sur le mod\u00e8le coulissant) impression personnalis\u00e9e ou gravure laser sur l&#039;\u00e9tiquette en PVC.<\/p>\n<h2 data-path-to-node=\"13\">Caract\u00e9ristiques principales<\/h2>\n<ul data-path-to-node=\"14\">\n<li>\n<p data-path-to-node=\"14,0,0\"><b data-path-to-node=\"14,0,0\" data-index-in-node=\"0\">Options polyvalentes\u00a0:<\/b> Choisissez entre le standard <b data-path-to-node=\"14,0,0\" data-index-in-node=\"47\">Glissi\u00e8re en PVC rigide<\/b> (pour une durabilit\u00e9 maximale) ou le <b data-path-to-node=\"14,0,0\" data-index-in-node=\"95\">Tissu intelligent int\u00e9gr\u00e9<\/b> (pour un confort maximal).<\/p>\n<\/li>\n<li>\n<p data-path-to-node=\"14,1,0\"><b data-path-to-node=\"14,1,0\" data-index-in-node=\"0\">Num\u00e9risation fiable\u00a0:<\/b> Des antennes de haute qualit\u00e9 garantissent une lecture rapide aux portiques et aux barres, quel que soit le mod\u00e8le.<\/p>\n<\/li>\n<li>\n<p data-path-to-node=\"14,2,0\"><b data-path-to-node=\"14,2,0\" data-index-in-node=\"0\">Flexibilit\u00e9 de la puce\u00a0:<\/b> Compatible avec les puces Mifare 1K, NTAG213, I-CODE SLIX et UHF pour s&#039;adapter \u00e0 votre syst\u00e8me.<\/p>\n<\/li>\n<li>\n<p data-path-to-node=\"14,3,0\"><b data-path-to-node=\"14,3,0\" data-index-in-node=\"0\">Serrures inviolables\u00a0:<\/b> Des verrous coulissants unidirectionnels s\u00e9curis\u00e9s garantissent que le bracelet ne peut pas \u00eatre transf\u00e9r\u00e9 d&#039;un invit\u00e9 \u00e0 l&#039;autre.<\/p>\n<\/li>\n<\/ul>\n<h2 data-path-to-node=\"15\">Caract\u00e9ristiques<\/h2>\n<ul data-path-to-node=\"16\">\n<li>\n<p data-path-to-node=\"16,0,0\"><b data-path-to-node=\"16,0,0\" data-index-in-node=\"0\">Mat\u00e9riel du groupe :<\/b> Polyester (sublimation ou tissage)<\/p>\n<\/li>\n<li>\n<p data-path-to-node=\"16,1,0\"><b data-path-to-node=\"16,1,0\" data-index-in-node=\"0\">Mod\u00e8le standard :<\/b> \u00c9tiquette coulissante en PVC (35 x 25 mm)<\/p>\n<\/li>\n<li>\n<p data-path-to-node=\"16,2,0\"><b data-path-to-node=\"16,2,0\" data-index-in-node=\"0\">Mod\u00e8le Premium :<\/b> Puce int\u00e9gr\u00e9e (invisible)<\/p>\n<\/li>\n<li>\n<p data-path-to-node=\"16,3,0\"><b data-path-to-node=\"16,3,0\" data-index-in-node=\"0\">Fr\u00e9quence de la puce :<\/b> 13,56 MHz (HF) \/ 860-960 MHz (UHF)<\/p>\n<\/li>\n<li>\n<p data-path-to-node=\"16,4,0\"><b data-path-to-node=\"16,4,0\" data-index-in-node=\"0\">Impression:<\/b> Couleurs CMJN<\/p>\n<\/li>\n<li>\n<p data-path-to-node=\"16,5,0\"><b data-path-to-node=\"16,5,0\" data-index-in-node=\"0\">\u00c9tanche:<\/b> Oui (IP68)<\/p>\n<\/li>\n<\/ul>\n<h2 data-path-to-node=\"17\">Cas d&#039;utilisation<\/h2>\n<ul data-path-to-node=\"18\">\n<li>\n<p data-path-to-node=\"18,0,0\"><b data-path-to-node=\"18,0,0\" data-index-in-node=\"0\">Festivals de musique :<\/b> L&#039;acc\u00e8s rapide et les paiements sans esp\u00e8ces r\u00e9duisent les files d&#039;attente et augmentent les revenus du bar.<\/p>\n<\/li>\n<li>\n<p data-path-to-node=\"18,1,0\"><b data-path-to-node=\"18,1,0\" data-index-in-node=\"0\">Acc\u00e8s VIP :<\/b> Utilisez le <b data-path-to-node=\"18,1,0\" data-index-in-node=\"20\">Int\u00e9gr\u00e9<\/b> Version destin\u00e9e aux clients VIP qui recherchent un niveau de confort et d&#039;exclusivit\u00e9 sup\u00e9rieur.<\/p>\n<\/li>\n<li>\n<p data-path-to-node=\"18,2,0\"><b data-path-to-node=\"18,2,0\" data-index-in-node=\"0\">Parcs aquatiques :<\/b> Sa construction robuste r\u00e9siste au chlore et \u00e0 l&#039;immersion compl\u00e8te.<\/p>\n<\/li>\n<li>\n<p data-path-to-node=\"18,3,0\"><b data-path-to-node=\"18,3,0\" data-index-in-node=\"0\">Activations de marque\u00a0:<\/b> \u201c Appuyez \u201d pour vous connecter aux r\u00e9seaux sociaux ou d\u00e9bloquer du contenu num\u00e9rique.<\/p>\n<\/li>\n<\/ul>","protected":false},"excerpt":{"rendered":"<ul>\n<li>\n<p data-path-to-node=\"9,0,0\"><b data-path-to-node=\"9,0,0\" data-index-in-node=\"0\">Technologie de curseur intelligent\u00a0:<\/b> Le mod\u00e8le standard est dot\u00e9 d&#039;une \u00e9tiquette en PVC durable abritant la puce RFID pour une lecture fiable.<\/p>\n<\/li>\n<li>\n<p data-path-to-node=\"9,1,0\"><b data-path-to-node=\"9,1,0\" data-index-in-node=\"0\">Option Premium disponible\u00a0:<\/b> Vous recherchez un style plus \u00e9pur\u00e9\u00a0? Renseignez-vous sur nos <b data-path-to-node=\"9,1,0\" data-index-in-node=\"68\">\u201c Chip-in-Band \u201d<\/b> solution o\u00f9 la puce est dissimul\u00e9e \u00e0 l&#039;int\u00e9rieur du tissu.<\/p>\n<\/li>\n<li>\n<p data-path-to-node=\"9,2,0\"><b data-path-to-node=\"9,2,0\" data-index-in-node=\"0\">Pr\u00eat pour le paiement sans esp\u00e8ces\u00a0:<\/b> Les puces int\u00e9gr\u00e9es (Mifare, NTAG) permettent des paiements rapides \u201c Tap &amp; Go \u201d et un contr\u00f4le d\u2019acc\u00e8s.<\/p>\n<\/li>\n<li>\n<p data-path-to-node=\"9,3,0\"><b data-path-to-node=\"9,3,0\" data-index-in-node=\"0\">Haute s\u00e9curit\u00e9 :<\/b> Des dents de verrouillage s\u00e9curis\u00e9es emp\u00eachent la fraude aux transferts et aux billets.<\/p>\n<\/li>\n<\/ul>","protected":false},"featured_media":5933,"comment_status":"closed","ping_status":"closed","template":"","meta":[],"product_brand":[],"product_cat":[47,81,88],"product_tag":[],"class_list":{"0":"post-4966","1":"product","2":"type-product","3":"status-publish","4":"has-post-thumbnail","6":"product_cat-fabric-wristbands","7":"product_cat-rfid","8":"product_cat-smart-wristbands","10":"first","11":"instock","12":"shipping-taxable","13":"purchasable","14":"product-type-simple"},"_links":{"self":[{"href":"https:\/\/displayproducts.eu\/fr\/wp-json\/wp\/v2\/product\/4966","targetHints":{"allow":["GET"]}}],"collection":[{"href":"https:\/\/displayproducts.eu\/fr\/wp-json\/wp\/v2\/product"}],"about":[{"href":"https:\/\/displayproducts.eu\/fr\/wp-json\/wp\/v2\/types\/product"}],"replies":[{"embeddable":true,"href":"https:\/\/displayproducts.eu\/fr\/wp-json\/wp\/v2\/comments?post=4966"}],"wp:featuredmedia":[{"embeddable":true,"href":"https:\/\/displayproducts.eu\/fr\/wp-json\/wp\/v2\/media\/5933"}],"wp:attachment":[{"href":"https:\/\/displayproducts.eu\/fr\/wp-json\/wp\/v2\/media?parent=4966"}],"wp:term":[{"taxonomy":"product_brand","embeddable":true,"href":"https:\/\/displayproducts.eu\/fr\/wp-json\/wp\/v2\/product_brand?post=4966"},{"taxonomy":"product_cat","embeddable":true,"href":"https:\/\/displayproducts.eu\/fr\/wp-json\/wp\/v2\/product_cat?post=4966"},{"taxonomy":"product_tag","embeddable":true,"href":"https:\/\/displayproducts.eu\/fr\/wp-json\/wp\/v2\/product_tag?post=4966"}],"curies":[{"name":"wp","href":"https:\/\/api.w.org\/{rel}","templated":true}]}}