{"id":4277,"date":"2025-06-05T15:54:38","date_gmt":"2025-06-05T12:54:38","guid":{"rendered":"https:\/\/wristbandfactory.eu\/?post_type=product&#038;p=4277"},"modified":"2026-04-01T21:52:35","modified_gmt":"2026-04-01T18:52:35","slug":"extra-large-reusable-event-cups-900ml","status":"publish","type":"product","link":"https:\/\/displayproducts.eu\/fr\/p\/extra-large-reusable-event-cups-900ml\/","title":{"rendered":"Gobelets r\u00e9utilisables extra-larges pour \u00e9v\u00e9nements (900 ml)"},"content":{"rendered":"<p data-path-to-node=\"8\">Quand un gobelet standard ne suffit pas, notre gobelet r\u00e9utilisable extra-large de 900 ml est la solution id\u00e9ale. Con\u00e7u sp\u00e9cialement pour les lieux o\u00f9 de grands volumes de boissons et une fr\u00e9quence de remplissage r\u00e9duite sont essentiels, ce gobelet est parfait pour les stades, les festivals en plein air et les campagnes de sant\u00e9 publique.<\/p>\n<p data-path-to-node=\"9\">Offrant une capacit\u00e9 nettement sup\u00e9rieure \u00e0 celle des gobelets standard de 500 ml, le mod\u00e8le Malsuk de 900 ml am\u00e9liore l&#039;efficacit\u00e9 du service et accro\u00eet le confort de l&#039;utilisateur.<\/p>\n<p data-path-to-node=\"10\">Fabriqu\u00e9 en polypropyl\u00e8ne (PP), un plastique souple et r\u00e9sistant, ce gobelet est con\u00e7u pour une utilisation fiable et durable. Certifi\u00e9 sans BPA, il pr\u00e9sente une finition semi-transparente et \u00e9pur\u00e9e.<\/p>\n<p data-path-to-node=\"11\">Cette tr\u00e8s grande capacit\u00e9 offre \u00e9galement une opportunit\u00e9 de personnalisation exceptionnelle. La tasse dispose d&#039;une large surface d&#039;impression de 270 x 70 mm, permettant d&#039;afficher votre logo ou votre message publicitaire en \u00e9vidence gr\u00e2ce \u00e0 une s\u00e9rigraphie une couleur.<\/p>\n<p data-path-to-node=\"12\"><b>Caract\u00e9ristiques principales :<\/b><\/p>\n<ul data-path-to-node=\"13\">\n<li>\n<p data-path-to-node=\"13,0,0\"><b>Capacit\u00e9 extra-large de 900 ml :<\/b> Id\u00e9al pour servir des boissons plus grandes et minimiser les recharges lors d&#039;\u00e9v\u00e9nements \u00e0 forte affluence.<\/p>\n<\/li>\n<li>\n<p data-path-to-node=\"13,1,0\"><b>Mat\u00e9riau durable et flexible :<\/b> Fabriqu\u00e9 en plastique PP durable et r\u00e9utilisable.<\/p>\n<\/li>\n<li>\n<p data-path-to-node=\"13,2,0\"><b>Sans danger pour la sant\u00e9 :<\/b> Certifi\u00e9 100% sans BPA.<\/p>\n<\/li>\n<li>\n<p data-path-to-node=\"13,3,0\"><b>Finition semi-transparente :<\/b> Offre un aspect \u00e9pur\u00e9 et moderne tout en laissant le contenu visible.<\/p>\n<\/li>\n<li>\n<p data-path-to-node=\"13,4,0\"><b>Zone d&#039;impression massive\u00a0:<\/b> Offre une surface de 270 x 70 mm pour une s\u00e9rigraphie monochrome \u00e0 fort impact.<\/p>\n<\/li>\n<\/ul>","protected":false},"excerpt":{"rendered":"<ul data-path-to-node=\"7\">\n<li>\n<p data-path-to-node=\"7,0,0\">Sa tr\u00e8s grande capacit\u00e9 de 900 ml r\u00e9duit la fr\u00e9quence de remplissage dans les grands espaces.<\/p>\n<\/li>\n<li>\n<p data-path-to-node=\"7,1,0\">Fabriqu\u00e9 en plastique PP souple, durable et sans BPA.<\/p>\n<\/li>\n<li>\n<p data-path-to-node=\"7,2,0\">Pr\u00e9sente une finition \u00e9pur\u00e9e et semi-transparente.<\/p>\n<\/li>\n<li>\n<p data-path-to-node=\"7,3,0\">Grande zone d&#039;impression de 270 x 70 mm pour la s\u00e9rigraphie 1 couleur.<\/p>\n<\/li>\n<\/ul>","protected":false},"featured_media":6493,"comment_status":"closed","ping_status":"closed","template":"","meta":[],"product_brand":[],"product_cat":[111],"product_tag":[],"class_list":{"0":"post-4277","1":"product","2":"type-product","3":"status-publish","4":"has-post-thumbnail","6":"product_cat-reusable-event-cups","8":"first","9":"instock","10":"shipping-taxable","11":"purchasable","12":"product-type-simple"},"_links":{"self":[{"href":"https:\/\/displayproducts.eu\/fr\/wp-json\/wp\/v2\/product\/4277","targetHints":{"allow":["GET"]}}],"collection":[{"href":"https:\/\/displayproducts.eu\/fr\/wp-json\/wp\/v2\/product"}],"about":[{"href":"https:\/\/displayproducts.eu\/fr\/wp-json\/wp\/v2\/types\/product"}],"replies":[{"embeddable":true,"href":"https:\/\/displayproducts.eu\/fr\/wp-json\/wp\/v2\/comments?post=4277"}],"wp:featuredmedia":[{"embeddable":true,"href":"https:\/\/displayproducts.eu\/fr\/wp-json\/wp\/v2\/media\/6493"}],"wp:attachment":[{"href":"https:\/\/displayproducts.eu\/fr\/wp-json\/wp\/v2\/media?parent=4277"}],"wp:term":[{"taxonomy":"product_brand","embeddable":true,"href":"https:\/\/displayproducts.eu\/fr\/wp-json\/wp\/v2\/product_brand?post=4277"},{"taxonomy":"product_cat","embeddable":true,"href":"https:\/\/displayproducts.eu\/fr\/wp-json\/wp\/v2\/product_cat?post=4277"},{"taxonomy":"product_tag","embeddable":true,"href":"https:\/\/displayproducts.eu\/fr\/wp-json\/wp\/v2\/product_tag?post=4277"}],"curies":[{"name":"wp","href":"https:\/\/api.w.org\/{rel}","templated":true}]}}