{"id":4271,"date":"2025-06-05T15:43:08","date_gmt":"2025-06-05T12:43:08","guid":{"rendered":"https:\/\/wristbandfactory.eu\/?post_type=product&#038;p=4271"},"modified":"2026-04-01T21:52:35","modified_gmt":"2026-04-01T18:52:35","slug":"reusable-event-cups-600ml","status":"publish","type":"product","link":"https:\/\/displayproducts.eu\/fr\/p\/reusable-event-cups-600ml\/","title":{"rendered":"Gobelets r\u00e9utilisables pour \u00e9v\u00e9nements (600 ml)"},"content":{"rendered":"<p data-path-to-node=\"8\">Optez pour une contenance sup\u00e9rieure \u00e0 celle du format standard de 500 ml avec notre gobelet r\u00e9utilisable de 600 ml. Ce gobelet est sp\u00e9cialement con\u00e7u pour les lieux \u00e0 forte affluence comme les festivals, les stades et les grands concerts, o\u00f9 la r\u00e9duction de la fr\u00e9quence de remplissage est essentielle pour optimiser le service et la satisfaction des visiteurs.<\/p>\n<p data-path-to-node=\"9\">Fabriqu\u00e9 en polypropyl\u00e8ne (PP), un plastique souple et r\u00e9sistant, ce gobelet arbore une finition semi-transparente \u00e9pur\u00e9e, id\u00e9ale pour tout type de marquage. Sa grande contenance offre un confort optimal aux participants d&#039;\u00e9v\u00e9nements ext\u00e9rieurs tr\u00e8s fr\u00e9quent\u00e9s.<\/p>\n<p data-path-to-node=\"10\">Ce gobelet est non seulement pratique, mais aussi un excellent outil de communication. Il offre une large surface d&#039;impression de 220 x 70 mm pour le logo de votre entreprise ou votre message publicitaire, gr\u00e2ce \u00e0 une s\u00e9rigraphie monochrome r\u00e9sistante. Le mat\u00e9riau est certifi\u00e9 sans BPA, garantissant ainsi une solution s\u00fbre et de haute qualit\u00e9 pour votre \u00e9v\u00e9nement.<\/p>\n<p data-path-to-node=\"11\"><b>Caract\u00e9ristiques principales :<\/b><\/p>\n<ul data-path-to-node=\"12\">\n<li>\n<p data-path-to-node=\"12,0,0\"><b>Capacit\u00e9 sup\u00e9rieure \u00e0 la norme de 600 ml :<\/b> Offre un volume plus important afin de r\u00e9duire la fr\u00e9quence de remplissage dans les lieux tr\u00e8s fr\u00e9quent\u00e9s.<\/p>\n<\/li>\n<li>\n<p data-path-to-node=\"12,1,0\"><b>Mat\u00e9riau durable et flexible :<\/b> Fabriqu\u00e9 en plastique PP r\u00e9utilisable et sans BPA.<\/p>\n<\/li>\n<li>\n<p data-path-to-node=\"12,2,0\"><b>Finition semi-transparente :<\/b> Offre une toile de fond \u00e9pur\u00e9e et moderne pour votre image de marque.<\/p>\n<\/li>\n<li>\n<p data-path-to-node=\"12,3,0\"><b>Grande zone d&#039;impression\u00a0:<\/b> Comporte une zone de 220 x 70 mm pour l&#039;impression s\u00e9rigraphique 1 couleur.<\/p>\n<\/li>\n<li>\n<p data-path-to-node=\"12,4,0\"><b>Solution \u00e9cologique :<\/b> Une alternative r\u00e9utilisable aux plastiques \u00e0 usage unique, id\u00e9ale pour la distribution \u00e0 grande \u00e9chelle.<\/p>\n<\/li>\n<\/ul>\n<p data-path-to-node=\"13\">","protected":false},"excerpt":{"rendered":"<ul>\n<li>\n<p data-path-to-node=\"7,0,0\">Dot\u00e9 d&#039;une capacit\u00e9 sup\u00e9rieure \u00e0 la norme de 600 ml, ce r\u00e9servoir permet de r\u00e9duire la fr\u00e9quence de remplissage.<\/p>\n<\/li>\n<li>\n<p data-path-to-node=\"7,1,0\">Fabriqu\u00e9 en plastique PP souple, durable et sans BPA.<\/p>\n<\/li>\n<li>\n<p data-path-to-node=\"7,2,0\">Sa finition moderne et semi-transparente lui conf\u00e8re un aspect \u00e9pur\u00e9.<\/p>\n<\/li>\n<li>\n<p data-path-to-node=\"7,3,0\">Grande zone d&#039;impression de 220 x 70 mm pour la s\u00e9rigraphie 1 couleur.<\/p>\n<\/li>\n<\/ul>","protected":false},"featured_media":6621,"comment_status":"closed","ping_status":"closed","template":"","meta":[],"product_brand":[],"product_cat":[111],"product_tag":[],"class_list":{"0":"post-4271","1":"product","2":"type-product","3":"status-publish","4":"has-post-thumbnail","6":"product_cat-reusable-event-cups","8":"first","9":"instock","10":"shipping-taxable","11":"purchasable","12":"product-type-simple"},"_links":{"self":[{"href":"https:\/\/displayproducts.eu\/fr\/wp-json\/wp\/v2\/product\/4271","targetHints":{"allow":["GET"]}}],"collection":[{"href":"https:\/\/displayproducts.eu\/fr\/wp-json\/wp\/v2\/product"}],"about":[{"href":"https:\/\/displayproducts.eu\/fr\/wp-json\/wp\/v2\/types\/product"}],"replies":[{"embeddable":true,"href":"https:\/\/displayproducts.eu\/fr\/wp-json\/wp\/v2\/comments?post=4271"}],"wp:featuredmedia":[{"embeddable":true,"href":"https:\/\/displayproducts.eu\/fr\/wp-json\/wp\/v2\/media\/6621"}],"wp:attachment":[{"href":"https:\/\/displayproducts.eu\/fr\/wp-json\/wp\/v2\/media?parent=4271"}],"wp:term":[{"taxonomy":"product_brand","embeddable":true,"href":"https:\/\/displayproducts.eu\/fr\/wp-json\/wp\/v2\/product_brand?post=4271"},{"taxonomy":"product_cat","embeddable":true,"href":"https:\/\/displayproducts.eu\/fr\/wp-json\/wp\/v2\/product_cat?post=4271"},{"taxonomy":"product_tag","embeddable":true,"href":"https:\/\/displayproducts.eu\/fr\/wp-json\/wp\/v2\/product_tag?post=4271"}],"curies":[{"name":"wp","href":"https:\/\/api.w.org\/{rel}","templated":true}]}}