{"id":4265,"date":"2025-06-05T15:20:53","date_gmt":"2025-06-05T12:20:53","guid":{"rendered":"https:\/\/wristbandfactory.eu\/?post_type=product&#038;p=4265"},"modified":"2026-04-01T21:52:04","modified_gmt":"2026-04-01T18:52:04","slug":"colored-reusable-event-cups-500ml","status":"publish","type":"product","link":"https:\/\/displayproducts.eu\/fr\/p\/colored-reusable-event-cups-500ml\/","title":{"rendered":"Gobelets r\u00e9utilisables color\u00e9s pour \u00e9v\u00e9nements (500 ml)"},"content":{"rendered":"<p data-path-to-node=\"7\">Faites rayonner votre marque lors des festivals, conf\u00e9rences et \u00e9v\u00e9nements promotionnels les plus fr\u00e9quent\u00e9s gr\u00e2ce \u00e0 nos gobelets r\u00e9utilisables color\u00e9s. Un gobelet aux couleurs vives assure une reconnaissance imm\u00e9diate de votre marque et constitue un outil sans impression et efficace pour une organisation optimale.<\/p>\n<p data-path-to-node=\"8\">Disponibles en six couleurs semi-transparentes attrayantes (dont le rouge, le bleu et le vert), ces gobelets sont parfaits pour affirmer votre identit\u00e9 visuelle ou pour une signal\u00e9tique pratique lors de votre \u00e9v\u00e9nement. Utilisez diff\u00e9rentes couleurs pour distinguer les zones d&#039;acc\u00e8s, les types de boissons (avec ou sans alcool) ou pour mettre en avant les diff\u00e9rents sponsors.<\/p>\n<p data-path-to-node=\"9\">Fabriqu\u00e9s en polypropyl\u00e8ne (PP) durable, flexible et l\u00e9ger, ces gobelets de 500 ml sont con\u00e7us pour une utilisation r\u00e9p\u00e9t\u00e9e. Ils constituent une alternative \u00e9conomique et \u00e9cologique aux plastiques \u00e0 usage unique. Chaque gobelet est certifi\u00e9 sans BPA, garantissant ainsi la s\u00e9curit\u00e9 de tous les participants.<\/p>\n<p data-path-to-node=\"10\">Personnalisez vos tasses avec une grande impression s\u00e9rigraphique monochrome (170 x 60 mm) pour y apposer votre logo, le message de votre campagne ou la marque de votre sponsor. Cette combinaison de couleurs vives et d&#039;impression personnalis\u00e9e cr\u00e9e un objet publicitaire m\u00e9morable et tr\u00e8s visible.<\/p>\n<p data-path-to-node=\"11\"><b>Caract\u00e9ristiques principales :<\/b><\/p>\n<ul data-path-to-node=\"12\">\n<li>\n<p data-path-to-node=\"12,0,0\"><b>Image de marque \u00e0 haute visibilit\u00e9 :<\/b> Disponible en 6 couleurs vives et semi-transparentes pour correspondre \u00e0 l&#039;identit\u00e9 de la marque.<\/p>\n<\/li>\n<li>\n<p data-path-to-node=\"12,1,0\"><b>Durable et r\u00e9utilisable :<\/b> Fabriqu\u00e9 en plastique PP flexible, l\u00e9ger et r\u00e9sistant aux chocs.<\/p>\n<\/li>\n<li>\n<p data-path-to-node=\"12,2,0\"><b>Mat\u00e9riau sans danger pour la sant\u00e9 :<\/b> 100% Sans BPA et adapt\u00e9 \u00e0 tous les participants \u00e0 l&#039;\u00e9v\u00e9nement.<\/p>\n<\/li>\n<li>\n<p data-path-to-node=\"12,3,0\"><b>Outil pratique pour les \u00e9v\u00e9nements\u00a0:<\/b> Id\u00e9al pour le codage couleur des zones, des sponsors ou des types de boissons.<\/p>\n<\/li>\n<li>\n<p data-path-to-node=\"12,4,0\"><b>Personnalisable :<\/b> Offre une large zone d&#039;impression de 170 x 60 mm pour la s\u00e9rigraphie 1 couleur.<\/p>\n<\/li>\n<li>\n<p data-path-to-node=\"12,5,0\"><b>Capacit\u00e9 standard de 500 ml :<\/b> Format id\u00e9al pour la bi\u00e8re, les boissons gazeuses et autres boissons \u00e9v\u00e9nementielles.<\/p>\n<\/li>\n<\/ul>","protected":false},"excerpt":{"rendered":"<ul>\n<li>\n<p data-path-to-node=\"6,0,0\">Augmentez la visibilit\u00e9 de votre marque gr\u00e2ce \u00e0 6 options de couleurs vives et semi-transparentes.<\/p>\n<\/li>\n<li>\n<p data-path-to-node=\"6,1,0\">Id\u00e9al pour le codage couleur des zones d&#039;acc\u00e8s, des types de boissons ou des zones des sponsors.<\/p>\n<\/li>\n<li>\n<p data-path-to-node=\"6,2,0\">Plastique PP durable, flexible et r\u00e9utilisable (sans BPA).<\/p>\n<\/li>\n<li>\n<p data-path-to-node=\"6,3,0\">Personnalisable avec une s\u00e9rigraphie 1 couleur (zone de 170 x 60 mm).<\/p>\n<\/li>\n<\/ul>","protected":false},"featured_media":6445,"comment_status":"closed","ping_status":"closed","template":"","meta":[],"product_brand":[],"product_cat":[111],"product_tag":[],"class_list":{"0":"post-4265","1":"product","2":"type-product","3":"status-publish","4":"has-post-thumbnail","6":"product_cat-reusable-event-cups","8":"first","9":"instock","10":"shipping-taxable","11":"purchasable","12":"product-type-simple"},"_links":{"self":[{"href":"https:\/\/displayproducts.eu\/fr\/wp-json\/wp\/v2\/product\/4265","targetHints":{"allow":["GET"]}}],"collection":[{"href":"https:\/\/displayproducts.eu\/fr\/wp-json\/wp\/v2\/product"}],"about":[{"href":"https:\/\/displayproducts.eu\/fr\/wp-json\/wp\/v2\/types\/product"}],"replies":[{"embeddable":true,"href":"https:\/\/displayproducts.eu\/fr\/wp-json\/wp\/v2\/comments?post=4265"}],"wp:featuredmedia":[{"embeddable":true,"href":"https:\/\/displayproducts.eu\/fr\/wp-json\/wp\/v2\/media\/6445"}],"wp:attachment":[{"href":"https:\/\/displayproducts.eu\/fr\/wp-json\/wp\/v2\/media?parent=4265"}],"wp:term":[{"taxonomy":"product_brand","embeddable":true,"href":"https:\/\/displayproducts.eu\/fr\/wp-json\/wp\/v2\/product_brand?post=4265"},{"taxonomy":"product_cat","embeddable":true,"href":"https:\/\/displayproducts.eu\/fr\/wp-json\/wp\/v2\/product_cat?post=4265"},{"taxonomy":"product_tag","embeddable":true,"href":"https:\/\/displayproducts.eu\/fr\/wp-json\/wp\/v2\/product_tag?post=4265"}],"curies":[{"name":"wp","href":"https:\/\/api.w.org\/{rel}","templated":true}]}}