{"id":4241,"date":"2025-06-05T15:07:14","date_gmt":"2025-06-05T12:07:14","guid":{"rendered":"https:\/\/wristbandfactory.eu\/?post_type=product&#038;p=4241"},"modified":"2026-04-01T21:52:36","modified_gmt":"2026-04-01T18:52:36","slug":"reusable-event-cups-with-lanyard-hook-500ml","status":"publish","type":"product","link":"https:\/\/displayproducts.eu\/fr\/p\/reusable-event-cups-with-lanyard-hook-500ml\/","title":{"rendered":"Gobelets r\u00e9utilisables pour \u00e9v\u00e9nements avec crochet pour cordon (500 ml)"},"content":{"rendered":"<p data-path-to-node=\"6\">Offrez un confort optimal lors de votre prochain festival, salon ou \u00e9v\u00e9nement en plein air gr\u00e2ce \u00e0 nos gobelets r\u00e9utilisables dot\u00e9s d&#039;un crochet pour cordon int\u00e9gr\u00e9. Ce gobelet de 500 ml est la solution id\u00e9ale pour les participants, leur permettant de garder les mains libres lorsqu&#039;ils se d\u00e9placent entre les stands, font du r\u00e9seautage ou utilisent les installations.<\/p>\n<p data-path-to-node=\"7\">Ce crochet innovant est compatible avec les cordons standard, am\u00e9liorant consid\u00e9rablement l&#039;hygi\u00e8ne et le confort des invit\u00e9s. C&#039;est une solution pratique et astucieuse pour tout \u00e9v\u00e9nement de grande envergure o\u00f9 les participants doivent garder les mains libres.<\/p>\n<p data-path-to-node=\"8\">Fabriqu\u00e9s en Espagne, ces gobelets sont con\u00e7us pour une utilisation r\u00e9p\u00e9t\u00e9e. Ils sont fabriqu\u00e9s en plastique PP semi-transparent, durable et l\u00e9ger (21 g), certifi\u00e9 100% sans BPA. Compatibles micro-ondes et lave-vaisselle, ils garantissent un nettoyage facile et hygi\u00e9nique, et constituent un investissement durable pour votre entreprise. Leur capacit\u00e9 totale de 500 ml (dont 450 ml utiles) est id\u00e9ale pour servir des boissons standard tout en limitant les risques de renversement.<\/p>\n<p data-path-to-node=\"9\">Mettez en valeur votre marque ou vos sponsors gr\u00e2ce \u00e0 une impression s\u00e9rigraphique rotative grand format \u00e0 fort impact. La large zone d&#039;impression de 200 x 65 mm offre une excellente visibilit\u00e9 pour votre logo monochrome ou votre identit\u00e9 visuelle \u00e9v\u00e9nementielle.<\/p>\n<p data-path-to-node=\"10\"><b>Caract\u00e9ristiques principales :<\/b><\/p>\n<ul data-path-to-node=\"11\">\n<li>\n<p data-path-to-node=\"11,0,0\"><b>Crochet pour cordon int\u00e9gr\u00e9\u00a0:<\/b> Offre une utilisation mains libres aux participants ; compatible avec les cordons de cou standard.<\/p>\n<\/li>\n<li>\n<p data-path-to-node=\"11,1,0\"><b>Mat\u00e9riau durable et s\u00fbr :<\/b> Fabriqu\u00e9 en Espagne \u00e0 partir de plastique PP semi-transparent ; 100% sans BPA.<\/p>\n<\/li>\n<li>\n<p data-path-to-node=\"11,2,0\"><b>Hygi\u00e9nique et r\u00e9utilisable :<\/b> Enti\u00e8rement compatible avec le lave-vaisselle et le micro-ondes pour un nettoyage facile et une utilisation prolong\u00e9e lors d&#039;\u00e9v\u00e9nements.<\/p>\n<\/li>\n<li>\n<p data-path-to-node=\"11,3,0\"><b>L\u00e9ger et robuste :<\/b> Il ne p\u00e8se que 21 grammes, ce qui le rend id\u00e9al pour une distribution \u00e0 grande \u00e9chelle.<\/p>\n<\/li>\n<li>\n<p data-path-to-node=\"11,4,0\"><b>Grande zone d&#039;impression\u00a0:<\/b> Offre une zone d&#039;impression rotative monochrome de 200 x 65 mm.<\/p>\n<\/li>\n<li>\n<p data-path-to-node=\"11,5,0\"><b>Capacit\u00e9 pratique :<\/b> Le volume total de 500 ml (450 ml utilisables) est con\u00e7u pour \u00e9viter tout d\u00e9bordement.<\/p>\n<\/li>\n<\/ul>","protected":false},"excerpt":{"rendered":"<ul>\n<li>\n<p data-path-to-node=\"5,0,0\">Il est dot\u00e9 d&#039;un crochet int\u00e9gr\u00e9 pour les cordons de cou \u2013 id\u00e9al pour une utilisation mains libres.<\/p>\n<\/li>\n<li>\n<p data-path-to-node=\"5,1,0\">Plastique PP durable, l\u00e9ger (21 g) et semi-transparent (sans BPA).<\/p>\n<\/li>\n<li>\n<p data-path-to-node=\"5,2,0\">Enti\u00e8rement compatible avec le lave-vaisselle et le micro-ondes pour une r\u00e9utilisation hygi\u00e9nique et durable.<\/p>\n<\/li>\n<li>\n<p data-path-to-node=\"5,3,0\">Grande zone d&#039;impression de 200 x 65 mm pour la s\u00e9rigraphie rotative 1 couleur.<\/p>\n<\/li>\n<\/ul>","protected":false},"featured_media":6628,"comment_status":"closed","ping_status":"closed","template":"","meta":[],"product_brand":[],"product_cat":[111],"product_tag":[],"class_list":{"0":"post-4241","1":"product","2":"type-product","3":"status-publish","4":"has-post-thumbnail","6":"product_cat-reusable-event-cups","8":"first","9":"instock","10":"shipping-taxable","11":"purchasable","12":"product-type-simple"},"_links":{"self":[{"href":"https:\/\/displayproducts.eu\/fr\/wp-json\/wp\/v2\/product\/4241","targetHints":{"allow":["GET"]}}],"collection":[{"href":"https:\/\/displayproducts.eu\/fr\/wp-json\/wp\/v2\/product"}],"about":[{"href":"https:\/\/displayproducts.eu\/fr\/wp-json\/wp\/v2\/types\/product"}],"replies":[{"embeddable":true,"href":"https:\/\/displayproducts.eu\/fr\/wp-json\/wp\/v2\/comments?post=4241"}],"wp:featuredmedia":[{"embeddable":true,"href":"https:\/\/displayproducts.eu\/fr\/wp-json\/wp\/v2\/media\/6628"}],"wp:attachment":[{"href":"https:\/\/displayproducts.eu\/fr\/wp-json\/wp\/v2\/media?parent=4241"}],"wp:term":[{"taxonomy":"product_brand","embeddable":true,"href":"https:\/\/displayproducts.eu\/fr\/wp-json\/wp\/v2\/product_brand?post=4241"},{"taxonomy":"product_cat","embeddable":true,"href":"https:\/\/displayproducts.eu\/fr\/wp-json\/wp\/v2\/product_cat?post=4241"},{"taxonomy":"product_tag","embeddable":true,"href":"https:\/\/displayproducts.eu\/fr\/wp-json\/wp\/v2\/product_tag?post=4241"}],"curies":[{"name":"wp","href":"https:\/\/api.w.org\/{rel}","templated":true}]}}